{"id":757,"date":"2023-06-23T15:00:04","date_gmt":"2023-06-23T13:00:04","guid":{"rendered":"https:\/\/preprod.murailles.ch\/accueil\/"},"modified":"2023-09-26T10:41:07","modified_gmt":"2023-09-26T08:41:07","slug":"accueil","status":"publish","type":"page","link":"https:\/\/preprod.murailles.ch\/de\/","title":{"rendered":"Murailles Weine"},"content":{"rendered":"\n\n<section class=\"gut-block gut-hero-home\" >\n            <div class=\"illus\">\n            <img loading=\"lazy\" decoding=\"async\" width=\"640\" height=\"343\" src=\"https:\/\/preprod.murailles.ch\/wp-content\/uploads\/2023\/06\/hero-home-illus.svg\" class=\"attachment-large size-large\" alt=\"\" \/>        <\/div>\n    \n    <div class=\"wrap\">\n        <div class=\"content\">\n                            <h1 class=\"logo\">\n                    <img loading=\"lazy\" decoding=\"async\" width=\"640\" height=\"419\" src=\"https:\/\/preprod.murailles.ch\/wp-content\/uploads\/2023\/09\/Vin-Murailles-Henri-Badoux-1024x670.png\" class=\"attachment-large size-large\" alt=\"Vin Murailles Henri Badoux\" srcset=\"https:\/\/preprod.murailles.ch\/wp-content\/uploads\/2023\/09\/Vin-Murailles-Henri-Badoux-1024x670.png 1024w, https:\/\/preprod.murailles.ch\/wp-content\/uploads\/2023\/09\/Vin-Murailles-Henri-Badoux-300x196.png 300w, https:\/\/preprod.murailles.ch\/wp-content\/uploads\/2023\/09\/Vin-Murailles-Henri-Badoux-768x503.png 768w, https:\/\/preprod.murailles.ch\/wp-content\/uploads\/2023\/09\/Vin-Murailles-Henri-Badoux-1536x1005.png 1536w, https:\/\/preprod.murailles.ch\/wp-content\/uploads\/2023\/09\/Vin-Murailles-Henri-Badoux.png 2048w, https:\/\/preprod.murailles.ch\/wp-content\/uploads\/2023\/09\/Vin-Murailles-Henri-Badoux-1650x1080.png 1650w\" sizes=\"(max-width: 640px) 100vw, 640px\" \/>                <\/h1>\n            \n                            <div class=\"block-intro wysiwyg-content\">\n                    <p>Lebhaft und leicht rankt sich der ber\u00fchmte Wein im waadtl\u00e4ndischen Chablais am historischen Weinberg mit Terrassen aus Steinmauern empor. Mit Eleganz, fruchtigem Charakter und subtiler Mineralit\u00e4t \u00fcberwindet der Wein Les Murailles die Schweizer Grenzen, um alle zu verf\u00fchren<\/p>\n                <\/div>\n            \n                            <div class=\"cta-container\">\n                    <a href=\"https:\/\/preprod.murailles.ch\/de\/notre-marque\/\" target=\"_self\" class=\"btn\">Unsere Marke<\/a>\n                <\/div>\n            \n                            <div class=\"bouteille\">\n                    <img loading=\"lazy\" decoding=\"async\" width=\"321\" height=\"764\" src=\"https:\/\/preprod.murailles.ch\/wp-content\/uploads\/2023\/06\/bouteille-1.png\" class=\"attachment-large size-large\" alt=\"Bouteille de vin blanc Aigle les Murailles de la Maison Henri Badoux \u00e0 Aigle\" srcset=\"https:\/\/preprod.murailles.ch\/wp-content\/uploads\/2023\/06\/bouteille-1.png 321w, https:\/\/preprod.murailles.ch\/wp-content\/uploads\/2023\/06\/bouteille-1-126x300.png 126w\" sizes=\"(max-width: 321px) 100vw, 321px\" \/>                <\/div>\n                    <\/div>\n    <\/div>\n<\/section>\n\n\n\n\n<section class=\"gut-block gut-produits bg-color-none\" >\n    <div class=\"wrap\">\n                    <div class=\"block-header\">\n                                    <h2 class=\"block-title title-h2\">\n                        Unsere Weine                    <\/h2>\n                \n                            <\/div>\n                \n        <div class=\"container\">\n                            \n\n<article class=\"preview-vin post-757 page type-page status-publish hentry\">\n\t\t\t<a href=\"https:\/\/preprod.murailles.ch\/nos-vins\/vin-murailles-rouge-henri-badoux\/\" class=\"preview-img\">\n\t\t\t<img loading=\"lazy\" decoding=\"async\" width=\"283\" height=\"846\" src=\"https:\/\/preprod.murailles.ch\/wp-content\/uploads\/2023\/07\/Vin-Murailles-Rouge-Henri-Badoux-Aigle-Suisse.png\" class=\"attachment-large size-large\" alt=\"Bouteille de vin rouge Murailles Chablais AOC Henri Badoux Suisse\" srcset=\"https:\/\/preprod.murailles.ch\/wp-content\/uploads\/2023\/07\/Vin-Murailles-Rouge-Henri-Badoux-Aigle-Suisse.png 283w, https:\/\/preprod.murailles.ch\/wp-content\/uploads\/2023\/07\/Vin-Murailles-Rouge-Henri-Badoux-Aigle-Suisse-100x300.png 100w\" sizes=\"(max-width: 283px) 100vw, 283px\" \/>\t\t<\/a>\n\t\n\t<div class=\"preview-content\">\n\t\t<h3 class=\"preview-title title-h4\"><a href=\"https:\/\/preprod.murailles.ch\/nos-vins\/vin-murailles-rouge-henri-badoux\/\">Murailles Rouge<\/a><\/h3>\n\n\t\t\t\t\t<p class=\"preview-category\">Vin rouge<\/p>\n\t\t\n\t\t<div class=\"preview-cta\">\n\t\t\t<a href=\"https:\/\/preprod.murailles.ch\/nos-vins\/vin-murailles-rouge-henri-badoux\/\" class=\"link\">Entdecken<\/a>\n\t\t<\/div>\n\t<\/div>\n<\/article>\n                            \n\n<article class=\"preview-vin post-757 page type-page status-publish hentry\">\n\t\t\t<a href=\"https:\/\/preprod.murailles.ch\/nos-vins\/vin-aigle-murailles-blanc\/\" class=\"preview-img\">\n\t\t\t<img loading=\"lazy\" decoding=\"async\" width=\"321\" height=\"764\" src=\"https:\/\/preprod.murailles.ch\/wp-content\/uploads\/2023\/06\/bouteille-1.png\" class=\"attachment-large size-large\" alt=\"Bouteille de vin blanc Aigle les Murailles de la Maison Henri Badoux \u00e0 Aigle\" srcset=\"https:\/\/preprod.murailles.ch\/wp-content\/uploads\/2023\/06\/bouteille-1.png 321w, https:\/\/preprod.murailles.ch\/wp-content\/uploads\/2023\/06\/bouteille-1-126x300.png 126w\" sizes=\"(max-width: 321px) 100vw, 321px\" \/>\t\t<\/a>\n\t\n\t<div class=\"preview-content\">\n\t\t<h3 class=\"preview-title title-h4\"><a href=\"https:\/\/preprod.murailles.ch\/nos-vins\/vin-aigle-murailles-blanc\/\">Aigle les Murailles<\/a><\/h3>\n\n\t\t\t\t\t<p class=\"preview-category\">Vin blanc<\/p>\n\t\t\n\t\t<div class=\"preview-cta\">\n\t\t\t<a href=\"https:\/\/preprod.murailles.ch\/nos-vins\/vin-aigle-murailles-blanc\/\" class=\"link\">Entdecken<\/a>\n\t\t<\/div>\n\t<\/div>\n<\/article>\n                            \n\n<article class=\"preview-vin post-757 page type-page status-publish hentry\">\n\t\t\t<a href=\"https:\/\/preprod.murailles.ch\/nos-vins\/vin-murailles-rose\/\" class=\"preview-img\">\n\t\t\t<img loading=\"lazy\" decoding=\"async\" width=\"283\" height=\"846\" src=\"https:\/\/preprod.murailles.ch\/wp-content\/uploads\/2023\/07\/Vin-Murailles-Rose-Henri-Badoux-Aigle-Suisse.png\" class=\"attachment-large size-large\" alt=\"Vin Murailles Ros\u00e9 Henri Badoux Aigle Suisse\" srcset=\"https:\/\/preprod.murailles.ch\/wp-content\/uploads\/2023\/07\/Vin-Murailles-Rose-Henri-Badoux-Aigle-Suisse.png 283w, https:\/\/preprod.murailles.ch\/wp-content\/uploads\/2023\/07\/Vin-Murailles-Rose-Henri-Badoux-Aigle-Suisse-100x300.png 100w\" sizes=\"(max-width: 283px) 100vw, 283px\" \/>\t\t<\/a>\n\t\n\t<div class=\"preview-content\">\n\t\t<h3 class=\"preview-title title-h4\"><a href=\"https:\/\/preprod.murailles.ch\/nos-vins\/vin-murailles-rose\/\">Murailles Ros\u00e9<\/a><\/h3>\n\n\t\t\t\t\t<p class=\"preview-category\">Vin ros\u00e9<\/p>\n\t\t\n\t\t<div class=\"preview-cta\">\n\t\t\t<a href=\"https:\/\/preprod.murailles.ch\/nos-vins\/vin-murailles-rose\/\" class=\"link\">Entdecken<\/a>\n\t\t<\/div>\n\t<\/div>\n<\/article>\n                            \n\n<article class=\"preview-vin post-757 page type-page status-publish hentry\">\n\t\t\t<a href=\"https:\/\/preprod.murailles.ch\/nos-vins\/vin-murailles-brut\/\" class=\"preview-img\">\n\t\t\t<img loading=\"lazy\" decoding=\"async\" width=\"283\" height=\"846\" src=\"https:\/\/preprod.murailles.ch\/wp-content\/uploads\/2023\/07\/Vin-Murailles-Brut-Henri-Badoux-Aigle-Suisse.png\" class=\"attachment-large size-large\" alt=\"Bouteille de vin mousseux suisse, Murailles Brut, de la Maison Henri Badoux \u00e0 Aigle.\" srcset=\"https:\/\/preprod.murailles.ch\/wp-content\/uploads\/2023\/07\/Vin-Murailles-Brut-Henri-Badoux-Aigle-Suisse.png 283w, https:\/\/preprod.murailles.ch\/wp-content\/uploads\/2023\/07\/Vin-Murailles-Brut-Henri-Badoux-Aigle-Suisse-100x300.png 100w\" sizes=\"(max-width: 283px) 100vw, 283px\" \/>\t\t<\/a>\n\t\n\t<div class=\"preview-content\">\n\t\t<h3 class=\"preview-title title-h4\"><a href=\"https:\/\/preprod.murailles.ch\/nos-vins\/vin-murailles-brut\/\">Murailles Brut<\/a><\/h3>\n\n\t\t\t\t\t<p class=\"preview-category\">Vin mousseux<\/p>\n\t\t\n\t\t<div class=\"preview-cta\">\n\t\t\t<a href=\"https:\/\/preprod.murailles.ch\/nos-vins\/vin-murailles-brut\/\" class=\"link\">Entdecken<\/a>\n\t\t<\/div>\n\t<\/div>\n<\/article>\n                            \n\n<article class=\"preview-vin post-757 page type-page status-publish hentry\">\n\t\t\t<a href=\"https:\/\/preprod.murailles.ch\/nos-vins\/vin-murailles-brut-rose\/\" class=\"preview-img\">\n\t\t\t<img loading=\"lazy\" decoding=\"async\" width=\"283\" height=\"846\" src=\"https:\/\/preprod.murailles.ch\/wp-content\/uploads\/2023\/07\/Vin-Murailles-Rose-Brut-Henri-Badoux-Aigle-Suisse.png\" class=\"attachment-large size-large\" alt=\"Bouteille de vin mousseux suisse Murailles Ros\u00e9 Brut, de la Maison Henri Badoux \u00e0 Aigle.\" srcset=\"https:\/\/preprod.murailles.ch\/wp-content\/uploads\/2023\/07\/Vin-Murailles-Rose-Brut-Henri-Badoux-Aigle-Suisse.png 283w, https:\/\/preprod.murailles.ch\/wp-content\/uploads\/2023\/07\/Vin-Murailles-Rose-Brut-Henri-Badoux-Aigle-Suisse-100x300.png 100w\" sizes=\"(max-width: 283px) 100vw, 283px\" \/>\t\t<\/a>\n\t\n\t<div class=\"preview-content\">\n\t\t<h3 class=\"preview-title title-h4\"><a href=\"https:\/\/preprod.murailles.ch\/nos-vins\/vin-murailles-brut-rose\/\">Murailles Brut Ros\u00e9<\/a><\/h3>\n\n\t\t\t\t\t<p class=\"preview-category\">Vin mousseux<\/p>\n\t\t\n\t\t<div class=\"preview-cta\">\n\t\t\t<a href=\"https:\/\/preprod.murailles.ch\/nos-vins\/vin-murailles-brut-rose\/\" class=\"link\">Entdecken<\/a>\n\t\t<\/div>\n\t<\/div>\n<\/article>\n                    <\/div>\n    <\/div>\n<\/section>\n\n\n\n<section class=\"gut-block gut-contenu-1-3-2-3 bg-color-vert\" >\n            <div class=\"img\">\n            <img loading=\"lazy\" decoding=\"async\" width=\"800\" height=\"600\" src=\"https:\/\/preprod.murailles.ch\/wp-content\/uploads\/2023\/08\/murailles-rouge-vin-henri-badoux-accord-mets-vins-chasse.png\" class=\"attachment-banner size-banner\" alt=\"Assiette de viande de gibier, plats de chasse avec un verre de vin rouge Murailles de la Maison Henri Badoux.\" srcset=\"https:\/\/preprod.murailles.ch\/wp-content\/uploads\/2023\/08\/murailles-rouge-vin-henri-badoux-accord-mets-vins-chasse.png 800w, https:\/\/preprod.murailles.ch\/wp-content\/uploads\/2023\/08\/murailles-rouge-vin-henri-badoux-accord-mets-vins-chasse-300x225.png 300w, https:\/\/preprod.murailles.ch\/wp-content\/uploads\/2023\/08\/murailles-rouge-vin-henri-badoux-accord-mets-vins-chasse-768x576.png 768w\" sizes=\"(max-width: 800px) 100vw, 800px\" \/>        <\/div>\n    \n    <div class=\"content\">\n                    <h2 class=\"block-title title-h2\">\n                Speisen &amp; Weine            <\/h2>\n        \n                    <div class=\"block-texte wysiwyg-content light\">\n                <h4><span style=\"color: #b2bd3e\">Der Murailles Rot als exzellenter Begleiter zu Wildgerichten<\/span><\/h4>\n<p>Sp\u00e4tzli, Rotkraut, Waldpilze oder Preiselbeerkonfit\u00fcre lassen einen an herbstliche Genussmomente denken. Bei einem Essen mit k\u00f6stlichem Wild kommen alle Gourmets ins Schw\u00e4rmen.<\/p>\n<p>Die den Charakter des Murailles Rot pr\u00e4genden Rebsorten sind ideale Begleiter zu Reh- oder Hirschfleisch. Die Pinot Noir-Trauben verleihen dem Wein eine sch\u00f6ne Struktur und machen ihn zu einem kraftvollen Cru, der den Wildgeschmack delikat unterstreicht. Der Murailles Rot verfeinert auch jede Speise, wenn man ihn zur Saucenzubereitung verwendet. Noten von schwarzem Pfeffer und schwarzer Johannisbeere verleihen dem Fleisch ein k\u00f6stliches Aroma.<\/p>\n<p>&nbsp;<\/p>\n            <\/div>\n        \n        \n        <img decoding=\"async\" src=\"https:\/\/preprod.murailles.ch\/wp-content\/themes\/murailles\/images\/lezard-olive.png\" alt=\"\" class=\"illus\">\n    <\/div>\n<\/section>\n\n\n\n<section class=\"gut-block gut-actualites bg-color-none\" >\n    <div class=\"wrap\">\n                    <h2 class=\"block-title title-h2\">\n                News            <\/h2>\n        \n        <div class=\"posts-list\">\n                        \n                \n\n<article class=\"preview-post post-2732 post type-post status-publish format-standard has-post-thumbnail hentry category-speisen-weine\">\n\t<a href=\"https:\/\/preprod.murailles.ch\/de\/actualites-evenements\/accord-mets-vins-chasse-2\/\" class=\"preview-img\">\n\t\t<img loading=\"lazy\" decoding=\"async\" width=\"640\" height=\"355\" src=\"https:\/\/preprod.murailles.ch\/wp-content\/uploads\/2023\/08\/henri-badoux-vin-rouge-menu-chasse-gibier-1-1024x568.jpg\" class=\"attachment-large size-large\" alt=\"Plat de chasse, viande de gibier et vin Murailles Rouge de la Maison Henri Badoux.\" srcset=\"https:\/\/preprod.murailles.ch\/wp-content\/uploads\/2023\/08\/henri-badoux-vin-rouge-menu-chasse-gibier-1-1024x568.jpg 1024w, https:\/\/preprod.murailles.ch\/wp-content\/uploads\/2023\/08\/henri-badoux-vin-rouge-menu-chasse-gibier-1-300x166.jpg 300w, https:\/\/preprod.murailles.ch\/wp-content\/uploads\/2023\/08\/henri-badoux-vin-rouge-menu-chasse-gibier-1-768x426.jpg 768w, https:\/\/preprod.murailles.ch\/wp-content\/uploads\/2023\/08\/henri-badoux-vin-rouge-menu-chasse-gibier-1.jpg 1400w\" sizes=\"(max-width: 640px) 100vw, 640px\" \/>\t<\/a>\n\n\t\t\n\t<h3 class=\"preview-title\"><a href=\"https:\/\/preprod.murailles.ch\/de\/actualites-evenements\/accord-mets-vins-chasse-2\/\">Der ideale Wein f\u00fcr Ihr Wildgericht<\/a><\/h3>\n\n\t\n\t<div class=\"preview-cta\">\n\t\t<a href=\"https:\/\/preprod.murailles.ch\/de\/actualites-evenements\/accord-mets-vins-chasse-2\/\" class=\"btn btn-small btn-stroke\">Artikel lesen<\/a>\n\t<\/div>\n<\/article>\n\n\n<article class=\"preview-post post-2153 post type-post status-publish format-standard has-post-thumbnail hentry category-speisen-weine\">\n\t<a href=\"https:\/\/preprod.murailles.ch\/de\/actualites-evenements\/accord-mets-vins-chasse\/\" class=\"preview-img\">\n\t\t<img loading=\"lazy\" decoding=\"async\" width=\"640\" height=\"355\" src=\"https:\/\/preprod.murailles.ch\/wp-content\/uploads\/2023\/08\/henri-badoux-vin-rouge-menu-chasse-gibier-1-1024x568.jpg\" class=\"attachment-large size-large\" alt=\"Plat de chasse, viande de gibier et vin Murailles Rouge de la Maison Henri Badoux.\" srcset=\"https:\/\/preprod.murailles.ch\/wp-content\/uploads\/2023\/08\/henri-badoux-vin-rouge-menu-chasse-gibier-1-1024x568.jpg 1024w, https:\/\/preprod.murailles.ch\/wp-content\/uploads\/2023\/08\/henri-badoux-vin-rouge-menu-chasse-gibier-1-300x166.jpg 300w, https:\/\/preprod.murailles.ch\/wp-content\/uploads\/2023\/08\/henri-badoux-vin-rouge-menu-chasse-gibier-1-768x426.jpg 768w, https:\/\/preprod.murailles.ch\/wp-content\/uploads\/2023\/08\/henri-badoux-vin-rouge-menu-chasse-gibier-1.jpg 1400w\" sizes=\"(max-width: 640px) 100vw, 640px\" \/>\t<\/a>\n\n\t\t\n\t<h3 class=\"preview-title\"><a href=\"https:\/\/preprod.murailles.ch\/de\/actualites-evenements\/accord-mets-vins-chasse\/\">Der ideale Wein f\u00fcr Ihr Wildgericht<\/a><\/h3>\n\n\t\n\t<div class=\"preview-cta\">\n\t\t<a href=\"https:\/\/preprod.murailles.ch\/de\/actualites-evenements\/accord-mets-vins-chasse\/\" class=\"btn btn-small btn-stroke\">Artikel lesen<\/a>\n\t<\/div>\n<\/article>\n\n\n<article class=\"preview-post post-1635 post type-post status-publish format-standard has-post-thumbnail hentry category-leben-im-keller\">\n\t<a href=\"https:\/\/preprod.murailles.ch\/de\/actualites-evenements\/vendanges-murailles\/\" class=\"preview-img\">\n\t\t<img loading=\"lazy\" decoding=\"async\" width=\"640\" height=\"426\" src=\"https:\/\/preprod.murailles.ch\/wp-content\/uploads\/2023\/08\/vignoble-murailles-henri-badoux-aigle-climat.jpg\" class=\"attachment-large size-large\" alt=\"Vendangeurs dans le vignoble du Clos des Murailles \u00e0 Aigle, propri\u00e9t\u00e9 de la Maison Henri Badoux.\" srcset=\"https:\/\/preprod.murailles.ch\/wp-content\/uploads\/2023\/08\/vignoble-murailles-henri-badoux-aigle-climat.jpg 800w, https:\/\/preprod.murailles.ch\/wp-content\/uploads\/2023\/08\/vignoble-murailles-henri-badoux-aigle-climat-300x200.jpg 300w, https:\/\/preprod.murailles.ch\/wp-content\/uploads\/2023\/08\/vignoble-murailles-henri-badoux-aigle-climat-768x512.jpg 768w\" sizes=\"(max-width: 640px) 100vw, 640px\" \/>\t<\/a>\n\n\t\t\n\t<h3 class=\"preview-title\"><a href=\"https:\/\/preprod.murailles.ch\/de\/actualites-evenements\/vendanges-murailles\/\">Auf geht&#8217;s zur Weinlese<\/a><\/h3>\n\n\t\n\t<div class=\"preview-cta\">\n\t\t<a href=\"https:\/\/preprod.murailles.ch\/de\/actualites-evenements\/vendanges-murailles\/\" class=\"btn btn-small btn-stroke\">Artikel lesen<\/a>\n\t<\/div>\n<\/article>\n\n                    <\/div>\n\n                    <div class=\"cta-container\">\n                <a href=\"https:\/\/preprod.murailles.ch\/de\/actualites\/\" target=\"_self\" class=\"link\">Alle news<\/a>\n            <\/div>\n            <\/div>\n<\/section>\n\n\n\n<section class=\"gut-block gut-instagram bg-color-none\" >\n    <div class=\"wrap\">\n                    < class=\"block-title title-h2\">\n                Bloc Instagram            <\/>\n        \n        \t\t<div id=\"sbi_mod_error\" >\n\t\t\t<span>Diese Fehlermeldung ist nur f\u00fcr WordPress-Administratoren sichtbar<\/span><br\/>\n\t\t\t<p><strong>Fehler: Kein Feed mit der ID 2 gefunden.<\/strong>\n\t\t\t<p>Bitte geh zur Instagram-Feed-Einstellungsseite, um einen Feed zu erstellen.<\/p>\n\t\t<\/div>\n\t\t\n                    <div class=\"cta-container\">\n                <a href=\"https:\/\/www.instagram.com\/murailles.vins\/\" target=\"_blank\" class=\"btn btn-stroke\"><span class=\"icon icon-instagram\" aria-hidden=\"true\"><\/span> Follow us<\/a>\n            <\/div>\n            <\/div>\n\n    <img decoding=\"async\" src=\"https:\/\/preprod.murailles.ch\/wp-content\/themes\/murailles\/images\/instagram-bg.png\" alt=\"\" class=\"illus\">\n<\/section>","protected":false},"excerpt":{"rendered":"","protected":false},"author":1,"featured_media":0,"parent":0,"menu_order":0,"comment_status":"closed","ping_status":"closed","template":"","meta":{"_acf_changed":false,"inline_featured_image":false,"footnotes":""},"acf":[],"yoast_head":"<!-- This site is optimized with the Yoast SEO plugin v24.5 - https:\/\/yoast.com\/wordpress\/plugins\/seo\/ -->\n<title>Murailles Weine - Murailles<\/title>\n<meta name=\"robots\" content=\"noindex, follow, max-snippet:-1, max-image-preview:large, max-video-preview:-1\" \/>\n<meta property=\"og:locale\" content=\"de_DE\" \/>\n<meta property=\"og:type\" content=\"article\" \/>\n<meta property=\"og:title\" content=\"Murailles Weine - Murailles\" \/>\n<meta property=\"og:url\" content=\"https:\/\/preprod.murailles.ch\/de\/\" \/>\n<meta property=\"og:site_name\" content=\"Murailles\" \/>\n<meta property=\"article:modified_time\" content=\"2023-09-26T08:41:07+00:00\" \/>\n<meta name=\"twitter:card\" content=\"summary_large_image\" \/>\n<script type=\"application\/ld+json\" class=\"yoast-schema-graph\">{\"@context\":\"https:\/\/schema.org\",\"@graph\":[{\"@type\":\"WebPage\",\"@id\":\"https:\/\/preprod.murailles.ch\/de\/\",\"url\":\"https:\/\/preprod.murailles.ch\/de\/\",\"name\":\"Murailles Weine - Murailles\",\"isPartOf\":{\"@id\":\"https:\/\/preprod.murailles.ch\/de\/#website\"},\"datePublished\":\"2023-06-23T13:00:04+00:00\",\"dateModified\":\"2023-09-26T08:41:07+00:00\",\"breadcrumb\":{\"@id\":\"https:\/\/preprod.murailles.ch\/de\/#breadcrumb\"},\"inLanguage\":\"de\",\"potentialAction\":[{\"@type\":\"ReadAction\",\"target\":[\"https:\/\/preprod.murailles.ch\/de\/\"]}]},{\"@type\":\"BreadcrumbList\",\"@id\":\"https:\/\/preprod.murailles.ch\/de\/#breadcrumb\",\"itemListElement\":[{\"@type\":\"ListItem\",\"position\":1,\"name\":\"Accueil\",\"item\":\"https:\/\/preprod.murailles.ch\/de\/\"},{\"@type\":\"ListItem\",\"position\":2,\"name\":\"Murailles Weine\"}]},{\"@type\":\"WebSite\",\"@id\":\"https:\/\/preprod.murailles.ch\/de\/#website\",\"url\":\"https:\/\/preprod.murailles.ch\/de\/\",\"name\":\"Murailles\",\"description\":\"\",\"publisher\":{\"@id\":\"https:\/\/preprod.murailles.ch\/de\/#organization\"},\"potentialAction\":[{\"@type\":\"SearchAction\",\"target\":{\"@type\":\"EntryPoint\",\"urlTemplate\":\"https:\/\/preprod.murailles.ch\/de\/?s={search_term_string}\"},\"query-input\":{\"@type\":\"PropertyValueSpecification\",\"valueRequired\":true,\"valueName\":\"search_term_string\"}}],\"inLanguage\":\"de\"},{\"@type\":\"Organization\",\"@id\":\"https:\/\/preprod.murailles.ch\/de\/#organization\",\"name\":\"Murailles\",\"url\":\"https:\/\/preprod.murailles.ch\/de\/\",\"logo\":{\"@type\":\"ImageObject\",\"inLanguage\":\"de\",\"@id\":\"https:\/\/preprod.murailles.ch\/de\/#\/schema\/logo\/image\/\",\"url\":\"https:\/\/preprod.murailles.ch\/wp-content\/uploads\/2023\/06\/logo-murailles.svg\",\"contentUrl\":\"https:\/\/preprod.murailles.ch\/wp-content\/uploads\/2023\/06\/logo-murailles.svg\",\"width\":119,\"height\":40,\"caption\":\"Murailles\"},\"image\":{\"@id\":\"https:\/\/preprod.murailles.ch\/de\/#\/schema\/logo\/image\/\"}}]}<\/script>\n<!-- \/ Yoast SEO plugin. -->","yoast_head_json":{"title":"Murailles Weine - Murailles","robots":{"index":"noindex","follow":"follow","max-snippet":"max-snippet:-1","max-image-preview":"max-image-preview:large","max-video-preview":"max-video-preview:-1"},"og_locale":"de_DE","og_type":"article","og_title":"Murailles Weine - Murailles","og_url":"https:\/\/preprod.murailles.ch\/de\/","og_site_name":"Murailles","article_modified_time":"2023-09-26T08:41:07+00:00","twitter_card":"summary_large_image","schema":{"@context":"https:\/\/schema.org","@graph":[{"@type":"WebPage","@id":"https:\/\/preprod.murailles.ch\/de\/","url":"https:\/\/preprod.murailles.ch\/de\/","name":"Murailles Weine - Murailles","isPartOf":{"@id":"https:\/\/preprod.murailles.ch\/de\/#website"},"datePublished":"2023-06-23T13:00:04+00:00","dateModified":"2023-09-26T08:41:07+00:00","breadcrumb":{"@id":"https:\/\/preprod.murailles.ch\/de\/#breadcrumb"},"inLanguage":"de","potentialAction":[{"@type":"ReadAction","target":["https:\/\/preprod.murailles.ch\/de\/"]}]},{"@type":"BreadcrumbList","@id":"https:\/\/preprod.murailles.ch\/de\/#breadcrumb","itemListElement":[{"@type":"ListItem","position":1,"name":"Accueil","item":"https:\/\/preprod.murailles.ch\/de\/"},{"@type":"ListItem","position":2,"name":"Murailles Weine"}]},{"@type":"WebSite","@id":"https:\/\/preprod.murailles.ch\/de\/#website","url":"https:\/\/preprod.murailles.ch\/de\/","name":"Murailles","description":"","publisher":{"@id":"https:\/\/preprod.murailles.ch\/de\/#organization"},"potentialAction":[{"@type":"SearchAction","target":{"@type":"EntryPoint","urlTemplate":"https:\/\/preprod.murailles.ch\/de\/?s={search_term_string}"},"query-input":{"@type":"PropertyValueSpecification","valueRequired":true,"valueName":"search_term_string"}}],"inLanguage":"de"},{"@type":"Organization","@id":"https:\/\/preprod.murailles.ch\/de\/#organization","name":"Murailles","url":"https:\/\/preprod.murailles.ch\/de\/","logo":{"@type":"ImageObject","inLanguage":"de","@id":"https:\/\/preprod.murailles.ch\/de\/#\/schema\/logo\/image\/","url":"https:\/\/preprod.murailles.ch\/wp-content\/uploads\/2023\/06\/logo-murailles.svg","contentUrl":"https:\/\/preprod.murailles.ch\/wp-content\/uploads\/2023\/06\/logo-murailles.svg","width":119,"height":40,"caption":"Murailles"},"image":{"@id":"https:\/\/preprod.murailles.ch\/de\/#\/schema\/logo\/image\/"}}]}},"_links":{"self":[{"href":"https:\/\/preprod.murailles.ch\/de\/wp-json\/wp\/v2\/pages\/757"}],"collection":[{"href":"https:\/\/preprod.murailles.ch\/de\/wp-json\/wp\/v2\/pages"}],"about":[{"href":"https:\/\/preprod.murailles.ch\/de\/wp-json\/wp\/v2\/types\/page"}],"author":[{"embeddable":true,"href":"https:\/\/preprod.murailles.ch\/de\/wp-json\/wp\/v2\/users\/1"}],"replies":[{"embeddable":true,"href":"https:\/\/preprod.murailles.ch\/de\/wp-json\/wp\/v2\/comments?post=757"}],"version-history":[{"count":32,"href":"https:\/\/preprod.murailles.ch\/de\/wp-json\/wp\/v2\/pages\/757\/revisions"}],"predecessor-version":[{"id":2565,"href":"https:\/\/preprod.murailles.ch\/de\/wp-json\/wp\/v2\/pages\/757\/revisions\/2565"}],"wp:attachment":[{"href":"https:\/\/preprod.murailles.ch\/de\/wp-json\/wp\/v2\/media?parent=757"}],"curies":[{"name":"wp","href":"https:\/\/api.w.org\/{rel}","templated":true}]}}