{"id":2327,"date":"2023-09-12T09:42:55","date_gmt":"2023-09-12T07:42:55","guid":{"rendered":"https:\/\/preprod.murailles.ch\/visite-de-cave-et-degustation\/"},"modified":"2023-09-21T16:16:01","modified_gmt":"2023-09-21T14:16:01","slug":"kellerbesichtigung-degustation","status":"publish","type":"page","link":"https:\/\/preprod.murailles.ch\/de\/visite-de-cave-et-degustation\/","title":{"rendered":"Kellerbesichtigung und Degustation"},"content":{"rendered":"\n\n<section class=\"gut-block gut-hero bg-color-none with-bg-img\" >\n            <div class=\"bg-img\">\n            <img loading=\"lazy\" decoding=\"async\" width=\"1500\" height=\"300\" src=\"https:\/\/preprod.murailles.ch\/wp-content\/uploads\/2023\/09\/visite-de-cave-experience-henri-badoux-vins-aigle1.png\" class=\"attachment-banner size-banner\" alt=\"D\u00e9gustation \u00e0 la cuve dans les caves Henri Badoux \u00e0 Yvorne.\" srcset=\"https:\/\/preprod.murailles.ch\/wp-content\/uploads\/2023\/09\/visite-de-cave-experience-henri-badoux-vins-aigle1.png 1500w, https:\/\/preprod.murailles.ch\/wp-content\/uploads\/2023\/09\/visite-de-cave-experience-henri-badoux-vins-aigle1-300x60.png 300w, https:\/\/preprod.murailles.ch\/wp-content\/uploads\/2023\/09\/visite-de-cave-experience-henri-badoux-vins-aigle1-1024x205.png 1024w, https:\/\/preprod.murailles.ch\/wp-content\/uploads\/2023\/09\/visite-de-cave-experience-henri-badoux-vins-aigle1-768x154.png 768w\" sizes=\"(max-width: 1500px) 100vw, 1500px\" \/>        <\/div>\n        \n    <div class=\"wrap\">\n        <ul class=\"breadcrumb\">\n    <li>\n        <a href=\"https:\/\/preprod.murailles.ch\/de\/\">Murailles Weine<\/a>\n    <\/li>\n\n    \n    \n    <li>\n        <span class=\"current\">Kellerbesichtigung und Degustation<\/span>\n    <\/li>\n<\/ul>        \n        <div class=\"content\">\n            <h1 class=\"block-title title-h1\">\n                                    Kellerbesichtigung und degustation                            <\/h1>\n\n            \n                            <div class=\"block-intro wysiwyg-content\">\n                    <p>Beim Besuch unserer <strong>Kellerei<\/strong>\u00a0erleben die Liebhaber der Murailles-Weine die Entstehung der Crus und treffen unsere Kellermeister und\u00a0<strong>Winzer<\/strong>, die sich hinter unseren legend\u00e4ren Flaschen verbergen. Zum Abschluss der Besichtigung k\u00f6nnen Sie unsere Crus in Verbindung mit lokalen P\u00f6kelspezialit\u00e4ten verkosten.<\/p>\n                <\/div>\n            \n                            <div class=\"cta-container\">\n                    <a href=\"mailto:info@henri-badoux.ch\" target=\"_blank\" class=\"btn\">Buchungsanfrage<\/a>\n                <\/div>\n                    <\/div>\n    <\/div>\n<\/section>\n\n\n\n<section class=\"gut-block gut-texte  bg-color-none\" >\n    <div class=\"wrap\">\n        <div class=\"block-texte wysiwyg-content\">\n            <div class=\"cms-page__block-paragraph-left\">\n<p>Zwischen Edelstahltanks und Eichenf\u00e4ssern entf\u00fchren Sie unsere Kellermeister in die magische Welt der Weinherstellung. Geniessen Sie spannende Einblicke in die Herstellung unserer Weine und lernen Sie die Menschen kennen, die hinter jeder Weinflasche aus dem Hause Henri Badoux stehen.<\/p>\n<p>&nbsp;<\/p>\n<\/div>\n<div class=\"cms-page__block-paragraph-right\">\n<p>Nach dem Rundgang bieten wir Ihnen eine Weinverkostung in der BadouxTh\u00e8que an. Erleben Sie die Vielfalt der Henri Badoux Weine und lassen Sie sich von unseren legend\u00e4ren Weissweinen aus Chasselas-Trauben verf\u00fchren. Oder entdecken Sie unsere Rotwein- und Ros\u00e9-Spezialit\u00e4ten sowie die prickelnden neuen Schaumweine von Henri Badoux.<\/p>\n<\/div>\n<h2>Dienstleistungen und Preise<\/h2>\n<ul>\n<li>Dauer der Aktivit\u00e4t: 90 Minuten<\/li>\n<li>Gef\u00fchrte Besichtigung und Verkostung von 5 Weinen<\/li>\n<li>CHF 19.- pro Person<\/li>\n<\/ul>\n<h2>Praktische Informationen<\/h2>\n<ul>\n<li>Angebot f\u00fcr Gruppen ab 8 Personen<\/li>\n<li>Kommentare auf Deutsch, Franz\u00f6sisch oder Englisch<\/li>\n<li>Besuch nur auf Vorbestellung<\/li>\n<li>Gratisparkpl\u00e4tze vorhanden<\/li>\n<\/ul>\n<p>&nbsp;<\/p>\n        <\/div>\n    <\/div>\n<\/section>","protected":false},"excerpt":{"rendered":"","protected":false},"author":14,"featured_media":0,"parent":0,"menu_order":0,"comment_status":"closed","ping_status":"closed","template":"","meta":{"_acf_changed":false,"inline_featured_image":false,"footnotes":""},"acf":[],"yoast_head":"<!-- This site is optimized with the Yoast SEO plugin v24.5 - https:\/\/yoast.com\/wordpress\/plugins\/seo\/ -->\n<title>Kellerbesichtigung und Degustation - Murailles<\/title>\n<meta name=\"description\" content=\"Entdecken Sie die Weinkeller des Hauses Henri Badoux,. Inmitten der Weinberge geht die Besichtigung mit einer Weinprobe der Murailles-Weine in der BadouxTh\u00e8que weiter.\" \/>\n<meta name=\"robots\" content=\"noindex, follow, max-snippet:-1, max-image-preview:large, max-video-preview:-1\" \/>\n<meta property=\"og:locale\" content=\"de_DE\" \/>\n<meta property=\"og:type\" content=\"article\" \/>\n<meta property=\"og:title\" content=\"Kellerbesichtigung und Degustation - Murailles\" \/>\n<meta property=\"og:description\" content=\"Entdecken Sie die Weinkeller des Hauses Henri Badoux,. Inmitten der Weinberge geht die Besichtigung mit einer Weinprobe der Murailles-Weine in der BadouxTh\u00e8que weiter.\" \/>\n<meta property=\"og:url\" content=\"https:\/\/preprod.murailles.ch\/de\/visite-de-cave-et-degustation\/\" \/>\n<meta property=\"og:site_name\" content=\"Murailles\" \/>\n<meta property=\"article:modified_time\" content=\"2023-09-21T14:16:01+00:00\" \/>\n<meta name=\"twitter:card\" content=\"summary_large_image\" \/>\n<script type=\"application\/ld+json\" class=\"yoast-schema-graph\">{\"@context\":\"https:\/\/schema.org\",\"@graph\":[{\"@type\":\"WebPage\",\"@id\":\"https:\/\/preprod.murailles.ch\/de\/visite-de-cave-et-degustation\/\",\"url\":\"https:\/\/preprod.murailles.ch\/de\/visite-de-cave-et-degustation\/\",\"name\":\"Kellerbesichtigung und Degustation - Murailles\",\"isPartOf\":{\"@id\":\"https:\/\/preprod.murailles.ch\/de\/#website\"},\"datePublished\":\"2023-09-12T07:42:55+00:00\",\"dateModified\":\"2023-09-21T14:16:01+00:00\",\"description\":\"Entdecken Sie die Weinkeller des Hauses Henri Badoux,. Inmitten der Weinberge geht die Besichtigung mit einer Weinprobe der Murailles-Weine in der BadouxTh\u00e8que weiter.\",\"breadcrumb\":{\"@id\":\"https:\/\/preprod.murailles.ch\/de\/visite-de-cave-et-degustation\/#breadcrumb\"},\"inLanguage\":\"de\",\"potentialAction\":[{\"@type\":\"ReadAction\",\"target\":[\"https:\/\/preprod.murailles.ch\/de\/visite-de-cave-et-degustation\/\"]}]},{\"@type\":\"BreadcrumbList\",\"@id\":\"https:\/\/preprod.murailles.ch\/de\/visite-de-cave-et-degustation\/#breadcrumb\",\"itemListElement\":[{\"@type\":\"ListItem\",\"position\":1,\"name\":\"Accueil\",\"item\":\"https:\/\/preprod.murailles.ch\/de\/\"},{\"@type\":\"ListItem\",\"position\":2,\"name\":\"Kellerbesichtigung und Degustation\"}]},{\"@type\":\"WebSite\",\"@id\":\"https:\/\/preprod.murailles.ch\/de\/#website\",\"url\":\"https:\/\/preprod.murailles.ch\/de\/\",\"name\":\"Murailles\",\"description\":\"\",\"publisher\":{\"@id\":\"https:\/\/preprod.murailles.ch\/de\/#organization\"},\"potentialAction\":[{\"@type\":\"SearchAction\",\"target\":{\"@type\":\"EntryPoint\",\"urlTemplate\":\"https:\/\/preprod.murailles.ch\/de\/?s={search_term_string}\"},\"query-input\":{\"@type\":\"PropertyValueSpecification\",\"valueRequired\":true,\"valueName\":\"search_term_string\"}}],\"inLanguage\":\"de\"},{\"@type\":\"Organization\",\"@id\":\"https:\/\/preprod.murailles.ch\/de\/#organization\",\"name\":\"Murailles\",\"url\":\"https:\/\/preprod.murailles.ch\/de\/\",\"logo\":{\"@type\":\"ImageObject\",\"inLanguage\":\"de\",\"@id\":\"https:\/\/preprod.murailles.ch\/de\/#\/schema\/logo\/image\/\",\"url\":\"https:\/\/preprod.murailles.ch\/wp-content\/uploads\/2023\/06\/logo-murailles.svg\",\"contentUrl\":\"https:\/\/preprod.murailles.ch\/wp-content\/uploads\/2023\/06\/logo-murailles.svg\",\"width\":119,\"height\":40,\"caption\":\"Murailles\"},\"image\":{\"@id\":\"https:\/\/preprod.murailles.ch\/de\/#\/schema\/logo\/image\/\"}}]}<\/script>\n<!-- \/ Yoast SEO plugin. -->","yoast_head_json":{"title":"Kellerbesichtigung und Degustation - Murailles","description":"Entdecken Sie die Weinkeller des Hauses Henri Badoux,. Inmitten der Weinberge geht die Besichtigung mit einer Weinprobe der Murailles-Weine in der BadouxTh\u00e8que weiter.","robots":{"index":"noindex","follow":"follow","max-snippet":"max-snippet:-1","max-image-preview":"max-image-preview:large","max-video-preview":"max-video-preview:-1"},"og_locale":"de_DE","og_type":"article","og_title":"Kellerbesichtigung und Degustation - Murailles","og_description":"Entdecken Sie die Weinkeller des Hauses Henri Badoux,. Inmitten der Weinberge geht die Besichtigung mit einer Weinprobe der Murailles-Weine in der BadouxTh\u00e8que weiter.","og_url":"https:\/\/preprod.murailles.ch\/de\/visite-de-cave-et-degustation\/","og_site_name":"Murailles","article_modified_time":"2023-09-21T14:16:01+00:00","twitter_card":"summary_large_image","schema":{"@context":"https:\/\/schema.org","@graph":[{"@type":"WebPage","@id":"https:\/\/preprod.murailles.ch\/de\/visite-de-cave-et-degustation\/","url":"https:\/\/preprod.murailles.ch\/de\/visite-de-cave-et-degustation\/","name":"Kellerbesichtigung und Degustation - Murailles","isPartOf":{"@id":"https:\/\/preprod.murailles.ch\/de\/#website"},"datePublished":"2023-09-12T07:42:55+00:00","dateModified":"2023-09-21T14:16:01+00:00","description":"Entdecken Sie die Weinkeller des Hauses Henri Badoux,. Inmitten der Weinberge geht die Besichtigung mit einer Weinprobe der Murailles-Weine in der BadouxTh\u00e8que weiter.","breadcrumb":{"@id":"https:\/\/preprod.murailles.ch\/de\/visite-de-cave-et-degustation\/#breadcrumb"},"inLanguage":"de","potentialAction":[{"@type":"ReadAction","target":["https:\/\/preprod.murailles.ch\/de\/visite-de-cave-et-degustation\/"]}]},{"@type":"BreadcrumbList","@id":"https:\/\/preprod.murailles.ch\/de\/visite-de-cave-et-degustation\/#breadcrumb","itemListElement":[{"@type":"ListItem","position":1,"name":"Accueil","item":"https:\/\/preprod.murailles.ch\/de\/"},{"@type":"ListItem","position":2,"name":"Kellerbesichtigung und Degustation"}]},{"@type":"WebSite","@id":"https:\/\/preprod.murailles.ch\/de\/#website","url":"https:\/\/preprod.murailles.ch\/de\/","name":"Murailles","description":"","publisher":{"@id":"https:\/\/preprod.murailles.ch\/de\/#organization"},"potentialAction":[{"@type":"SearchAction","target":{"@type":"EntryPoint","urlTemplate":"https:\/\/preprod.murailles.ch\/de\/?s={search_term_string}"},"query-input":{"@type":"PropertyValueSpecification","valueRequired":true,"valueName":"search_term_string"}}],"inLanguage":"de"},{"@type":"Organization","@id":"https:\/\/preprod.murailles.ch\/de\/#organization","name":"Murailles","url":"https:\/\/preprod.murailles.ch\/de\/","logo":{"@type":"ImageObject","inLanguage":"de","@id":"https:\/\/preprod.murailles.ch\/de\/#\/schema\/logo\/image\/","url":"https:\/\/preprod.murailles.ch\/wp-content\/uploads\/2023\/06\/logo-murailles.svg","contentUrl":"https:\/\/preprod.murailles.ch\/wp-content\/uploads\/2023\/06\/logo-murailles.svg","width":119,"height":40,"caption":"Murailles"},"image":{"@id":"https:\/\/preprod.murailles.ch\/de\/#\/schema\/logo\/image\/"}}]}},"_links":{"self":[{"href":"https:\/\/preprod.murailles.ch\/de\/wp-json\/wp\/v2\/pages\/2327"}],"collection":[{"href":"https:\/\/preprod.murailles.ch\/de\/wp-json\/wp\/v2\/pages"}],"about":[{"href":"https:\/\/preprod.murailles.ch\/de\/wp-json\/wp\/v2\/types\/page"}],"author":[{"embeddable":true,"href":"https:\/\/preprod.murailles.ch\/de\/wp-json\/wp\/v2\/users\/14"}],"replies":[{"embeddable":true,"href":"https:\/\/preprod.murailles.ch\/de\/wp-json\/wp\/v2\/comments?post=2327"}],"version-history":[{"count":5,"href":"https:\/\/preprod.murailles.ch\/de\/wp-json\/wp\/v2\/pages\/2327\/revisions"}],"predecessor-version":[{"id":2383,"href":"https:\/\/preprod.murailles.ch\/de\/wp-json\/wp\/v2\/pages\/2327\/revisions\/2383"}],"wp:attachment":[{"href":"https:\/\/preprod.murailles.ch\/de\/wp-json\/wp\/v2\/media?parent=2327"}],"curies":[{"name":"wp","href":"https:\/\/api.w.org\/{rel}","templated":true}]}}