{"id":2325,"date":"2023-09-12T10:33:40","date_gmt":"2023-09-12T08:33:40","guid":{"rendered":"https:\/\/preprod.murailles.ch\/randonnee-vignes\/"},"modified":"2023-09-21T16:17:28","modified_gmt":"2023-09-21T14:17:28","slug":"spaziergang-reben","status":"publish","type":"page","link":"https:\/\/preprod.murailles.ch\/de\/randonnee-vignes\/","title":{"rendered":"Spaziergang in den Reben"},"content":{"rendered":"\n\n<section class=\"gut-block gut-hero bg-color-none with-bg-img\" >\n            <div class=\"bg-img\">\n            <img loading=\"lazy\" decoding=\"async\" width=\"1500\" height=\"300\" src=\"https:\/\/preprod.murailles.ch\/wp-content\/uploads\/2023\/09\/baladne-dans-les-vignes-experience-henri-badoux-vin-aigle.png\" class=\"attachment-banner size-banner\" alt=\"Balade dans les vignes \u00e0 pied au coeur du vignoble des Murailles \u00e0 Aigle, avec ses murs en pierre s\u00e8che.\" srcset=\"https:\/\/preprod.murailles.ch\/wp-content\/uploads\/2023\/09\/baladne-dans-les-vignes-experience-henri-badoux-vin-aigle.png 1500w, https:\/\/preprod.murailles.ch\/wp-content\/uploads\/2023\/09\/baladne-dans-les-vignes-experience-henri-badoux-vin-aigle-300x60.png 300w, https:\/\/preprod.murailles.ch\/wp-content\/uploads\/2023\/09\/baladne-dans-les-vignes-experience-henri-badoux-vin-aigle-1024x205.png 1024w, https:\/\/preprod.murailles.ch\/wp-content\/uploads\/2023\/09\/baladne-dans-les-vignes-experience-henri-badoux-vin-aigle-768x154.png 768w\" sizes=\"(max-width: 1500px) 100vw, 1500px\" \/>        <\/div>\n        \n    <div class=\"wrap\">\n        <ul class=\"breadcrumb\">\n    <li>\n        <a href=\"https:\/\/preprod.murailles.ch\/de\/\">Murailles Weine<\/a>\n    <\/li>\n\n    \n    \n    <li>\n        <span class=\"current\">Spaziergang in den Reben<\/span>\n    <\/li>\n<\/ul>        \n        <div class=\"content\">\n            <h1 class=\"block-title title-h1\">\n                                    Spaziergang in den Reben                            <\/h1>\n\n            \n                            <div class=\"block-intro wysiwyg-content\">\n                    <p>W\u00e4hrend des\u00a0<strong>Spaziergangs<\/strong>\u00a0erfreuen Sie sich an der pr\u00e4chtigen Landschaft und erhalten Informationen zur Arbeit der Winzer im Jahresverlauf. Je nach Jahreszeit k\u00f6nnen Sie die\u00a0<strong>Traube<\/strong>n auch direkt vom Rebstock pfl\u00fccken und kosten.<\/p>\n                <\/div>\n            \n                            <div class=\"cta-container\">\n                    <a href=\"mailto:info@henri-badoux.ch\" target=\"_blank\" class=\"btn\">Buchungsanfrage<\/a>\n                <\/div>\n                    <\/div>\n    <\/div>\n<\/section>\n\n\n\n<section class=\"gut-block gut-texte  bg-color-none\" >\n    <div class=\"wrap\">\n        <div class=\"block-texte wysiwyg-content\">\n            <div class=\"cms-page__block-paragraph-left\"><\/div>\n<div class=\"cms-page__block-paragraph-right\">\n<div class=\"cms-page__block-paragraph-left\">\n<p>Dank unserer kompetenten Guides erfahren Sie bei einem gem\u00fctlichen Spaziergang durch die Weinberge von Aigle und Yvorne mehr \u00fcber unsere Arbeit. Die L\u00e4nge und die Dauer des Spaziergangs gestalten Sie nach Ihren W\u00fcnschen und Bed\u00fcrfnissen selbst mit.<\/p>\n<\/div>\n<p>&nbsp;<\/p>\n<div class=\"cms-page__block-paragraph-right\">\n<p>Je nach Jahreszeit bieten wir verschiedene Routen an, um die Weinregion von Henri Badoux kennenzulernen. Sie haben zus\u00e4tzlich die M\u00f6glichkeit, w\u00e4hrend des Spaziergangs unsere Trauben vor Ort zu probieren oder bei der Arbeit an den Weinreben gleich selbst Hand anzulegen. Den Spaziergang k\u00f6nnen Sie mit einem Aperitif neben dem Ch\u00e2teau d&#8217;Aigle oder mit einer Mahlzeit in unserer BadouxTh\u00e8que abschliessen.<\/p>\n<\/div>\n<h2>Dienstleistungen und Preise<\/h2>\n<ul>\n<li>Dauer der Aktivit\u00e4t: 2 Stunden<\/li>\n<li>Gef\u00fchrte Tour<\/li>\n<li>Aperitif in den Weinbergen<\/li>\n<li>CHF 30.- pro Person<\/li>\n<\/ul>\n<h2>Praktische Informationen<\/h2>\n<ul>\n<li>Angebot f\u00fcr Gruppen ab 8 Personen<\/li>\n<li>Besuch nur auf Vorbestellung<\/li>\n<li>Gratisparkpl\u00e4tze vorhande<\/li>\n<\/ul>\n<\/div>\n        <\/div>\n    <\/div>\n<\/section>","protected":false},"excerpt":{"rendered":"","protected":false},"author":14,"featured_media":0,"parent":0,"menu_order":0,"comment_status":"closed","ping_status":"closed","template":"","meta":{"_acf_changed":false,"inline_featured_image":false,"footnotes":""},"acf":[],"yoast_head":"<!-- This site is optimized with the Yoast SEO plugin v24.5 - https:\/\/yoast.com\/wordpress\/plugins\/seo\/ -->\n<title>Spaziergang in den Reben - Murailles<\/title>\n<meta name=\"description\" content=\"Entdecken Sie die Weinberge von Aigle und Yvorne mit dem E-Bike, um alles \u00fcber die Arbeit im Weinberg zu erfahren, bevor Sie in der BadouxThek ein Glas Wein von Henri Badoux trinken.\" \/>\n<meta name=\"robots\" content=\"noindex, follow, max-snippet:-1, max-image-preview:large, max-video-preview:-1\" \/>\n<meta property=\"og:locale\" content=\"de_DE\" \/>\n<meta property=\"og:type\" content=\"article\" \/>\n<meta property=\"og:title\" content=\"Spaziergang in den Reben - Murailles\" \/>\n<meta property=\"og:description\" content=\"Entdecken Sie die Weinberge von Aigle und Yvorne mit dem E-Bike, um alles \u00fcber die Arbeit im Weinberg zu erfahren, bevor Sie in der BadouxThek ein Glas Wein von Henri Badoux trinken.\" \/>\n<meta property=\"og:url\" content=\"https:\/\/preprod.murailles.ch\/de\/randonnee-vignes\/\" \/>\n<meta property=\"og:site_name\" content=\"Murailles\" \/>\n<meta property=\"article:modified_time\" content=\"2023-09-21T14:17:28+00:00\" \/>\n<meta name=\"twitter:card\" content=\"summary_large_image\" \/>\n<script type=\"application\/ld+json\" class=\"yoast-schema-graph\">{\"@context\":\"https:\/\/schema.org\",\"@graph\":[{\"@type\":\"WebPage\",\"@id\":\"https:\/\/preprod.murailles.ch\/de\/randonnee-vignes\/\",\"url\":\"https:\/\/preprod.murailles.ch\/de\/randonnee-vignes\/\",\"name\":\"Spaziergang in den Reben - Murailles\",\"isPartOf\":{\"@id\":\"https:\/\/preprod.murailles.ch\/de\/#website\"},\"datePublished\":\"2023-09-12T08:33:40+00:00\",\"dateModified\":\"2023-09-21T14:17:28+00:00\",\"description\":\"Entdecken Sie die Weinberge von Aigle und Yvorne mit dem E-Bike, um alles \u00fcber die Arbeit im Weinberg zu erfahren, bevor Sie in der BadouxThek ein Glas Wein von Henri Badoux trinken.\",\"breadcrumb\":{\"@id\":\"https:\/\/preprod.murailles.ch\/de\/randonnee-vignes\/#breadcrumb\"},\"inLanguage\":\"de\",\"potentialAction\":[{\"@type\":\"ReadAction\",\"target\":[\"https:\/\/preprod.murailles.ch\/de\/randonnee-vignes\/\"]}]},{\"@type\":\"BreadcrumbList\",\"@id\":\"https:\/\/preprod.murailles.ch\/de\/randonnee-vignes\/#breadcrumb\",\"itemListElement\":[{\"@type\":\"ListItem\",\"position\":1,\"name\":\"Accueil\",\"item\":\"https:\/\/preprod.murailles.ch\/de\/\"},{\"@type\":\"ListItem\",\"position\":2,\"name\":\"Spaziergang in den Reben\"}]},{\"@type\":\"WebSite\",\"@id\":\"https:\/\/preprod.murailles.ch\/de\/#website\",\"url\":\"https:\/\/preprod.murailles.ch\/de\/\",\"name\":\"Murailles\",\"description\":\"\",\"publisher\":{\"@id\":\"https:\/\/preprod.murailles.ch\/de\/#organization\"},\"potentialAction\":[{\"@type\":\"SearchAction\",\"target\":{\"@type\":\"EntryPoint\",\"urlTemplate\":\"https:\/\/preprod.murailles.ch\/de\/?s={search_term_string}\"},\"query-input\":{\"@type\":\"PropertyValueSpecification\",\"valueRequired\":true,\"valueName\":\"search_term_string\"}}],\"inLanguage\":\"de\"},{\"@type\":\"Organization\",\"@id\":\"https:\/\/preprod.murailles.ch\/de\/#organization\",\"name\":\"Murailles\",\"url\":\"https:\/\/preprod.murailles.ch\/de\/\",\"logo\":{\"@type\":\"ImageObject\",\"inLanguage\":\"de\",\"@id\":\"https:\/\/preprod.murailles.ch\/de\/#\/schema\/logo\/image\/\",\"url\":\"https:\/\/preprod.murailles.ch\/wp-content\/uploads\/2023\/06\/logo-murailles.svg\",\"contentUrl\":\"https:\/\/preprod.murailles.ch\/wp-content\/uploads\/2023\/06\/logo-murailles.svg\",\"width\":119,\"height\":40,\"caption\":\"Murailles\"},\"image\":{\"@id\":\"https:\/\/preprod.murailles.ch\/de\/#\/schema\/logo\/image\/\"}}]}<\/script>\n<!-- \/ Yoast SEO plugin. -->","yoast_head_json":{"title":"Spaziergang in den Reben - Murailles","description":"Entdecken Sie die Weinberge von Aigle und Yvorne mit dem E-Bike, um alles \u00fcber die Arbeit im Weinberg zu erfahren, bevor Sie in der BadouxThek ein Glas Wein von Henri Badoux trinken.","robots":{"index":"noindex","follow":"follow","max-snippet":"max-snippet:-1","max-image-preview":"max-image-preview:large","max-video-preview":"max-video-preview:-1"},"og_locale":"de_DE","og_type":"article","og_title":"Spaziergang in den Reben - Murailles","og_description":"Entdecken Sie die Weinberge von Aigle und Yvorne mit dem E-Bike, um alles \u00fcber die Arbeit im Weinberg zu erfahren, bevor Sie in der BadouxThek ein Glas Wein von Henri Badoux trinken.","og_url":"https:\/\/preprod.murailles.ch\/de\/randonnee-vignes\/","og_site_name":"Murailles","article_modified_time":"2023-09-21T14:17:28+00:00","twitter_card":"summary_large_image","schema":{"@context":"https:\/\/schema.org","@graph":[{"@type":"WebPage","@id":"https:\/\/preprod.murailles.ch\/de\/randonnee-vignes\/","url":"https:\/\/preprod.murailles.ch\/de\/randonnee-vignes\/","name":"Spaziergang in den Reben - Murailles","isPartOf":{"@id":"https:\/\/preprod.murailles.ch\/de\/#website"},"datePublished":"2023-09-12T08:33:40+00:00","dateModified":"2023-09-21T14:17:28+00:00","description":"Entdecken Sie die Weinberge von Aigle und Yvorne mit dem E-Bike, um alles \u00fcber die Arbeit im Weinberg zu erfahren, bevor Sie in der BadouxThek ein Glas Wein von Henri Badoux trinken.","breadcrumb":{"@id":"https:\/\/preprod.murailles.ch\/de\/randonnee-vignes\/#breadcrumb"},"inLanguage":"de","potentialAction":[{"@type":"ReadAction","target":["https:\/\/preprod.murailles.ch\/de\/randonnee-vignes\/"]}]},{"@type":"BreadcrumbList","@id":"https:\/\/preprod.murailles.ch\/de\/randonnee-vignes\/#breadcrumb","itemListElement":[{"@type":"ListItem","position":1,"name":"Accueil","item":"https:\/\/preprod.murailles.ch\/de\/"},{"@type":"ListItem","position":2,"name":"Spaziergang in den Reben"}]},{"@type":"WebSite","@id":"https:\/\/preprod.murailles.ch\/de\/#website","url":"https:\/\/preprod.murailles.ch\/de\/","name":"Murailles","description":"","publisher":{"@id":"https:\/\/preprod.murailles.ch\/de\/#organization"},"potentialAction":[{"@type":"SearchAction","target":{"@type":"EntryPoint","urlTemplate":"https:\/\/preprod.murailles.ch\/de\/?s={search_term_string}"},"query-input":{"@type":"PropertyValueSpecification","valueRequired":true,"valueName":"search_term_string"}}],"inLanguage":"de"},{"@type":"Organization","@id":"https:\/\/preprod.murailles.ch\/de\/#organization","name":"Murailles","url":"https:\/\/preprod.murailles.ch\/de\/","logo":{"@type":"ImageObject","inLanguage":"de","@id":"https:\/\/preprod.murailles.ch\/de\/#\/schema\/logo\/image\/","url":"https:\/\/preprod.murailles.ch\/wp-content\/uploads\/2023\/06\/logo-murailles.svg","contentUrl":"https:\/\/preprod.murailles.ch\/wp-content\/uploads\/2023\/06\/logo-murailles.svg","width":119,"height":40,"caption":"Murailles"},"image":{"@id":"https:\/\/preprod.murailles.ch\/de\/#\/schema\/logo\/image\/"}}]}},"_links":{"self":[{"href":"https:\/\/preprod.murailles.ch\/de\/wp-json\/wp\/v2\/pages\/2325"}],"collection":[{"href":"https:\/\/preprod.murailles.ch\/de\/wp-json\/wp\/v2\/pages"}],"about":[{"href":"https:\/\/preprod.murailles.ch\/de\/wp-json\/wp\/v2\/types\/page"}],"author":[{"embeddable":true,"href":"https:\/\/preprod.murailles.ch\/de\/wp-json\/wp\/v2\/users\/14"}],"replies":[{"embeddable":true,"href":"https:\/\/preprod.murailles.ch\/de\/wp-json\/wp\/v2\/comments?post=2325"}],"version-history":[{"count":5,"href":"https:\/\/preprod.murailles.ch\/de\/wp-json\/wp\/v2\/pages\/2325\/revisions"}],"predecessor-version":[{"id":2387,"href":"https:\/\/preprod.murailles.ch\/de\/wp-json\/wp\/v2\/pages\/2325\/revisions\/2387"}],"wp:attachment":[{"href":"https:\/\/preprod.murailles.ch\/de\/wp-json\/wp\/v2\/media?parent=2325"}],"curies":[{"name":"wp","href":"https:\/\/api.w.org\/{rel}","templated":true}]}}