{"id":2323,"date":"2023-09-12T10:38:30","date_gmt":"2023-09-12T08:38:30","guid":{"rendered":"https:\/\/preprod.murailles.ch\/initiation-degustation\/"},"modified":"2023-09-21T16:18:24","modified_gmt":"2023-09-21T14:18:24","slug":"einfuhrung-degustation","status":"publish","type":"page","link":"https:\/\/preprod.murailles.ch\/de\/initiation-degustation\/","title":{"rendered":"Einf\u00fchrung in die Degustation"},"content":{"rendered":"\n\n<section class=\"gut-block gut-hero bg-color-none with-bg-img\" >\n            <div class=\"bg-img\">\n            <img loading=\"lazy\" decoding=\"async\" width=\"1500\" height=\"300\" src=\"https:\/\/preprod.murailles.ch\/wp-content\/uploads\/2023\/09\/Henri-badoux-aigle-visite-de-cave.png\" class=\"attachment-banner size-banner\" alt=\"D\u00e9gustation des vins Murailles dans le Chais \u00e0 Barriques de la BadouxTh\u00e8que \u00e0 Yvorne.\" srcset=\"https:\/\/preprod.murailles.ch\/wp-content\/uploads\/2023\/09\/Henri-badoux-aigle-visite-de-cave.png 1500w, https:\/\/preprod.murailles.ch\/wp-content\/uploads\/2023\/09\/Henri-badoux-aigle-visite-de-cave-300x60.png 300w, https:\/\/preprod.murailles.ch\/wp-content\/uploads\/2023\/09\/Henri-badoux-aigle-visite-de-cave-1024x205.png 1024w, https:\/\/preprod.murailles.ch\/wp-content\/uploads\/2023\/09\/Henri-badoux-aigle-visite-de-cave-768x154.png 768w\" sizes=\"(max-width: 1500px) 100vw, 1500px\" \/>        <\/div>\n        \n    <div class=\"wrap\">\n        <ul class=\"breadcrumb\">\n    <li>\n        <a href=\"https:\/\/preprod.murailles.ch\/de\/\">Murailles Weine<\/a>\n    <\/li>\n\n    \n    \n    <li>\n        <span class=\"current\">Einf\u00fchrung in die Degustation<\/span>\n    <\/li>\n<\/ul>        \n        <div class=\"content\">\n            <h1 class=\"block-title title-h1\">\n                                    Einf\u00fchrung in die Degustation                            <\/h1>\n\n            \n                            <div class=\"block-intro wysiwyg-content\">\n                    <p>Hier weihen Sie unsere Fachleute in s\u00e4mtliche Rituale der <strong>Degustation<\/strong>\u00a0ein. Optik, Bouquet, Geschmack \u2026 Lernen Sie, Ihre Sinne zu sensibilisieren und Ihre Empfindungen in Worte zu fassen.<\/p>\n                <\/div>\n            \n                            <div class=\"cta-container\">\n                    <a href=\"mailto:info@henri-badoux.ch\" target=\"_blank\" class=\"btn\">Buchungsanfrage<\/a>\n                <\/div>\n                    <\/div>\n    <\/div>\n<\/section>\n\n\n\n<section class=\"gut-block gut-texte  bg-color-none\" >\n    <div class=\"wrap\">\n        <div class=\"block-texte wysiwyg-content\">\n            <div class=\"cms-page__block-paragraph-left\"><\/div>\n<div class=\"cms-page__block-paragraph-right\">\n<div class=\"cms-page__block-paragraph-left\">\n<p>Anhand von f\u00fcnf unserer hauseignen Weine lernen Sie die Grundlagen der Degustation kennen. Ein fachkundiger Mitarbeitender von Henri Badoux zeigt ihnen, wie Sie Optik, Duft und Geschmack eines Weines richtig deuten und zuteilen k\u00f6nnen. Spannendes Kursmaterial gibt Ihnen zus\u00e4tzlichen Einblick in die Welt der Weine.<\/p>\n<p>&nbsp;<\/p>\n<\/div>\n<div class=\"cms-page__block-paragraph-right\">\n<p>Anschliessend an den zweist\u00fcndigen Kurs servieren wir Ihnen einen Aperitif mit den w\u00e4hrend des Kurses verkosteten Weinen \u2013 begleitet von feinem Bl\u00e4tterteiggeb\u00e4ck f\u00fcr den kleinen Hunger.<\/p>\n<\/div>\n<\/div>\n<h2>Dienstleistungen und Preise<\/h2>\n<ul>\n<li>Dauer der Aktivit\u00e4t: 2 Stunden<\/li>\n<li>Kurs, Kursmaterial, Weinverkostung<\/li>\n<li>Aperitif<\/li>\n<li>CHF 70.- pro Person<\/li>\n<\/ul>\n<h2>Praktische Informationen<\/h2>\n<ul>\n<li>Angebot f\u00fcr Gruppen ab 8 Personen<\/li>\n<li>Kommentare auf Deutsch, Franz\u00f6sisch oder Englisch<\/li>\n<li>Besuch nur auf Vorbestellung<\/li>\n<li>Gratisparkpl\u00e4tze vorhanden<\/li>\n<\/ul>\n        <\/div>\n    <\/div>\n<\/section>","protected":false},"excerpt":{"rendered":"","protected":false},"author":14,"featured_media":0,"parent":0,"menu_order":0,"comment_status":"closed","ping_status":"closed","template":"","meta":{"_acf_changed":false,"inline_featured_image":false,"footnotes":""},"acf":[],"yoast_head":"<!-- This site is optimized with the Yoast SEO plugin v24.5 - https:\/\/yoast.com\/wordpress\/plugins\/seo\/ -->\n<title>Einf\u00fchrung in die Degustation - Murailles<\/title>\n<meta name=\"description\" content=\"Lernen Sie die Grundlagen der Verkostung von Murailles-Weinen kennen: die Robe, die Nase und die Aromen. Nach der Einf\u00fchrung folgt ein Aperitif in der BadouxTh\u00e8que in Yvorne.\" \/>\n<meta name=\"robots\" content=\"noindex, follow, max-snippet:-1, max-image-preview:large, max-video-preview:-1\" \/>\n<meta property=\"og:locale\" content=\"de_DE\" \/>\n<meta property=\"og:type\" content=\"article\" \/>\n<meta property=\"og:title\" content=\"Einf\u00fchrung in die Degustation - Murailles\" \/>\n<meta property=\"og:description\" content=\"Lernen Sie die Grundlagen der Verkostung von Murailles-Weinen kennen: die Robe, die Nase und die Aromen. Nach der Einf\u00fchrung folgt ein Aperitif in der BadouxTh\u00e8que in Yvorne.\" \/>\n<meta property=\"og:url\" content=\"https:\/\/preprod.murailles.ch\/de\/initiation-degustation\/\" \/>\n<meta property=\"og:site_name\" content=\"Murailles\" \/>\n<meta property=\"article:modified_time\" content=\"2023-09-21T14:18:24+00:00\" \/>\n<meta name=\"twitter:card\" content=\"summary_large_image\" \/>\n<script type=\"application\/ld+json\" class=\"yoast-schema-graph\">{\"@context\":\"https:\/\/schema.org\",\"@graph\":[{\"@type\":\"WebPage\",\"@id\":\"https:\/\/preprod.murailles.ch\/de\/initiation-degustation\/\",\"url\":\"https:\/\/preprod.murailles.ch\/de\/initiation-degustation\/\",\"name\":\"Einf\u00fchrung in die Degustation - Murailles\",\"isPartOf\":{\"@id\":\"https:\/\/preprod.murailles.ch\/de\/#website\"},\"datePublished\":\"2023-09-12T08:38:30+00:00\",\"dateModified\":\"2023-09-21T14:18:24+00:00\",\"description\":\"Lernen Sie die Grundlagen der Verkostung von Murailles-Weinen kennen: die Robe, die Nase und die Aromen. Nach der Einf\u00fchrung folgt ein Aperitif in der BadouxTh\u00e8que in Yvorne.\",\"breadcrumb\":{\"@id\":\"https:\/\/preprod.murailles.ch\/de\/initiation-degustation\/#breadcrumb\"},\"inLanguage\":\"de\",\"potentialAction\":[{\"@type\":\"ReadAction\",\"target\":[\"https:\/\/preprod.murailles.ch\/de\/initiation-degustation\/\"]}]},{\"@type\":\"BreadcrumbList\",\"@id\":\"https:\/\/preprod.murailles.ch\/de\/initiation-degustation\/#breadcrumb\",\"itemListElement\":[{\"@type\":\"ListItem\",\"position\":1,\"name\":\"Accueil\",\"item\":\"https:\/\/preprod.murailles.ch\/de\/\"},{\"@type\":\"ListItem\",\"position\":2,\"name\":\"Einf\u00fchrung in die Degustation\"}]},{\"@type\":\"WebSite\",\"@id\":\"https:\/\/preprod.murailles.ch\/de\/#website\",\"url\":\"https:\/\/preprod.murailles.ch\/de\/\",\"name\":\"Murailles\",\"description\":\"\",\"publisher\":{\"@id\":\"https:\/\/preprod.murailles.ch\/de\/#organization\"},\"potentialAction\":[{\"@type\":\"SearchAction\",\"target\":{\"@type\":\"EntryPoint\",\"urlTemplate\":\"https:\/\/preprod.murailles.ch\/de\/?s={search_term_string}\"},\"query-input\":{\"@type\":\"PropertyValueSpecification\",\"valueRequired\":true,\"valueName\":\"search_term_string\"}}],\"inLanguage\":\"de\"},{\"@type\":\"Organization\",\"@id\":\"https:\/\/preprod.murailles.ch\/de\/#organization\",\"name\":\"Murailles\",\"url\":\"https:\/\/preprod.murailles.ch\/de\/\",\"logo\":{\"@type\":\"ImageObject\",\"inLanguage\":\"de\",\"@id\":\"https:\/\/preprod.murailles.ch\/de\/#\/schema\/logo\/image\/\",\"url\":\"https:\/\/preprod.murailles.ch\/wp-content\/uploads\/2023\/06\/logo-murailles.svg\",\"contentUrl\":\"https:\/\/preprod.murailles.ch\/wp-content\/uploads\/2023\/06\/logo-murailles.svg\",\"width\":119,\"height\":40,\"caption\":\"Murailles\"},\"image\":{\"@id\":\"https:\/\/preprod.murailles.ch\/de\/#\/schema\/logo\/image\/\"}}]}<\/script>\n<!-- \/ Yoast SEO plugin. -->","yoast_head_json":{"title":"Einf\u00fchrung in die Degustation - Murailles","description":"Lernen Sie die Grundlagen der Verkostung von Murailles-Weinen kennen: die Robe, die Nase und die Aromen. Nach der Einf\u00fchrung folgt ein Aperitif in der BadouxTh\u00e8que in Yvorne.","robots":{"index":"noindex","follow":"follow","max-snippet":"max-snippet:-1","max-image-preview":"max-image-preview:large","max-video-preview":"max-video-preview:-1"},"og_locale":"de_DE","og_type":"article","og_title":"Einf\u00fchrung in die Degustation - Murailles","og_description":"Lernen Sie die Grundlagen der Verkostung von Murailles-Weinen kennen: die Robe, die Nase und die Aromen. Nach der Einf\u00fchrung folgt ein Aperitif in der BadouxTh\u00e8que in Yvorne.","og_url":"https:\/\/preprod.murailles.ch\/de\/initiation-degustation\/","og_site_name":"Murailles","article_modified_time":"2023-09-21T14:18:24+00:00","twitter_card":"summary_large_image","schema":{"@context":"https:\/\/schema.org","@graph":[{"@type":"WebPage","@id":"https:\/\/preprod.murailles.ch\/de\/initiation-degustation\/","url":"https:\/\/preprod.murailles.ch\/de\/initiation-degustation\/","name":"Einf\u00fchrung in die Degustation - Murailles","isPartOf":{"@id":"https:\/\/preprod.murailles.ch\/de\/#website"},"datePublished":"2023-09-12T08:38:30+00:00","dateModified":"2023-09-21T14:18:24+00:00","description":"Lernen Sie die Grundlagen der Verkostung von Murailles-Weinen kennen: die Robe, die Nase und die Aromen. Nach der Einf\u00fchrung folgt ein Aperitif in der BadouxTh\u00e8que in Yvorne.","breadcrumb":{"@id":"https:\/\/preprod.murailles.ch\/de\/initiation-degustation\/#breadcrumb"},"inLanguage":"de","potentialAction":[{"@type":"ReadAction","target":["https:\/\/preprod.murailles.ch\/de\/initiation-degustation\/"]}]},{"@type":"BreadcrumbList","@id":"https:\/\/preprod.murailles.ch\/de\/initiation-degustation\/#breadcrumb","itemListElement":[{"@type":"ListItem","position":1,"name":"Accueil","item":"https:\/\/preprod.murailles.ch\/de\/"},{"@type":"ListItem","position":2,"name":"Einf\u00fchrung in die Degustation"}]},{"@type":"WebSite","@id":"https:\/\/preprod.murailles.ch\/de\/#website","url":"https:\/\/preprod.murailles.ch\/de\/","name":"Murailles","description":"","publisher":{"@id":"https:\/\/preprod.murailles.ch\/de\/#organization"},"potentialAction":[{"@type":"SearchAction","target":{"@type":"EntryPoint","urlTemplate":"https:\/\/preprod.murailles.ch\/de\/?s={search_term_string}"},"query-input":{"@type":"PropertyValueSpecification","valueRequired":true,"valueName":"search_term_string"}}],"inLanguage":"de"},{"@type":"Organization","@id":"https:\/\/preprod.murailles.ch\/de\/#organization","name":"Murailles","url":"https:\/\/preprod.murailles.ch\/de\/","logo":{"@type":"ImageObject","inLanguage":"de","@id":"https:\/\/preprod.murailles.ch\/de\/#\/schema\/logo\/image\/","url":"https:\/\/preprod.murailles.ch\/wp-content\/uploads\/2023\/06\/logo-murailles.svg","contentUrl":"https:\/\/preprod.murailles.ch\/wp-content\/uploads\/2023\/06\/logo-murailles.svg","width":119,"height":40,"caption":"Murailles"},"image":{"@id":"https:\/\/preprod.murailles.ch\/de\/#\/schema\/logo\/image\/"}}]}},"_links":{"self":[{"href":"https:\/\/preprod.murailles.ch\/de\/wp-json\/wp\/v2\/pages\/2323"}],"collection":[{"href":"https:\/\/preprod.murailles.ch\/de\/wp-json\/wp\/v2\/pages"}],"about":[{"href":"https:\/\/preprod.murailles.ch\/de\/wp-json\/wp\/v2\/types\/page"}],"author":[{"embeddable":true,"href":"https:\/\/preprod.murailles.ch\/de\/wp-json\/wp\/v2\/users\/14"}],"replies":[{"embeddable":true,"href":"https:\/\/preprod.murailles.ch\/de\/wp-json\/wp\/v2\/comments?post=2323"}],"version-history":[{"count":7,"href":"https:\/\/preprod.murailles.ch\/de\/wp-json\/wp\/v2\/pages\/2323\/revisions"}],"predecessor-version":[{"id":2391,"href":"https:\/\/preprod.murailles.ch\/de\/wp-json\/wp\/v2\/pages\/2323\/revisions\/2391"}],"wp:attachment":[{"href":"https:\/\/preprod.murailles.ch\/de\/wp-json\/wp\/v2\/media?parent=2323"}],"curies":[{"name":"wp","href":"https:\/\/api.w.org\/{rel}","templated":true}]}}