{"id":2321,"date":"2023-09-12T10:04:35","date_gmt":"2023-09-12T08:04:35","guid":{"rendered":"https:\/\/preprod.murailles.ch\/balade-e-bike\/"},"modified":"2023-09-21T16:16:41","modified_gmt":"2023-09-21T14:16:41","slug":"e-bike-weinberge","status":"publish","type":"page","link":"https:\/\/preprod.murailles.ch\/de\/balade-e-bike\/","title":{"rendered":"E-Bike durch die Weinberge"},"content":{"rendered":"\n\n<section class=\"gut-block gut-hero bg-color-none with-bg-img\" >\n            <div class=\"bg-img\">\n            <img loading=\"lazy\" decoding=\"async\" width=\"1500\" height=\"300\" src=\"https:\/\/preprod.murailles.ch\/wp-content\/uploads\/2023\/09\/balade-en-ebike-experience-henri-badoux-aigle.png\" class=\"attachment-banner size-banner\" alt=\"Cycliste en e-bike, \u00e0 travers les vignes d&#039;Aigle de la Maison Henri Badoux.\" srcset=\"https:\/\/preprod.murailles.ch\/wp-content\/uploads\/2023\/09\/balade-en-ebike-experience-henri-badoux-aigle.png 1500w, https:\/\/preprod.murailles.ch\/wp-content\/uploads\/2023\/09\/balade-en-ebike-experience-henri-badoux-aigle-300x60.png 300w, https:\/\/preprod.murailles.ch\/wp-content\/uploads\/2023\/09\/balade-en-ebike-experience-henri-badoux-aigle-1024x205.png 1024w, https:\/\/preprod.murailles.ch\/wp-content\/uploads\/2023\/09\/balade-en-ebike-experience-henri-badoux-aigle-768x154.png 768w\" sizes=\"(max-width: 1500px) 100vw, 1500px\" \/>        <\/div>\n        \n    <div class=\"wrap\">\n        <ul class=\"breadcrumb\">\n    <li>\n        <a href=\"https:\/\/preprod.murailles.ch\/de\/\">Murailles Weine<\/a>\n    <\/li>\n\n    \n    \n    <li>\n        <span class=\"current\">E-Bike durch die Weinberge<\/span>\n    <\/li>\n<\/ul>        \n        <div class=\"content\">\n            <h1 class=\"block-title title-h1\">\n                                    E-Bike durch die Weinberge                            <\/h1>\n\n            \n                            <div class=\"block-intro wysiwyg-content\">\n                    <p>Das Maison Henri Badoux f\u00fchrt <strong>E-Biker<\/strong>\u00a0mitten ins Herz von Les Murailles, wo sie die geballte Sch\u00f6nheit der\u00a0<strong>Weinberge<\/strong>\u00a0von Aigle hautnah erleben k\u00f6nnen. Mit Blick auf die Reben geniessen Sie den Aigle les Murailles zusammen mit regionalen Spezialit\u00e4ten.<\/p>\n<p>&nbsp;<\/p>\n                <\/div>\n            \n                            <div class=\"cta-container\">\n                    <a href=\"mailto:info@henri-badoux.ch\" target=\"_blank\" class=\"btn\">Buchungsanfrage<\/a>\n                <\/div>\n                    <\/div>\n    <\/div>\n<\/section>\n\n\n\n<section class=\"gut-block gut-texte  bg-color-none\" >\n    <div class=\"wrap\">\n        <div class=\"block-texte wysiwyg-content\">\n            <p>Ausgestattet mit einem E-Bike machen Sie gemeinsam mit einem Guide von Henri Badoux eine gem\u00fctliche Fahrradtour durch die Weinberge von Aigle und Yvorne. So erleben Sie den Reichtum unserer Rebsorten entlang der zehn Kilometer langen Strecke hautnah mit.<\/p>\n<p>&nbsp;<\/p>\n<div class=\"cms-page__block-paragraph-right\">\n<p>Im Preis inbegriffen ist die Verkostung unserer Weine direkt neben dem Ch\u00e2teau d&#8217;Aigle. Nach der sportlichen Aktivit\u00e4t in unseren Weinbergen lassen Sie den Tag bei einer Mahlzeit in unserer BadouxTh\u00e8que ausklingen. Die E-Bike-Tour bieten wir ebenfalls als Abendausflug mit anschliessender Degustation an.<\/p>\n<\/div>\n<h2>Dienstleistungen und Preise<\/h2>\n<ul>\n<li>Dauer der Aktivit\u00e4t: 4 Stunden<\/li>\n<li>Gef\u00fchrte Tour<\/li>\n<li>Elektrofahrrad und Helm<\/li>\n<li>Aperitif in den Weinbergen<\/li>\n<li>Essen in der BadouxTh\u00e8que<\/li>\n<li>CHF 150.- pro Person<\/li>\n<\/ul>\n<h2>Praktische Informationen<\/h2>\n<ul>\n<li>Angebot f\u00fcr Gruppen ab 6 Personen<\/li>\n<li>Kommentare auf Deutsch, Franz\u00f6sisch oder Englisch<\/li>\n<li>Besuch nur auf Vorbestellung<\/li>\n<li>Gratisparkpl\u00e4tze vorhanden<\/li>\n<\/ul>\n        <\/div>\n    <\/div>\n<\/section>","protected":false},"excerpt":{"rendered":"","protected":false},"author":14,"featured_media":0,"parent":0,"menu_order":0,"comment_status":"closed","ping_status":"closed","template":"","meta":{"_acf_changed":false,"inline_featured_image":false,"footnotes":""},"acf":[],"yoast_head":"<!-- This site is optimized with the Yoast SEO plugin v24.5 - https:\/\/yoast.com\/wordpress\/plugins\/seo\/ -->\n<title>E-Bike durch die Weinberge - Murailles<\/title>\n<meta name=\"description\" content=\"Entdecken Sie die Weinberge von Aigle und Yvorne mit dem E-Bike, um alles \u00fcber die Arbeit im Weinberg zu erfahren, bevor Sie in der BadouxTh\u00e8que ein Glas Wein von Henri Badoux trinken.\" \/>\n<meta name=\"robots\" content=\"noindex, follow, max-snippet:-1, max-image-preview:large, max-video-preview:-1\" \/>\n<meta property=\"og:locale\" content=\"de_DE\" \/>\n<meta property=\"og:type\" content=\"article\" \/>\n<meta property=\"og:title\" content=\"E-Bike durch die Weinberge - Murailles\" \/>\n<meta property=\"og:description\" content=\"Entdecken Sie die Weinberge von Aigle und Yvorne mit dem E-Bike, um alles \u00fcber die Arbeit im Weinberg zu erfahren, bevor Sie in der BadouxTh\u00e8que ein Glas Wein von Henri Badoux trinken.\" \/>\n<meta property=\"og:url\" content=\"https:\/\/preprod.murailles.ch\/de\/balade-e-bike\/\" \/>\n<meta property=\"og:site_name\" content=\"Murailles\" \/>\n<meta property=\"article:modified_time\" content=\"2023-09-21T14:16:41+00:00\" \/>\n<meta name=\"twitter:card\" content=\"summary_large_image\" \/>\n<script type=\"application\/ld+json\" class=\"yoast-schema-graph\">{\"@context\":\"https:\/\/schema.org\",\"@graph\":[{\"@type\":\"WebPage\",\"@id\":\"https:\/\/preprod.murailles.ch\/de\/balade-e-bike\/\",\"url\":\"https:\/\/preprod.murailles.ch\/de\/balade-e-bike\/\",\"name\":\"E-Bike durch die Weinberge - Murailles\",\"isPartOf\":{\"@id\":\"https:\/\/preprod.murailles.ch\/de\/#website\"},\"datePublished\":\"2023-09-12T08:04:35+00:00\",\"dateModified\":\"2023-09-21T14:16:41+00:00\",\"description\":\"Entdecken Sie die Weinberge von Aigle und Yvorne mit dem E-Bike, um alles \u00fcber die Arbeit im Weinberg zu erfahren, bevor Sie in der BadouxTh\u00e8que ein Glas Wein von Henri Badoux trinken.\",\"breadcrumb\":{\"@id\":\"https:\/\/preprod.murailles.ch\/de\/balade-e-bike\/#breadcrumb\"},\"inLanguage\":\"de\",\"potentialAction\":[{\"@type\":\"ReadAction\",\"target\":[\"https:\/\/preprod.murailles.ch\/de\/balade-e-bike\/\"]}]},{\"@type\":\"BreadcrumbList\",\"@id\":\"https:\/\/preprod.murailles.ch\/de\/balade-e-bike\/#breadcrumb\",\"itemListElement\":[{\"@type\":\"ListItem\",\"position\":1,\"name\":\"Accueil\",\"item\":\"https:\/\/preprod.murailles.ch\/de\/\"},{\"@type\":\"ListItem\",\"position\":2,\"name\":\"E-Bike durch die Weinberge\"}]},{\"@type\":\"WebSite\",\"@id\":\"https:\/\/preprod.murailles.ch\/de\/#website\",\"url\":\"https:\/\/preprod.murailles.ch\/de\/\",\"name\":\"Murailles\",\"description\":\"\",\"publisher\":{\"@id\":\"https:\/\/preprod.murailles.ch\/de\/#organization\"},\"potentialAction\":[{\"@type\":\"SearchAction\",\"target\":{\"@type\":\"EntryPoint\",\"urlTemplate\":\"https:\/\/preprod.murailles.ch\/de\/?s={search_term_string}\"},\"query-input\":{\"@type\":\"PropertyValueSpecification\",\"valueRequired\":true,\"valueName\":\"search_term_string\"}}],\"inLanguage\":\"de\"},{\"@type\":\"Organization\",\"@id\":\"https:\/\/preprod.murailles.ch\/de\/#organization\",\"name\":\"Murailles\",\"url\":\"https:\/\/preprod.murailles.ch\/de\/\",\"logo\":{\"@type\":\"ImageObject\",\"inLanguage\":\"de\",\"@id\":\"https:\/\/preprod.murailles.ch\/de\/#\/schema\/logo\/image\/\",\"url\":\"https:\/\/preprod.murailles.ch\/wp-content\/uploads\/2023\/06\/logo-murailles.svg\",\"contentUrl\":\"https:\/\/preprod.murailles.ch\/wp-content\/uploads\/2023\/06\/logo-murailles.svg\",\"width\":119,\"height\":40,\"caption\":\"Murailles\"},\"image\":{\"@id\":\"https:\/\/preprod.murailles.ch\/de\/#\/schema\/logo\/image\/\"}}]}<\/script>\n<!-- \/ Yoast SEO plugin. -->","yoast_head_json":{"title":"E-Bike durch die Weinberge - Murailles","description":"Entdecken Sie die Weinberge von Aigle und Yvorne mit dem E-Bike, um alles \u00fcber die Arbeit im Weinberg zu erfahren, bevor Sie in der BadouxTh\u00e8que ein Glas Wein von Henri Badoux trinken.","robots":{"index":"noindex","follow":"follow","max-snippet":"max-snippet:-1","max-image-preview":"max-image-preview:large","max-video-preview":"max-video-preview:-1"},"og_locale":"de_DE","og_type":"article","og_title":"E-Bike durch die Weinberge - Murailles","og_description":"Entdecken Sie die Weinberge von Aigle und Yvorne mit dem E-Bike, um alles \u00fcber die Arbeit im Weinberg zu erfahren, bevor Sie in der BadouxTh\u00e8que ein Glas Wein von Henri Badoux trinken.","og_url":"https:\/\/preprod.murailles.ch\/de\/balade-e-bike\/","og_site_name":"Murailles","article_modified_time":"2023-09-21T14:16:41+00:00","twitter_card":"summary_large_image","schema":{"@context":"https:\/\/schema.org","@graph":[{"@type":"WebPage","@id":"https:\/\/preprod.murailles.ch\/de\/balade-e-bike\/","url":"https:\/\/preprod.murailles.ch\/de\/balade-e-bike\/","name":"E-Bike durch die Weinberge - Murailles","isPartOf":{"@id":"https:\/\/preprod.murailles.ch\/de\/#website"},"datePublished":"2023-09-12T08:04:35+00:00","dateModified":"2023-09-21T14:16:41+00:00","description":"Entdecken Sie die Weinberge von Aigle und Yvorne mit dem E-Bike, um alles \u00fcber die Arbeit im Weinberg zu erfahren, bevor Sie in der BadouxTh\u00e8que ein Glas Wein von Henri Badoux trinken.","breadcrumb":{"@id":"https:\/\/preprod.murailles.ch\/de\/balade-e-bike\/#breadcrumb"},"inLanguage":"de","potentialAction":[{"@type":"ReadAction","target":["https:\/\/preprod.murailles.ch\/de\/balade-e-bike\/"]}]},{"@type":"BreadcrumbList","@id":"https:\/\/preprod.murailles.ch\/de\/balade-e-bike\/#breadcrumb","itemListElement":[{"@type":"ListItem","position":1,"name":"Accueil","item":"https:\/\/preprod.murailles.ch\/de\/"},{"@type":"ListItem","position":2,"name":"E-Bike durch die Weinberge"}]},{"@type":"WebSite","@id":"https:\/\/preprod.murailles.ch\/de\/#website","url":"https:\/\/preprod.murailles.ch\/de\/","name":"Murailles","description":"","publisher":{"@id":"https:\/\/preprod.murailles.ch\/de\/#organization"},"potentialAction":[{"@type":"SearchAction","target":{"@type":"EntryPoint","urlTemplate":"https:\/\/preprod.murailles.ch\/de\/?s={search_term_string}"},"query-input":{"@type":"PropertyValueSpecification","valueRequired":true,"valueName":"search_term_string"}}],"inLanguage":"de"},{"@type":"Organization","@id":"https:\/\/preprod.murailles.ch\/de\/#organization","name":"Murailles","url":"https:\/\/preprod.murailles.ch\/de\/","logo":{"@type":"ImageObject","inLanguage":"de","@id":"https:\/\/preprod.murailles.ch\/de\/#\/schema\/logo\/image\/","url":"https:\/\/preprod.murailles.ch\/wp-content\/uploads\/2023\/06\/logo-murailles.svg","contentUrl":"https:\/\/preprod.murailles.ch\/wp-content\/uploads\/2023\/06\/logo-murailles.svg","width":119,"height":40,"caption":"Murailles"},"image":{"@id":"https:\/\/preprod.murailles.ch\/de\/#\/schema\/logo\/image\/"}}]}},"_links":{"self":[{"href":"https:\/\/preprod.murailles.ch\/de\/wp-json\/wp\/v2\/pages\/2321"}],"collection":[{"href":"https:\/\/preprod.murailles.ch\/de\/wp-json\/wp\/v2\/pages"}],"about":[{"href":"https:\/\/preprod.murailles.ch\/de\/wp-json\/wp\/v2\/types\/page"}],"author":[{"embeddable":true,"href":"https:\/\/preprod.murailles.ch\/de\/wp-json\/wp\/v2\/users\/14"}],"replies":[{"embeddable":true,"href":"https:\/\/preprod.murailles.ch\/de\/wp-json\/wp\/v2\/comments?post=2321"}],"version-history":[{"count":6,"href":"https:\/\/preprod.murailles.ch\/de\/wp-json\/wp\/v2\/pages\/2321\/revisions"}],"predecessor-version":[{"id":2385,"href":"https:\/\/preprod.murailles.ch\/de\/wp-json\/wp\/v2\/pages\/2321\/revisions\/2385"}],"wp:attachment":[{"href":"https:\/\/preprod.murailles.ch\/de\/wp-json\/wp\/v2\/media?parent=2321"}],"curies":[{"name":"wp","href":"https:\/\/api.w.org\/{rel}","templated":true}]}}