{"id":2317,"date":"2023-09-11T16:46:48","date_gmt":"2023-09-11T14:46:48","guid":{"rendered":"https:\/\/preprod.murailles.ch\/liste-sous-traitant\/"},"modified":"2023-09-19T15:09:15","modified_gmt":"2023-09-19T13:09:15","slug":"liste-sous-traitant","status":"publish","type":"page","link":"https:\/\/preprod.murailles.ch\/de\/liste-sous-traitant\/","title":{"rendered":"Liste des sous-traitants"},"content":{"rendered":"\n\n<section class=\"gut-block gut-hero bg-color-none \" >\n        \n    <div class=\"wrap\">\n        <ul class=\"breadcrumb\">\n    <li>\n        <a href=\"https:\/\/preprod.murailles.ch\/de\/\">Murailles Weine<\/a>\n    <\/li>\n\n    \n    \n    <li>\n        <span class=\"current\">Liste des sous-traitants<\/span>\n    <\/li>\n<\/ul>        \n        <div class=\"content\">\n            <h1 class=\"block-title title-h1\">\n                                    Liste des sous-traitants                            <\/h1>\n\n            \n            \n                    <\/div>\n    <\/div>\n<\/section>\n\n\n\n<section class=\"gut-block gut-texte  bg-color-none\" >\n    <div class=\"wrap\">\n        <div class=\"block-texte wysiwyg-content\">\n            <h2><strong>1.\u00a0\u00a0 <\/strong><strong>HEBERGEMENT<\/strong><\/h2>\n<p>&nbsp;<\/p>\n<table>\n<tbody>\n<tr>\n<td width=\"121\">\n<p style=\"text-align: center\"><strong>Sous-traitant<\/strong><\/p>\n<\/td>\n<td style=\"text-align: center\" width=\"121\"><strong>Type de t\u00e2che effectu\u00e9e<\/strong><\/td>\n<td style=\"text-align: center\" width=\"121\"><strong>Pays de destination<\/strong><\/td>\n<td style=\"text-align: center\" width=\"121\"><strong>Information sur la s\u00e9curit\u00e9 et la confidentialit\u00e9<\/strong><\/td>\n<td width=\"121\">\n<p style=\"text-align: center\"><strong>Garanties pour transfert hors de la Suisse<\/strong><\/p>\n<\/td>\n<\/tr>\n<tr>\n<td width=\"121\"><strong>Infomaniak<\/strong><\/td>\n<td width=\"121\">H\u00e9bergement du nom de domaine<\/td>\n<td width=\"121\">CH<\/td>\n<td width=\"121\"><a href=\"https:\/\/www.infomaniak.com\/en\/legal\/general-terms-and-conditions\">https:\/\/www.infomaniak.com\/en\/legal\/general-terms-and-conditions<\/a><\/td>\n<td width=\"121\">N\/A<\/td>\n<\/tr>\n<tr>\n<td width=\"121\"><\/td>\n<td width=\"121\"><\/td>\n<td width=\"121\"><\/td>\n<td width=\"121\"><\/td>\n<td width=\"121\"><\/td>\n<\/tr>\n<\/tbody>\n<\/table>\n<p>&nbsp;<\/p>\n<h2><strong>2.\u00a0\u00a0 <\/strong><strong>ANALYTICS<\/strong><\/h2>\n<p>&nbsp;<\/p>\n<table>\n<tbody>\n<tr>\n<td width=\"121\">\n<p style=\"text-align: center\"><strong>Sous-traitant<\/strong><\/p>\n<\/td>\n<td style=\"text-align: center\" width=\"121\"><strong>Type de t\u00e2che effectu\u00e9e<\/strong><\/td>\n<td style=\"text-align: center\" width=\"121\"><strong>Pays de destination<\/strong><\/td>\n<td width=\"121\">\n<p style=\"text-align: center\"><strong>Information sur la s\u00e9curit\u00e9 et la confidentialit\u00e9<\/strong><\/p>\n<\/td>\n<td width=\"121\"><strong>Garanties pour transfert hors de la Suisse<\/strong><\/td>\n<\/tr>\n<tr>\n<td width=\"121\"><strong>Axeptio<\/strong><\/td>\n<td width=\"121\">Gestionnaire de consentement<\/td>\n<td width=\"121\">UE<\/td>\n<td width=\"121\"><a href=\"https:\/\/client.axept.io\/content\/624d5e22e4776e1f019014e2\/contracts\/635fcc3ee67894a8d892f2b1\/0.1.2.pdf\">https:\/\/client.axept.io\/content\/624d5e22e4776e1f019014e2\/contracts\/635fcc3ee67894a8d892f2b1\/0.1.2.pdf<\/a><\/td>\n<td width=\"121\">DPA, pays ad\u00e9quat<\/td>\n<\/tr>\n<tr>\n<td width=\"121\"><strong>Google Analytics<\/strong><\/td>\n<td width=\"121\">Plateforme Analytique<\/td>\n<td width=\"121\">Mondial<\/td>\n<td width=\"121\"><a href=\"https:\/\/policies.google.com\/privacy\/frameworks\">https:\/\/policies.google.com\/privacy\/frameworks<\/a><\/td>\n<td width=\"121\">Clauses contractuelles types<\/td>\n<\/tr>\n<tr>\n<td width=\"121\"><strong>Double Click<\/strong><\/td>\n<td width=\"121\">Plateforme Analytique<\/td>\n<td width=\"121\">Mondial<\/td>\n<td width=\"121\">&nbsp;<\/p>\n<p><a href=\"https:\/\/policies.google.com\/privacy?hl=fr\">https:\/\/policies.google.com\/privacy?hl=fr<\/a><\/td>\n<td width=\"121\">Clauses contractuelles types<\/td>\n<\/tr>\n<tr>\n<td width=\"121\"><strong>Google Tag Manager<\/strong><\/td>\n<td width=\"121\">Outil de gestion de balises<\/td>\n<td width=\"121\">Mondial<\/td>\n<td width=\"121\"><a href=\"https:\/\/policies.google.com\/privacy?hl=fr\">https:\/\/policies.google.com\/privacy?hl=fr<\/a><\/td>\n<td width=\"121\">Clauses contractuelles types<\/td>\n<\/tr>\n<tr>\n<td width=\"121\"><strong>Splio<\/strong><\/td>\n<td width=\"121\">Marketing Automation<\/td>\n<td width=\"121\">UE<\/td>\n<td width=\"121\"><a href=\"https:\/\/splio.com\/donnees-personnelles\/\">https:\/\/splio.com\/donnees-personnelles\/<\/a><\/td>\n<td width=\"121\">DPA, pays ad\u00e9quat<\/td>\n<\/tr>\n<tr>\n<td width=\"121\"><strong>Facebook<\/strong><\/td>\n<td width=\"121\">R\u00e9seau social<\/td>\n<td width=\"121\">Mondial<\/td>\n<td width=\"121\"><a href=\"https:\/\/www.facebook.com\/privacy\/policy\/?entry_point=data_policy_redirect&amp;entry=0\">https:\/\/www.facebook.com\/privacy\/policy\/?entry_point=data_policy_redirect&amp;entry=0<\/a><\/td>\n<td width=\"121\">Clauses contractuelles types<\/td>\n<\/tr>\n<\/tbody>\n<\/table>\n<p>&nbsp;<\/p>\n<p>&nbsp;<\/p>\n<p>&nbsp;<\/p>\n<h2><strong>3.\u00a0\u00a0 <\/strong><strong>Commercial \/ Support<\/strong><\/h2>\n<p>&nbsp;<\/p>\n<table>\n<tbody>\n<tr>\n<td width=\"121\"><strong>Sous-traitant<\/strong><\/td>\n<td width=\"121\"><strong>Type de t\u00e2che effectu\u00e9e<\/strong><\/td>\n<td width=\"121\"><strong>Pays de destination<\/strong><\/td>\n<td width=\"129\"><strong>Information sur la s\u00e9curit\u00e9 et la confidentialit\u00e9<\/strong><\/td>\n<td width=\"113\"><strong>Garanties pour transfert hors de la Suisse<\/strong><\/td>\n<\/tr>\n<tr>\n<td width=\"121\"><strong>Schenk Suisse SA<\/strong><\/td>\n<td width=\"121\">Administration commerciale\/marketing\/traitement informatique<\/td>\n<td width=\"121\">CH<\/td>\n<td width=\"129\">&nbsp;<\/td>\n<td width=\"113\">N\/A<\/td>\n<\/tr>\n<tr>\n<td width=\"121\"><strong>Brevo<\/strong><\/td>\n<td width=\"121\">E-mailing<\/td>\n<td width=\"121\">UE<\/td>\n<td width=\"129\"><a href=\"https:\/\/www.brevo.com\/fr\/legal\/privacypolicy\/\">https:\/\/www.brevo.com\/fr\/legal\/privacypolicy\/<\/a><\/td>\n<td width=\"113\">DPA, pays ad\u00e9quat<\/td>\n<\/tr>\n<tr>\n<td width=\"121\"><strong>reCAPTCHA<\/strong><\/td>\n<td width=\"121\">Utilis\u00e9 pour la pr\u00e9vention du spam<\/td>\n<td width=\"121\">Mondial<\/td>\n<td width=\"129\">https:\/\/policies.go ogle.com\/privacy https:\/\/policies.go ogle.com\/terms<\/td>\n<td width=\"113\">Clauses contractuelles types<\/td>\n<\/tr>\n<\/tbody>\n<\/table>\n<p>&nbsp;<\/p>\n        <\/div>\n    <\/div>\n<\/section>","protected":false},"excerpt":{"rendered":"","protected":false},"author":14,"featured_media":0,"parent":0,"menu_order":0,"comment_status":"closed","ping_status":"closed","template":"","meta":{"_acf_changed":false,"inline_featured_image":false,"footnotes":""},"acf":[],"yoast_head":"<!-- This site is optimized with the Yoast SEO plugin v24.5 - https:\/\/yoast.com\/wordpress\/plugins\/seo\/ -->\n<title>Liste des sous-traitants<\/title>\n<meta name=\"robots\" content=\"noindex, follow, max-snippet:-1, max-image-preview:large, max-video-preview:-1\" \/>\n<meta property=\"og:locale\" content=\"de_DE\" \/>\n<meta property=\"og:type\" content=\"article\" \/>\n<meta property=\"og:title\" content=\"Liste des sous-traitants\" \/>\n<meta property=\"og:url\" content=\"https:\/\/preprod.murailles.ch\/de\/liste-sous-traitant\/\" \/>\n<meta property=\"og:site_name\" content=\"Murailles\" \/>\n<meta property=\"article:modified_time\" content=\"2023-09-19T13:09:15+00:00\" \/>\n<meta name=\"twitter:card\" content=\"summary_large_image\" \/>\n<script type=\"application\/ld+json\" class=\"yoast-schema-graph\">{\"@context\":\"https:\/\/schema.org\",\"@graph\":[{\"@type\":\"WebPage\",\"@id\":\"https:\/\/preprod.murailles.ch\/de\/liste-sous-traitant\/\",\"url\":\"https:\/\/preprod.murailles.ch\/de\/liste-sous-traitant\/\",\"name\":\"Liste des sous-traitants\",\"isPartOf\":{\"@id\":\"https:\/\/preprod.murailles.ch\/de\/#website\"},\"datePublished\":\"2023-09-11T14:46:48+00:00\",\"dateModified\":\"2023-09-19T13:09:15+00:00\",\"breadcrumb\":{\"@id\":\"https:\/\/preprod.murailles.ch\/de\/liste-sous-traitant\/#breadcrumb\"},\"inLanguage\":\"de\",\"potentialAction\":[{\"@type\":\"ReadAction\",\"target\":[\"https:\/\/preprod.murailles.ch\/de\/liste-sous-traitant\/\"]}]},{\"@type\":\"BreadcrumbList\",\"@id\":\"https:\/\/preprod.murailles.ch\/de\/liste-sous-traitant\/#breadcrumb\",\"itemListElement\":[{\"@type\":\"ListItem\",\"position\":1,\"name\":\"Accueil\",\"item\":\"https:\/\/preprod.murailles.ch\/de\/\"},{\"@type\":\"ListItem\",\"position\":2,\"name\":\"Liste des sous-traitants\"}]},{\"@type\":\"WebSite\",\"@id\":\"https:\/\/preprod.murailles.ch\/de\/#website\",\"url\":\"https:\/\/preprod.murailles.ch\/de\/\",\"name\":\"Murailles\",\"description\":\"\",\"publisher\":{\"@id\":\"https:\/\/preprod.murailles.ch\/de\/#organization\"},\"potentialAction\":[{\"@type\":\"SearchAction\",\"target\":{\"@type\":\"EntryPoint\",\"urlTemplate\":\"https:\/\/preprod.murailles.ch\/de\/?s={search_term_string}\"},\"query-input\":{\"@type\":\"PropertyValueSpecification\",\"valueRequired\":true,\"valueName\":\"search_term_string\"}}],\"inLanguage\":\"de\"},{\"@type\":\"Organization\",\"@id\":\"https:\/\/preprod.murailles.ch\/de\/#organization\",\"name\":\"Murailles\",\"url\":\"https:\/\/preprod.murailles.ch\/de\/\",\"logo\":{\"@type\":\"ImageObject\",\"inLanguage\":\"de\",\"@id\":\"https:\/\/preprod.murailles.ch\/de\/#\/schema\/logo\/image\/\",\"url\":\"https:\/\/preprod.murailles.ch\/wp-content\/uploads\/2023\/06\/logo-murailles.svg\",\"contentUrl\":\"https:\/\/preprod.murailles.ch\/wp-content\/uploads\/2023\/06\/logo-murailles.svg\",\"width\":119,\"height\":40,\"caption\":\"Murailles\"},\"image\":{\"@id\":\"https:\/\/preprod.murailles.ch\/de\/#\/schema\/logo\/image\/\"}}]}<\/script>\n<!-- \/ Yoast SEO plugin. -->","yoast_head_json":{"title":"Liste des sous-traitants","robots":{"index":"noindex","follow":"follow","max-snippet":"max-snippet:-1","max-image-preview":"max-image-preview:large","max-video-preview":"max-video-preview:-1"},"og_locale":"de_DE","og_type":"article","og_title":"Liste des sous-traitants","og_url":"https:\/\/preprod.murailles.ch\/de\/liste-sous-traitant\/","og_site_name":"Murailles","article_modified_time":"2023-09-19T13:09:15+00:00","twitter_card":"summary_large_image","schema":{"@context":"https:\/\/schema.org","@graph":[{"@type":"WebPage","@id":"https:\/\/preprod.murailles.ch\/de\/liste-sous-traitant\/","url":"https:\/\/preprod.murailles.ch\/de\/liste-sous-traitant\/","name":"Liste des sous-traitants","isPartOf":{"@id":"https:\/\/preprod.murailles.ch\/de\/#website"},"datePublished":"2023-09-11T14:46:48+00:00","dateModified":"2023-09-19T13:09:15+00:00","breadcrumb":{"@id":"https:\/\/preprod.murailles.ch\/de\/liste-sous-traitant\/#breadcrumb"},"inLanguage":"de","potentialAction":[{"@type":"ReadAction","target":["https:\/\/preprod.murailles.ch\/de\/liste-sous-traitant\/"]}]},{"@type":"BreadcrumbList","@id":"https:\/\/preprod.murailles.ch\/de\/liste-sous-traitant\/#breadcrumb","itemListElement":[{"@type":"ListItem","position":1,"name":"Accueil","item":"https:\/\/preprod.murailles.ch\/de\/"},{"@type":"ListItem","position":2,"name":"Liste des sous-traitants"}]},{"@type":"WebSite","@id":"https:\/\/preprod.murailles.ch\/de\/#website","url":"https:\/\/preprod.murailles.ch\/de\/","name":"Murailles","description":"","publisher":{"@id":"https:\/\/preprod.murailles.ch\/de\/#organization"},"potentialAction":[{"@type":"SearchAction","target":{"@type":"EntryPoint","urlTemplate":"https:\/\/preprod.murailles.ch\/de\/?s={search_term_string}"},"query-input":{"@type":"PropertyValueSpecification","valueRequired":true,"valueName":"search_term_string"}}],"inLanguage":"de"},{"@type":"Organization","@id":"https:\/\/preprod.murailles.ch\/de\/#organization","name":"Murailles","url":"https:\/\/preprod.murailles.ch\/de\/","logo":{"@type":"ImageObject","inLanguage":"de","@id":"https:\/\/preprod.murailles.ch\/de\/#\/schema\/logo\/image\/","url":"https:\/\/preprod.murailles.ch\/wp-content\/uploads\/2023\/06\/logo-murailles.svg","contentUrl":"https:\/\/preprod.murailles.ch\/wp-content\/uploads\/2023\/06\/logo-murailles.svg","width":119,"height":40,"caption":"Murailles"},"image":{"@id":"https:\/\/preprod.murailles.ch\/de\/#\/schema\/logo\/image\/"}}]}},"_links":{"self":[{"href":"https:\/\/preprod.murailles.ch\/de\/wp-json\/wp\/v2\/pages\/2317"}],"collection":[{"href":"https:\/\/preprod.murailles.ch\/de\/wp-json\/wp\/v2\/pages"}],"about":[{"href":"https:\/\/preprod.murailles.ch\/de\/wp-json\/wp\/v2\/types\/page"}],"author":[{"embeddable":true,"href":"https:\/\/preprod.murailles.ch\/de\/wp-json\/wp\/v2\/users\/14"}],"replies":[{"embeddable":true,"href":"https:\/\/preprod.murailles.ch\/de\/wp-json\/wp\/v2\/comments?post=2317"}],"version-history":[{"count":1,"href":"https:\/\/preprod.murailles.ch\/de\/wp-json\/wp\/v2\/pages\/2317\/revisions"}],"predecessor-version":[{"id":2318,"href":"https:\/\/preprod.murailles.ch\/de\/wp-json\/wp\/v2\/pages\/2317\/revisions\/2318"}],"wp:attachment":[{"href":"https:\/\/preprod.murailles.ch\/de\/wp-json\/wp\/v2\/media?parent=2317"}],"curies":[{"name":"wp","href":"https:\/\/api.w.org\/{rel}","templated":true}]}}