{"id":1633,"date":"2023-07-05T10:51:40","date_gmt":"2023-07-05T08:51:40","guid":{"rendered":"https:\/\/preprod.murailles.ch\/nous-retrouver\/offre-oenotouristique\/"},"modified":"2023-09-21T16:14:48","modified_gmt":"2023-09-21T14:14:48","slug":"offre-oenotouristique","status":"publish","type":"page","link":"https:\/\/preprod.murailles.ch\/de\/nous-retrouver\/offre-oenotouristique\/","title":{"rendered":"Weintourismus-Angebote"},"content":{"rendered":"\n\n<section class=\"gut-block gut-hero bg-color-none \" >\n        \n    <div class=\"wrap\">\n        <ul class=\"breadcrumb\">\n    <li>\n        <a href=\"https:\/\/preprod.murailles.ch\/de\/\">Murailles Weine<\/a>\n    <\/li>\n\n            <li>\n            <a href=\"https:\/\/preprod.murailles.ch\/de\/nous-retrouver\/\">Uns finden<\/a>\n        <\/li>\n    \n    \n    <li>\n        <span class=\"current\">Weintourismus-Angebote<\/span>\n    <\/li>\n<\/ul>        \n        <div class=\"content\">\n            <h1 class=\"block-title title-h1\">\n                                    Weintourismus-Angebote                            <\/h1>\n\n            \n                            <div class=\"block-intro wysiwyg-content\">\n                    <p>Sie m\u00f6chten <a href=\"https:\/\/preprod.murailles.ch\/de\/notre-marque\/\">unsere Marke<\/a> kennenlernen? Los geht\u2018s! Erkunden Sie die Wanderwege von Les Murailles mit dem E-Bike oder zu Fuss oder geniessen Sie eine Degustation unseres Kultweins <strong>Aigle les Murailles<\/strong> inmitten unserer Weinberge.<\/p>\n                <\/div>\n            \n                    <\/div>\n    <\/div>\n<\/section>\n\n\n\n<section class=\"gut-block gut-contenu-50-50 disposition-left bg-color-vert\" >\n            <div class=\"img\">\n            <img loading=\"lazy\" decoding=\"async\" width=\"800\" height=\"533\" src=\"https:\/\/preprod.murailles.ch\/wp-content\/uploads\/2023\/08\/offre-oenotouristique-henri-badoux-murailles-visite-cave.jpg\" class=\"attachment-banner size-banner\" alt=\"Visite de cave entre les cuves en inox.\" srcset=\"https:\/\/preprod.murailles.ch\/wp-content\/uploads\/2023\/08\/offre-oenotouristique-henri-badoux-murailles-visite-cave.jpg 800w, https:\/\/preprod.murailles.ch\/wp-content\/uploads\/2023\/08\/offre-oenotouristique-henri-badoux-murailles-visite-cave-300x200.jpg 300w, https:\/\/preprod.murailles.ch\/wp-content\/uploads\/2023\/08\/offre-oenotouristique-henri-badoux-murailles-visite-cave-768x512.jpg 768w\" sizes=\"(max-width: 800px) 100vw, 800px\" \/>        <\/div>\n    \n    <div class=\"content\">\n                    <h2 class=\"block-title title-h2\">\n                Kellerbesichtigung und Degustation            <\/h2>\n        \n                    <div class=\"block-texte wysiwyg-content light\">\n                <p>Beim Besuch unserer <strong>Kellerei<\/strong> erleben die Liebhaber der Murailles-Weine die Entstehung der Crus und treffen unsere Kellermeister und <strong>Winzer<\/strong>, die sich hinter unseren legend\u00e4ren Flaschen verbergen. Zum Abschluss der Besichtigung k\u00f6nnen Sie unsere Crus in Verbindung mit lokalen P\u00f6kelspezialit\u00e4ten verkosten.<\/p>\n            <\/div>\n        \n                    <div class=\"cta-container\">\n                <a href=\"https:\/\/preprod.murailles.ch\/de\/visite-de-cave-et-degustation\/\" target=\"_self\" class=\"link\">Mehr Infos<\/a>\n            <\/div>\n            <\/div>\n<\/section>\n\n\n\n<section class=\"gut-block gut-contenu-50-50 disposition-right bg-color-none\" >\n            <div class=\"img\">\n            <img loading=\"lazy\" decoding=\"async\" width=\"800\" height=\"600\" src=\"https:\/\/preprod.murailles.ch\/wp-content\/uploads\/2023\/08\/offre-oenotouristique-henri-badoux-murailles-balade-ebike.jpg\" class=\"attachment-banner size-banner\" alt=\"Balade en e-bike \u00e0 travers les vignes, devant le Ch\u00e2teau d&#039;Aigle, avec l&#039;Oenologue Marjorie Bonvin.\" srcset=\"https:\/\/preprod.murailles.ch\/wp-content\/uploads\/2023\/08\/offre-oenotouristique-henri-badoux-murailles-balade-ebike.jpg 800w, https:\/\/preprod.murailles.ch\/wp-content\/uploads\/2023\/08\/offre-oenotouristique-henri-badoux-murailles-balade-ebike-300x225.jpg 300w, https:\/\/preprod.murailles.ch\/wp-content\/uploads\/2023\/08\/offre-oenotouristique-henri-badoux-murailles-balade-ebike-768x576.jpg 768w\" sizes=\"(max-width: 800px) 100vw, 800px\" \/>        <\/div>\n    \n    <div class=\"content\">\n                    <h2 class=\"block-title title-h2\">\n                Per E-Bike durch den Weinberg            <\/h2>\n        \n                    <div class=\"block-texte wysiwyg-content light\">\n                <p>Das Maison Henri Badoux f\u00fchrt <strong>E-Biker<\/strong> mitten ins Herz von Les Murailles, wo sie die geballte Sch\u00f6nheit der <strong>Weinberge<\/strong> von Aigle hautnah erleben k\u00f6nnen. Mit Blick auf die Reben geniessen Sie den Aigle les Murailles zusammen mit regionalen Spezialit\u00e4ten.<\/p>\n            <\/div>\n        \n                    <div class=\"cta-container\">\n                <a href=\"https:\/\/preprod.murailles.ch\/de\/balade-e-bike\/\" target=\"_self\" class=\"link\">Mehr infos<\/a>\n            <\/div>\n            <\/div>\n<\/section>\n\n\n\n<section class=\"gut-block gut-contenu-50-50 disposition-left bg-color-vert\" >\n            <div class=\"img\">\n            <img loading=\"lazy\" decoding=\"async\" width=\"800\" height=\"533\" src=\"https:\/\/preprod.murailles.ch\/wp-content\/uploads\/2023\/08\/offre-oenotouristique-henri-badoux-murailles-balade-vigne.jpg\" class=\"attachment-banner size-banner\" alt=\"Balade dans les vignes des Murailles \u00e0 Aigle.\" srcset=\"https:\/\/preprod.murailles.ch\/wp-content\/uploads\/2023\/08\/offre-oenotouristique-henri-badoux-murailles-balade-vigne.jpg 800w, https:\/\/preprod.murailles.ch\/wp-content\/uploads\/2023\/08\/offre-oenotouristique-henri-badoux-murailles-balade-vigne-300x200.jpg 300w, https:\/\/preprod.murailles.ch\/wp-content\/uploads\/2023\/08\/offre-oenotouristique-henri-badoux-murailles-balade-vigne-768x512.jpg 768w\" sizes=\"(max-width: 800px) 100vw, 800px\" \/>        <\/div>\n    \n    <div class=\"content\">\n                    <h2 class=\"block-title title-h2\">\n                Spaziergang zwischen den Weinreben            <\/h2>\n        \n                    <div class=\"block-texte wysiwyg-content light\">\n                <p>W\u00e4hrend des <strong>Spaziergangs<\/strong> erfreuen Sie sich an der pr\u00e4chtigen Landschaft und erhalten Informationen zur Arbeit der Winzer im Jahresverlauf. Je nach Jahreszeit k\u00f6nnen Sie die <strong>Traube<\/strong>n auch direkt vom Rebstock pfl\u00fccken und kosten.<\/p>\n            <\/div>\n        \n                    <div class=\"cta-container\">\n                <a href=\"https:\/\/preprod.murailles.ch\/de\/randonnee-vignes\/\" target=\"_self\" class=\"link\">Mehr Infos<\/a>\n            <\/div>\n            <\/div>\n<\/section>\n\n\n\n<section class=\"gut-block gut-contenu-50-50 disposition-right bg-color-none\" >\n            <div class=\"img\">\n            <img loading=\"lazy\" decoding=\"async\" width=\"800\" height=\"533\" src=\"https:\/\/preprod.murailles.ch\/wp-content\/uploads\/2023\/08\/offre-oenotouristique-henri-badoux-murailles-initiation-degustation.jpg\" class=\"attachment-banner size-banner\" alt=\"Verre de vin rouge Murailles de la Maison Henri Badoux.\" srcset=\"https:\/\/preprod.murailles.ch\/wp-content\/uploads\/2023\/08\/offre-oenotouristique-henri-badoux-murailles-initiation-degustation.jpg 800w, https:\/\/preprod.murailles.ch\/wp-content\/uploads\/2023\/08\/offre-oenotouristique-henri-badoux-murailles-initiation-degustation-300x200.jpg 300w, https:\/\/preprod.murailles.ch\/wp-content\/uploads\/2023\/08\/offre-oenotouristique-henri-badoux-murailles-initiation-degustation-768x512.jpg 768w\" sizes=\"(max-width: 800px) 100vw, 800px\" \/>        <\/div>\n    \n    <div class=\"content\">\n                    <h2 class=\"block-title title-h2\">\n                Einf\u00fchrung in die Degustation            <\/h2>\n        \n                    <div class=\"block-texte wysiwyg-content light\">\n                <p>Hier weihen Sie unsere Fachleute in s\u00e4mtliche Rituale der <strong>Degustation<\/strong> ein. Optik, Bouquet, Geschmack \u2026 Lernen Sie, Ihre Sinne zu sensibilisieren und Ihre Empfindungen in Worte zu fassen.<\/p>\n<p>&nbsp;<\/p>\n            <\/div>\n        \n                    <div class=\"cta-container\">\n                <a href=\"https:\/\/preprod.murailles.ch\/de\/initiation-degustation\/\" target=\"_self\" class=\"link\">Mehr Infos<\/a>\n            <\/div>\n            <\/div>\n<\/section>","protected":false},"excerpt":{"rendered":"","protected":false},"author":1,"featured_media":0,"parent":1629,"menu_order":0,"comment_status":"closed","ping_status":"closed","template":"","meta":{"_acf_changed":false,"inline_featured_image":false,"footnotes":""},"acf":[],"yoast_head":"<!-- This site is optimized with the Yoast SEO plugin v24.5 - https:\/\/yoast.com\/wordpress\/plugins\/seo\/ -->\n<title>Weintourismus-Angebote - Murailles<\/title>\n<meta name=\"robots\" content=\"noindex, follow, max-snippet:-1, max-image-preview:large, max-video-preview:-1\" \/>\n<meta property=\"og:locale\" content=\"de_DE\" \/>\n<meta property=\"og:type\" content=\"article\" \/>\n<meta property=\"og:title\" content=\"Weintourismus-Angebote - Murailles\" \/>\n<meta property=\"og:url\" content=\"https:\/\/preprod.murailles.ch\/de\/nous-retrouver\/offre-oenotouristique\/\" \/>\n<meta property=\"og:site_name\" content=\"Murailles\" \/>\n<meta property=\"article:modified_time\" content=\"2023-09-21T14:14:48+00:00\" \/>\n<meta name=\"twitter:card\" content=\"summary_large_image\" \/>\n<script type=\"application\/ld+json\" class=\"yoast-schema-graph\">{\"@context\":\"https:\/\/schema.org\",\"@graph\":[{\"@type\":\"WebPage\",\"@id\":\"https:\/\/preprod.murailles.ch\/de\/nous-retrouver\/offre-oenotouristique\/\",\"url\":\"https:\/\/preprod.murailles.ch\/de\/nous-retrouver\/offre-oenotouristique\/\",\"name\":\"Weintourismus-Angebote - Murailles\",\"isPartOf\":{\"@id\":\"https:\/\/preprod.murailles.ch\/de\/#website\"},\"datePublished\":\"2023-07-05T08:51:40+00:00\",\"dateModified\":\"2023-09-21T14:14:48+00:00\",\"breadcrumb\":{\"@id\":\"https:\/\/preprod.murailles.ch\/de\/nous-retrouver\/offre-oenotouristique\/#breadcrumb\"},\"inLanguage\":\"de\",\"potentialAction\":[{\"@type\":\"ReadAction\",\"target\":[\"https:\/\/preprod.murailles.ch\/de\/nous-retrouver\/offre-oenotouristique\/\"]}]},{\"@type\":\"BreadcrumbList\",\"@id\":\"https:\/\/preprod.murailles.ch\/de\/nous-retrouver\/offre-oenotouristique\/#breadcrumb\",\"itemListElement\":[{\"@type\":\"ListItem\",\"position\":1,\"name\":\"Accueil\",\"item\":\"https:\/\/preprod.murailles.ch\/de\/\"},{\"@type\":\"ListItem\",\"position\":2,\"name\":\"Uns finden\",\"item\":\"https:\/\/preprod.murailles.ch\/de\/nous-retrouver\/\"},{\"@type\":\"ListItem\",\"position\":3,\"name\":\"Weintourismus-Angebote\"}]},{\"@type\":\"WebSite\",\"@id\":\"https:\/\/preprod.murailles.ch\/de\/#website\",\"url\":\"https:\/\/preprod.murailles.ch\/de\/\",\"name\":\"Murailles\",\"description\":\"\",\"publisher\":{\"@id\":\"https:\/\/preprod.murailles.ch\/de\/#organization\"},\"potentialAction\":[{\"@type\":\"SearchAction\",\"target\":{\"@type\":\"EntryPoint\",\"urlTemplate\":\"https:\/\/preprod.murailles.ch\/de\/?s={search_term_string}\"},\"query-input\":{\"@type\":\"PropertyValueSpecification\",\"valueRequired\":true,\"valueName\":\"search_term_string\"}}],\"inLanguage\":\"de\"},{\"@type\":\"Organization\",\"@id\":\"https:\/\/preprod.murailles.ch\/de\/#organization\",\"name\":\"Murailles\",\"url\":\"https:\/\/preprod.murailles.ch\/de\/\",\"logo\":{\"@type\":\"ImageObject\",\"inLanguage\":\"de\",\"@id\":\"https:\/\/preprod.murailles.ch\/de\/#\/schema\/logo\/image\/\",\"url\":\"https:\/\/preprod.murailles.ch\/wp-content\/uploads\/2023\/06\/logo-murailles.svg\",\"contentUrl\":\"https:\/\/preprod.murailles.ch\/wp-content\/uploads\/2023\/06\/logo-murailles.svg\",\"width\":119,\"height\":40,\"caption\":\"Murailles\"},\"image\":{\"@id\":\"https:\/\/preprod.murailles.ch\/de\/#\/schema\/logo\/image\/\"}}]}<\/script>\n<!-- \/ Yoast SEO plugin. -->","yoast_head_json":{"title":"Weintourismus-Angebote - Murailles","robots":{"index":"noindex","follow":"follow","max-snippet":"max-snippet:-1","max-image-preview":"max-image-preview:large","max-video-preview":"max-video-preview:-1"},"og_locale":"de_DE","og_type":"article","og_title":"Weintourismus-Angebote - Murailles","og_url":"https:\/\/preprod.murailles.ch\/de\/nous-retrouver\/offre-oenotouristique\/","og_site_name":"Murailles","article_modified_time":"2023-09-21T14:14:48+00:00","twitter_card":"summary_large_image","schema":{"@context":"https:\/\/schema.org","@graph":[{"@type":"WebPage","@id":"https:\/\/preprod.murailles.ch\/de\/nous-retrouver\/offre-oenotouristique\/","url":"https:\/\/preprod.murailles.ch\/de\/nous-retrouver\/offre-oenotouristique\/","name":"Weintourismus-Angebote - Murailles","isPartOf":{"@id":"https:\/\/preprod.murailles.ch\/de\/#website"},"datePublished":"2023-07-05T08:51:40+00:00","dateModified":"2023-09-21T14:14:48+00:00","breadcrumb":{"@id":"https:\/\/preprod.murailles.ch\/de\/nous-retrouver\/offre-oenotouristique\/#breadcrumb"},"inLanguage":"de","potentialAction":[{"@type":"ReadAction","target":["https:\/\/preprod.murailles.ch\/de\/nous-retrouver\/offre-oenotouristique\/"]}]},{"@type":"BreadcrumbList","@id":"https:\/\/preprod.murailles.ch\/de\/nous-retrouver\/offre-oenotouristique\/#breadcrumb","itemListElement":[{"@type":"ListItem","position":1,"name":"Accueil","item":"https:\/\/preprod.murailles.ch\/de\/"},{"@type":"ListItem","position":2,"name":"Uns finden","item":"https:\/\/preprod.murailles.ch\/de\/nous-retrouver\/"},{"@type":"ListItem","position":3,"name":"Weintourismus-Angebote"}]},{"@type":"WebSite","@id":"https:\/\/preprod.murailles.ch\/de\/#website","url":"https:\/\/preprod.murailles.ch\/de\/","name":"Murailles","description":"","publisher":{"@id":"https:\/\/preprod.murailles.ch\/de\/#organization"},"potentialAction":[{"@type":"SearchAction","target":{"@type":"EntryPoint","urlTemplate":"https:\/\/preprod.murailles.ch\/de\/?s={search_term_string}"},"query-input":{"@type":"PropertyValueSpecification","valueRequired":true,"valueName":"search_term_string"}}],"inLanguage":"de"},{"@type":"Organization","@id":"https:\/\/preprod.murailles.ch\/de\/#organization","name":"Murailles","url":"https:\/\/preprod.murailles.ch\/de\/","logo":{"@type":"ImageObject","inLanguage":"de","@id":"https:\/\/preprod.murailles.ch\/de\/#\/schema\/logo\/image\/","url":"https:\/\/preprod.murailles.ch\/wp-content\/uploads\/2023\/06\/logo-murailles.svg","contentUrl":"https:\/\/preprod.murailles.ch\/wp-content\/uploads\/2023\/06\/logo-murailles.svg","width":119,"height":40,"caption":"Murailles"},"image":{"@id":"https:\/\/preprod.murailles.ch\/de\/#\/schema\/logo\/image\/"}}]}},"_links":{"self":[{"href":"https:\/\/preprod.murailles.ch\/de\/wp-json\/wp\/v2\/pages\/1633"}],"collection":[{"href":"https:\/\/preprod.murailles.ch\/de\/wp-json\/wp\/v2\/pages"}],"about":[{"href":"https:\/\/preprod.murailles.ch\/de\/wp-json\/wp\/v2\/types\/page"}],"author":[{"embeddable":true,"href":"https:\/\/preprod.murailles.ch\/de\/wp-json\/wp\/v2\/users\/1"}],"replies":[{"embeddable":true,"href":"https:\/\/preprod.murailles.ch\/de\/wp-json\/wp\/v2\/comments?post=1633"}],"version-history":[{"count":11,"href":"https:\/\/preprod.murailles.ch\/de\/wp-json\/wp\/v2\/pages\/1633\/revisions"}],"predecessor-version":[{"id":2381,"href":"https:\/\/preprod.murailles.ch\/de\/wp-json\/wp\/v2\/pages\/1633\/revisions\/2381"}],"up":[{"embeddable":true,"href":"https:\/\/preprod.murailles.ch\/de\/wp-json\/wp\/v2\/pages\/1629"}],"wp:attachment":[{"href":"https:\/\/preprod.murailles.ch\/de\/wp-json\/wp\/v2\/media?parent=1633"}],"curies":[{"name":"wp","href":"https:\/\/api.w.org\/{rel}","templated":true}]}}