{"id":1631,"date":"2023-07-05T10:51:21","date_gmt":"2023-07-05T08:51:21","guid":{"rendered":"https:\/\/preprod.murailles.ch\/nous-retrouver\/badouxtheque-espace-degustation\/"},"modified":"2023-09-11T14:59:15","modified_gmt":"2023-09-11T12:59:15","slug":"badouxtheque-espace-degustation","status":"publish","type":"page","link":"https:\/\/preprod.murailles.ch\/de\/nous-retrouver\/badouxtheque-espace-degustation\/","title":{"rendered":"Die BadouxTh\u00e8que"},"content":{"rendered":"\n\n<section class=\"gut-block gut-hero bg-color-none \" >\n        \n    <div class=\"wrap\">\n        <ul class=\"breadcrumb\">\n    <li>\n        <a href=\"https:\/\/preprod.murailles.ch\/de\/\">Murailles Weine<\/a>\n    <\/li>\n\n            <li>\n            <a href=\"https:\/\/preprod.murailles.ch\/de\/nous-retrouver\/\">Uns finden<\/a>\n        <\/li>\n    \n    \n    <li>\n        <span class=\"current\">Die BadouxTh\u00e8que<\/span>\n    <\/li>\n<\/ul>        \n        <div class=\"content\">\n            <h1 class=\"block-title title-h1\">\n                                    Die BadouxTh\u00e8que                            <\/h1>\n\n            \n                            <div class=\"block-intro wysiwyg-content\">\n                    <p>Die BadouxTh\u00e8que ist der ultimative <strong>Treffpunkt<\/strong> zum Kennenlernen der <strong>Murailles-Wein<\/strong>e. W\u00e4hrend Sie im Laden herrliche Einkaufserlebnisse erwarten, verw\u00f6hnt man Sie und Ihre Freunde in der Bar und im Loungebereich mit k\u00f6stlichen Drinks.<\/p>\n                <\/div>\n            \n                    <\/div>\n    <\/div>\n<\/section>\n\n\n\n<section class=\"gut-block gut-contenu-50-50 disposition-left bg-color-vert\" >\n            <div class=\"img\">\n            <img loading=\"lazy\" decoding=\"async\" width=\"800\" height=\"533\" src=\"https:\/\/preprod.murailles.ch\/wp-content\/uploads\/2023\/08\/Badouxtheque-Murailles-Henri-Badoux-Bar.jpg\" class=\"attachment-banner size-banner\" alt=\"D\u00e9gustation de vins les Murailles \u00e0 la table de la BadouxTh\u00e8que \u00e0 Yvorne.\" srcset=\"https:\/\/preprod.murailles.ch\/wp-content\/uploads\/2023\/08\/Badouxtheque-Murailles-Henri-Badoux-Bar.jpg 800w, https:\/\/preprod.murailles.ch\/wp-content\/uploads\/2023\/08\/Badouxtheque-Murailles-Henri-Badoux-Bar-300x200.jpg 300w, https:\/\/preprod.murailles.ch\/wp-content\/uploads\/2023\/08\/Badouxtheque-Murailles-Henri-Badoux-Bar-768x512.jpg 768w\" sizes=\"(max-width: 800px) 100vw, 800px\" \/>        <\/div>\n    \n    <div class=\"content\">\n                    <h2 class=\"block-title title-h2\">\n                Degustation            <\/h2>\n        \n                    <div class=\"block-texte wysiwyg-content light\">\n                <p>Die BadouxTh\u00e8que ist die <strong>Weinbar<\/strong>, in der alle Weine der <a href=\"https:\/\/preprod.murailles.ch\/de\/notre-marque\/\">Marke Murailles<\/a> verkostet werden k\u00f6nnen. In gem\u00fctlicher Atmosph\u00e4re kommt der ganze Zauber der Weine zum Vorschein und schenkt sch\u00f6ne Genussmomente im Freundeskreis. Der Loungebereich ist mit bequemen Sitzgelegenheiten ausgestattet, die zum entspannten Verweilen einladen. Der Barbereich eignet sich bestens zum Plaudern.<\/p>\n            <\/div>\n        \n            <\/div>\n<\/section>\n\n\n\n<section class=\"gut-block gut-contenu-50-50 disposition-right bg-color-none\" >\n            <div class=\"img\">\n            <img loading=\"lazy\" decoding=\"async\" width=\"800\" height=\"533\" src=\"https:\/\/preprod.murailles.ch\/wp-content\/uploads\/2023\/08\/Badouxtheque-Murailles-Henri-Badoux-restauration.jpg\" class=\"attachment-banner size-banner\" alt=\"Planchettes de viandes et fromages de la r\u00e9gion \u00e0 d\u00e9guster avec une bouteille de vin Aigle les Murailles.\" srcset=\"https:\/\/preprod.murailles.ch\/wp-content\/uploads\/2023\/08\/Badouxtheque-Murailles-Henri-Badoux-restauration.jpg 800w, https:\/\/preprod.murailles.ch\/wp-content\/uploads\/2023\/08\/Badouxtheque-Murailles-Henri-Badoux-restauration-300x200.jpg 300w, https:\/\/preprod.murailles.ch\/wp-content\/uploads\/2023\/08\/Badouxtheque-Murailles-Henri-Badoux-restauration-768x512.jpg 768w\" sizes=\"(max-width: 800px) 100vw, 800px\" \/>        <\/div>\n    \n    <div class=\"content\">\n                    <h2 class=\"block-title title-h2\">\n                Gastronomie            <\/h2>\n        \n                    <div class=\"block-texte wysiwyg-content light\">\n                <p>Die <strong>Speisekart<\/strong>e ist der jeweiligen Jahreszeit angepasst und basiert auf den Ideen des K\u00fcchenchefs. Im Angebot sind K\u00f6stlichkeiten wie Rindertatar, K\u00e4se vom Brett, Waadtl\u00e4nder Tapasvariationen sowie <strong>Tagesmen\u00fcs<\/strong>. Essen in ansprechendem, geselligem Ambiente mit Weinbegleitung durch Les Murailles.<\/p>\n            <\/div>\n        \n            <\/div>\n<\/section>\n\n\n\n<section class=\"gut-block gut-contenu-50-50 disposition-left bg-color-vert\" >\n            <div class=\"img\">\n            <img loading=\"lazy\" decoding=\"async\" width=\"736\" height=\"600\" src=\"https:\/\/preprod.murailles.ch\/wp-content\/uploads\/2023\/08\/Badouxtheque-Murailles-Henri-Badoux-Aigle-magasin.jpg\" class=\"attachment-banner size-banner\" alt=\"Bouteilles de vins Murailles Ros\u00e9 au magasin de la BadouxTh\u00e8que \u00e0 Yvorne.\" srcset=\"https:\/\/preprod.murailles.ch\/wp-content\/uploads\/2023\/08\/Badouxtheque-Murailles-Henri-Badoux-Aigle-magasin.jpg 736w, https:\/\/preprod.murailles.ch\/wp-content\/uploads\/2023\/08\/Badouxtheque-Murailles-Henri-Badoux-Aigle-magasin-300x245.jpg 300w\" sizes=\"(max-width: 736px) 100vw, 736px\" \/>        <\/div>\n    \n    <div class=\"content\">\n                    <h2 class=\"block-title title-h2\">\n                Shop            <\/h2>\n        \n                    <div class=\"block-texte wysiwyg-content light\">\n                <p>Im Shop der <strong>BadouxTh\u00e8que<\/strong> finden Sie neben s\u00e4mtlichen Weinen des Maison Henri Badoux alle 5 Murailles-Crus sowie ausgew\u00e4hlte lokale und ausl\u00e4ndische Weinspezialit\u00e4ten. Ganz nach Ihren W\u00fcnschen k\u00f6nnen Sie sich hier auch <strong>Geschenksets oder Geschenkk\u00f6rbe<\/strong> zusammenstellen lassen.<\/p>\n            <\/div>\n        \n            <\/div>\n<\/section>\n\n\n\n<section class=\"gut-block gut-contenu-50-50 disposition-right bg-color-none\" >\n            <div class=\"img\">\n            <img loading=\"lazy\" decoding=\"async\" width=\"800\" height=\"533\" src=\"https:\/\/preprod.murailles.ch\/wp-content\/uploads\/2023\/08\/Badouxtheque-Murailles-Henri-Badoux-salle-seminaire.jpg\" class=\"attachment-banner size-banner\" alt=\"Salle du chai \u00e0 la BadouxTh\u00e8que \u00e0 Yvorne, avec mise en place pour un repas.\" srcset=\"https:\/\/preprod.murailles.ch\/wp-content\/uploads\/2023\/08\/Badouxtheque-Murailles-Henri-Badoux-salle-seminaire.jpg 800w, https:\/\/preprod.murailles.ch\/wp-content\/uploads\/2023\/08\/Badouxtheque-Murailles-Henri-Badoux-salle-seminaire-300x200.jpg 300w, https:\/\/preprod.murailles.ch\/wp-content\/uploads\/2023\/08\/Badouxtheque-Murailles-Henri-Badoux-salle-seminaire-768x512.jpg 768w\" sizes=\"(max-width: 800px) 100vw, 800px\" \/>        <\/div>\n    \n    <div class=\"content\">\n                    <h2 class=\"block-title title-h2\">\n                Veranstaltungen            <\/h2>\n        \n                    <div class=\"block-texte wysiwyg-content light\">\n                <p>Die BadouxTh\u00e8que verf\u00fcgt \u00fcber zwei Bankett- und Seminarr\u00e4ume sowie den VIP-Bereich \u00abLe 1908\u00bb. Diese <strong>R\u00e4umlichkeiten<\/strong> stellen wir Ihnen kostenfrei f\u00fcr Ihre privaten oder gesch\u00e4ftlichen Events zur Verf\u00fcgung. Passend zu Ihrer Veranstaltung verw\u00f6hnen wir Sie und Ihre G\u00e4ste mit Gerichten aus regionalen und saisonalen Produkten und den Weinen von <strong>Henri Badoux<\/strong>.<\/p>\n            <\/div>\n        \n            <\/div>\n<\/section>\n\n\n\n<section class=\"gut-block gut-adresses bg-color-gris\" >\n    <div class=\"wrap\">\n                    <h2 class=\"block-title title-h2\">\n                Die BadouxTh\u00e8que            <\/h2>\n                \n        <div class=\"container\">\n            <div class=\"map\" data-latitude=\"46.32649719081968\" data-longitude=\"6.9619516243751285\" data-zoom=\"16\"><\/div>\n            \n            <div class=\"list\">\n                \n                    <div class=\"item\"\n                        data-id=\"0\"\n                    >\n\n                        <h3 class=\"item-title title-h4\">\n                            Rte de Lausanne 26 &#8211; 1853 Yvorne                        <\/h3>\n                        \n                                                    <div class=\"item-adresse wysiwyg-content\">\n                                <p>Nati und Jacques Deschenaux<\/p>\n<p>+41 24 467 00 40<br \/>\n<a href=\"mailto:info@labadouxtheque.ch\" target=\"_blank\" rel=\"noopener\">info@labadouxtheque.ch<\/a><br \/>\n<a href=\"https:\/\/www.group-events.ch\/la-badouxtheque\/\" target=\"_blank\" rel=\"noopener\">www.badouxtheque.ch\u00a0<\/a><\/p>\n<p>\u00d6ffnungzeiten<br \/>\nMontag&nbsp;: 8.30 &#8211; 20.00<br \/>\nDienstag&nbsp;: 8.30 &#8211; 20.00<br \/>\nMittwoch&nbsp;: 8.30 &#8211; 22.00<br \/>\nDonnerstag: 8.30 &#8211; 22.00<br \/>\nFreitag: 8.30 &#8211; 22.00<br \/>\nSamstag: 10.00 &#8211; 20.00<\/p>\n                            <\/div>\n                                    \n                                            <\/div>\n\n                            <\/div>\n        <\/div>\n    <\/div>\n<\/section>","protected":false},"excerpt":{"rendered":"","protected":false},"author":1,"featured_media":0,"parent":1629,"menu_order":0,"comment_status":"closed","ping_status":"closed","template":"","meta":{"_acf_changed":false,"inline_featured_image":false,"footnotes":""},"acf":[],"yoast_head":"<!-- This site is optimized with the Yoast SEO plugin v24.5 - https:\/\/yoast.com\/wordpress\/plugins\/seo\/ -->\n<title>D\u00e9gustez les vins Murailles \u00e0 la BadouxTh\u00e8que<\/title>\n<meta name=\"description\" content=\"Retrouvez-vous entre amis pour d\u00e9guster les vins Murailles \u00e0 la BadouxTh\u00e8que \u00e0 Yvorne: magasin, restauration et salles pour \u00e9v\u00e9nements.\" \/>\n<meta name=\"robots\" content=\"noindex, follow, max-snippet:-1, max-image-preview:large, max-video-preview:-1\" \/>\n<meta property=\"og:locale\" content=\"de_DE\" \/>\n<meta property=\"og:type\" content=\"article\" \/>\n<meta property=\"og:title\" content=\"D\u00e9gustez les vins Murailles \u00e0 la BadouxTh\u00e8que\" \/>\n<meta property=\"og:description\" content=\"Retrouvez-vous entre amis pour d\u00e9guster les vins Murailles \u00e0 la BadouxTh\u00e8que \u00e0 Yvorne: magasin, restauration et salles pour \u00e9v\u00e9nements.\" \/>\n<meta property=\"og:url\" content=\"https:\/\/preprod.murailles.ch\/de\/nous-retrouver\/badouxtheque-espace-degustation\/\" \/>\n<meta property=\"og:site_name\" content=\"Murailles\" \/>\n<meta property=\"article:modified_time\" content=\"2023-09-11T12:59:15+00:00\" \/>\n<meta name=\"twitter:card\" content=\"summary_large_image\" \/>\n<script type=\"application\/ld+json\" class=\"yoast-schema-graph\">{\"@context\":\"https:\/\/schema.org\",\"@graph\":[{\"@type\":\"WebPage\",\"@id\":\"https:\/\/preprod.murailles.ch\/de\/nous-retrouver\/badouxtheque-espace-degustation\/\",\"url\":\"https:\/\/preprod.murailles.ch\/de\/nous-retrouver\/badouxtheque-espace-degustation\/\",\"name\":\"D\u00e9gustez les vins Murailles \u00e0 la BadouxTh\u00e8que\",\"isPartOf\":{\"@id\":\"https:\/\/preprod.murailles.ch\/de\/#website\"},\"datePublished\":\"2023-07-05T08:51:21+00:00\",\"dateModified\":\"2023-09-11T12:59:15+00:00\",\"description\":\"Retrouvez-vous entre amis pour d\u00e9guster les vins Murailles \u00e0 la BadouxTh\u00e8que \u00e0 Yvorne: magasin, restauration et salles pour \u00e9v\u00e9nements.\",\"breadcrumb\":{\"@id\":\"https:\/\/preprod.murailles.ch\/de\/nous-retrouver\/badouxtheque-espace-degustation\/#breadcrumb\"},\"inLanguage\":\"de\",\"potentialAction\":[{\"@type\":\"ReadAction\",\"target\":[\"https:\/\/preprod.murailles.ch\/de\/nous-retrouver\/badouxtheque-espace-degustation\/\"]}]},{\"@type\":\"BreadcrumbList\",\"@id\":\"https:\/\/preprod.murailles.ch\/de\/nous-retrouver\/badouxtheque-espace-degustation\/#breadcrumb\",\"itemListElement\":[{\"@type\":\"ListItem\",\"position\":1,\"name\":\"Accueil\",\"item\":\"https:\/\/preprod.murailles.ch\/de\/\"},{\"@type\":\"ListItem\",\"position\":2,\"name\":\"Uns finden\",\"item\":\"https:\/\/preprod.murailles.ch\/de\/nous-retrouver\/\"},{\"@type\":\"ListItem\",\"position\":3,\"name\":\"Die BadouxTh\u00e8que\"}]},{\"@type\":\"WebSite\",\"@id\":\"https:\/\/preprod.murailles.ch\/de\/#website\",\"url\":\"https:\/\/preprod.murailles.ch\/de\/\",\"name\":\"Murailles\",\"description\":\"\",\"publisher\":{\"@id\":\"https:\/\/preprod.murailles.ch\/de\/#organization\"},\"potentialAction\":[{\"@type\":\"SearchAction\",\"target\":{\"@type\":\"EntryPoint\",\"urlTemplate\":\"https:\/\/preprod.murailles.ch\/de\/?s={search_term_string}\"},\"query-input\":{\"@type\":\"PropertyValueSpecification\",\"valueRequired\":true,\"valueName\":\"search_term_string\"}}],\"inLanguage\":\"de\"},{\"@type\":\"Organization\",\"@id\":\"https:\/\/preprod.murailles.ch\/de\/#organization\",\"name\":\"Murailles\",\"url\":\"https:\/\/preprod.murailles.ch\/de\/\",\"logo\":{\"@type\":\"ImageObject\",\"inLanguage\":\"de\",\"@id\":\"https:\/\/preprod.murailles.ch\/de\/#\/schema\/logo\/image\/\",\"url\":\"https:\/\/preprod.murailles.ch\/wp-content\/uploads\/2023\/06\/logo-murailles.svg\",\"contentUrl\":\"https:\/\/preprod.murailles.ch\/wp-content\/uploads\/2023\/06\/logo-murailles.svg\",\"width\":119,\"height\":40,\"caption\":\"Murailles\"},\"image\":{\"@id\":\"https:\/\/preprod.murailles.ch\/de\/#\/schema\/logo\/image\/\"}}]}<\/script>\n<!-- \/ Yoast SEO plugin. -->","yoast_head_json":{"title":"D\u00e9gustez les vins Murailles \u00e0 la BadouxTh\u00e8que","description":"Retrouvez-vous entre amis pour d\u00e9guster les vins Murailles \u00e0 la BadouxTh\u00e8que \u00e0 Yvorne: magasin, restauration et salles pour \u00e9v\u00e9nements.","robots":{"index":"noindex","follow":"follow","max-snippet":"max-snippet:-1","max-image-preview":"max-image-preview:large","max-video-preview":"max-video-preview:-1"},"og_locale":"de_DE","og_type":"article","og_title":"D\u00e9gustez les vins Murailles \u00e0 la BadouxTh\u00e8que","og_description":"Retrouvez-vous entre amis pour d\u00e9guster les vins Murailles \u00e0 la BadouxTh\u00e8que \u00e0 Yvorne: magasin, restauration et salles pour \u00e9v\u00e9nements.","og_url":"https:\/\/preprod.murailles.ch\/de\/nous-retrouver\/badouxtheque-espace-degustation\/","og_site_name":"Murailles","article_modified_time":"2023-09-11T12:59:15+00:00","twitter_card":"summary_large_image","schema":{"@context":"https:\/\/schema.org","@graph":[{"@type":"WebPage","@id":"https:\/\/preprod.murailles.ch\/de\/nous-retrouver\/badouxtheque-espace-degustation\/","url":"https:\/\/preprod.murailles.ch\/de\/nous-retrouver\/badouxtheque-espace-degustation\/","name":"D\u00e9gustez les vins Murailles \u00e0 la BadouxTh\u00e8que","isPartOf":{"@id":"https:\/\/preprod.murailles.ch\/de\/#website"},"datePublished":"2023-07-05T08:51:21+00:00","dateModified":"2023-09-11T12:59:15+00:00","description":"Retrouvez-vous entre amis pour d\u00e9guster les vins Murailles \u00e0 la BadouxTh\u00e8que \u00e0 Yvorne: magasin, restauration et salles pour \u00e9v\u00e9nements.","breadcrumb":{"@id":"https:\/\/preprod.murailles.ch\/de\/nous-retrouver\/badouxtheque-espace-degustation\/#breadcrumb"},"inLanguage":"de","potentialAction":[{"@type":"ReadAction","target":["https:\/\/preprod.murailles.ch\/de\/nous-retrouver\/badouxtheque-espace-degustation\/"]}]},{"@type":"BreadcrumbList","@id":"https:\/\/preprod.murailles.ch\/de\/nous-retrouver\/badouxtheque-espace-degustation\/#breadcrumb","itemListElement":[{"@type":"ListItem","position":1,"name":"Accueil","item":"https:\/\/preprod.murailles.ch\/de\/"},{"@type":"ListItem","position":2,"name":"Uns finden","item":"https:\/\/preprod.murailles.ch\/de\/nous-retrouver\/"},{"@type":"ListItem","position":3,"name":"Die BadouxTh\u00e8que"}]},{"@type":"WebSite","@id":"https:\/\/preprod.murailles.ch\/de\/#website","url":"https:\/\/preprod.murailles.ch\/de\/","name":"Murailles","description":"","publisher":{"@id":"https:\/\/preprod.murailles.ch\/de\/#organization"},"potentialAction":[{"@type":"SearchAction","target":{"@type":"EntryPoint","urlTemplate":"https:\/\/preprod.murailles.ch\/de\/?s={search_term_string}"},"query-input":{"@type":"PropertyValueSpecification","valueRequired":true,"valueName":"search_term_string"}}],"inLanguage":"de"},{"@type":"Organization","@id":"https:\/\/preprod.murailles.ch\/de\/#organization","name":"Murailles","url":"https:\/\/preprod.murailles.ch\/de\/","logo":{"@type":"ImageObject","inLanguage":"de","@id":"https:\/\/preprod.murailles.ch\/de\/#\/schema\/logo\/image\/","url":"https:\/\/preprod.murailles.ch\/wp-content\/uploads\/2023\/06\/logo-murailles.svg","contentUrl":"https:\/\/preprod.murailles.ch\/wp-content\/uploads\/2023\/06\/logo-murailles.svg","width":119,"height":40,"caption":"Murailles"},"image":{"@id":"https:\/\/preprod.murailles.ch\/de\/#\/schema\/logo\/image\/"}}]}},"_links":{"self":[{"href":"https:\/\/preprod.murailles.ch\/de\/wp-json\/wp\/v2\/pages\/1631"}],"collection":[{"href":"https:\/\/preprod.murailles.ch\/de\/wp-json\/wp\/v2\/pages"}],"about":[{"href":"https:\/\/preprod.murailles.ch\/de\/wp-json\/wp\/v2\/types\/page"}],"author":[{"embeddable":true,"href":"https:\/\/preprod.murailles.ch\/de\/wp-json\/wp\/v2\/users\/1"}],"replies":[{"embeddable":true,"href":"https:\/\/preprod.murailles.ch\/de\/wp-json\/wp\/v2\/comments?post=1631"}],"version-history":[{"count":10,"href":"https:\/\/preprod.murailles.ch\/de\/wp-json\/wp\/v2\/pages\/1631\/revisions"}],"predecessor-version":[{"id":2185,"href":"https:\/\/preprod.murailles.ch\/de\/wp-json\/wp\/v2\/pages\/1631\/revisions\/2185"}],"up":[{"embeddable":true,"href":"https:\/\/preprod.murailles.ch\/de\/wp-json\/wp\/v2\/pages\/1629"}],"wp:attachment":[{"href":"https:\/\/preprod.murailles.ch\/de\/wp-json\/wp\/v2\/media?parent=1631"}],"curies":[{"name":"wp","href":"https:\/\/api.w.org\/{rel}","templated":true}]}}