{"id":1629,"date":"2023-06-26T11:43:37","date_gmt":"2023-06-26T09:43:37","guid":{"rendered":"https:\/\/preprod.murailles.ch\/nous-retrouver\/"},"modified":"2023-09-28T16:24:56","modified_gmt":"2023-09-28T14:24:56","slug":"deguster-les-vins-murailles","status":"publish","type":"page","link":"https:\/\/preprod.murailles.ch\/de\/nous-retrouver\/","title":{"rendered":"Uns finden"},"content":{"rendered":"\n\n<section class=\"gut-block gut-hero bg-color-none \" >\n        \n    <div class=\"wrap\">\n        <ul class=\"breadcrumb\">\n    <li>\n        <a href=\"https:\/\/preprod.murailles.ch\/de\/\">Murailles Weine<\/a>\n    <\/li>\n\n    \n    \n    <li>\n        <span class=\"current\">Uns finden<\/span>\n    <\/li>\n<\/ul>        \n        <div class=\"content\">\n            <h1 class=\"block-title title-h1\">\n                                    Wo kann man die Murailles-Weine verkosten?                            <\/h1>\n\n            \n                            <div class=\"block-intro wysiwyg-content\">\n                    <p>Les Murailles kr\u00f6nen jede gesellige Runde. Was k\u00f6nnte sch\u00f6ner sein, als sich in einem unserer <strong>Partnerrestaurants<\/strong>, in der <strong>BadouxTh\u00e8que<\/strong> oder bei einer unserer <strong>weintouristischen Veranstaltungen<\/strong> von ihnen in Begeisterung versetzen zu lassen?<\/p>\n                <\/div>\n            \n                    <\/div>\n    <\/div>\n<\/section>\n\n\n\n<section class=\"gut-block gut-contenu-50-50 disposition-right bg-color-vert\" >\n            <div class=\"img\">\n            <img loading=\"lazy\" decoding=\"async\" width=\"800\" height=\"600\" src=\"https:\/\/preprod.murailles.ch\/wp-content\/uploads\/2023\/08\/badouxtheque-degustation-murailles-vins-henri-badoux.png\" class=\"attachment-banner size-banner\" alt=\"La BadouxTh\u00e8que, espace de d\u00e9gustation au coeur du vignoble.\" srcset=\"https:\/\/preprod.murailles.ch\/wp-content\/uploads\/2023\/08\/badouxtheque-degustation-murailles-vins-henri-badoux.png 800w, https:\/\/preprod.murailles.ch\/wp-content\/uploads\/2023\/08\/badouxtheque-degustation-murailles-vins-henri-badoux-300x225.png 300w, https:\/\/preprod.murailles.ch\/wp-content\/uploads\/2023\/08\/badouxtheque-degustation-murailles-vins-henri-badoux-768x576.png 768w\" sizes=\"(max-width: 800px) 100vw, 800px\" \/>        <\/div>\n    \n    <div class=\"content\">\n                    <h2 class=\"block-title title-h2\">\n                In der BadouxTh\u00e8que            <\/h2>\n        \n                    <div class=\"block-texte wysiwyg-content light\">\n                <p>Weinbar und Lounge, Seminarraum, VIP-Bereich und Shop. Die BadouxTh\u00e8que in Yvorne ist der perfekte Ort, um die Weine der <strong>Selektion Murailles<\/strong> zu probieren. Eine von den Ideen des K\u00fcchenchefs inspirierte Speisenauswahl vervollst\u00e4ndigt das <strong>Weinerlebnis<\/strong>.<\/p>\n            <\/div>\n        \n                    <div class=\"cta-container\">\n                <a href=\"https:\/\/preprod.murailles.ch\/de\/nous-retrouver\/badouxtheque-espace-degustation\/\" target=\"_self\" class=\"link\">Besuchen Sie uns<\/a>\n            <\/div>\n            <\/div>\n<\/section>\n\n\n\n<section class=\"gut-block gut-contenu-50-50 disposition-left bg-color-none\" >\n            <div class=\"img\">\n            <img loading=\"lazy\" decoding=\"async\" width=\"800\" height=\"600\" src=\"https:\/\/preprod.murailles.ch\/wp-content\/uploads\/2023\/07\/accord-mets-vin-bouteille-murailles-rose-henri-badoux-aigle.jpg\" class=\"attachment-banner size-banner\" alt=\"Suggestion d&#039;accord mets vins avec Murailles Ros\u00e9 Chablais AOC\" srcset=\"https:\/\/preprod.murailles.ch\/wp-content\/uploads\/2023\/07\/accord-mets-vin-bouteille-murailles-rose-henri-badoux-aigle.jpg 800w, https:\/\/preprod.murailles.ch\/wp-content\/uploads\/2023\/07\/accord-mets-vin-bouteille-murailles-rose-henri-badoux-aigle-300x225.jpg 300w, https:\/\/preprod.murailles.ch\/wp-content\/uploads\/2023\/07\/accord-mets-vin-bouteille-murailles-rose-henri-badoux-aigle-768x576.jpg 768w\" sizes=\"(max-width: 800px) 100vw, 800px\" \/>        <\/div>\n    \n    <div class=\"content\">\n                    <h2 class=\"block-title title-h2\">\n                Unsere Partnergastronomen            <\/h2>\n        \n                    <div class=\"block-texte wysiwyg-content light\">\n                <p>\u00dcberall in der <strong>Schweiz<\/strong> finden sich unsere Murailles-Weine auf den Tischen von Gastst\u00e4tten und Restaurants. Egal ob beim Ap\u00e9ro auf einer Terrasse, beim Business Lunch oder einem Gourmetmen\u00fc \u2013 Sie k\u00f6nnen sich jederzeit auf unsere Partner in der <strong>Gastronomie<\/strong> verlassen.<\/p>\n            <\/div>\n        \n                    <div class=\"cta-container\">\n                <a href=\"https:\/\/preprod.murailles.ch\/nous-retrouver\/restaurateurs\/\" target=\"_self\" class=\"link\">Entdecken Sie unsere Partner<\/a>\n            <\/div>\n            <\/div>\n<\/section>\n\n\n\n<section class=\"gut-block gut-contenu-50-50 disposition-right bg-color-vert\" >\n            <div class=\"img\">\n            <img loading=\"lazy\" decoding=\"async\" width=\"800\" height=\"533\" src=\"https:\/\/preprod.murailles.ch\/wp-content\/uploads\/2023\/08\/offre-oenotouristique-henri-badoux-murailles-visite-cave.jpg\" class=\"attachment-banner size-banner\" alt=\"Visite de cave entre les cuves en inox.\" srcset=\"https:\/\/preprod.murailles.ch\/wp-content\/uploads\/2023\/08\/offre-oenotouristique-henri-badoux-murailles-visite-cave.jpg 800w, https:\/\/preprod.murailles.ch\/wp-content\/uploads\/2023\/08\/offre-oenotouristique-henri-badoux-murailles-visite-cave-300x200.jpg 300w, https:\/\/preprod.murailles.ch\/wp-content\/uploads\/2023\/08\/offre-oenotouristique-henri-badoux-murailles-visite-cave-768x512.jpg 768w\" sizes=\"(max-width: 800px) 100vw, 800px\" \/>        <\/div>\n    \n    <div class=\"content\">\n                    <h2 class=\"block-title title-h2\">\n                Weintouristische Erlebnisse             <\/h2>\n        \n                    <div class=\"block-texte wysiwyg-content light\">\n                <p>Sowohl beim Degustieren im <strong>Weinkeller<\/strong> als auch beim Spazieren oder E-Biken durch den <strong>Weinberg<\/strong> enth\u00fcllen die Mitarbeitenden des Maison Henri Badoux allerhand Geheimnisse rund um die magische Entstehung der Weine von <strong>Les Murailles<\/strong>.<\/p>\n<p>&nbsp;<\/p>\n            <\/div>\n        \n                    <div class=\"cta-container\">\n                <a href=\"https:\/\/preprod.murailles.ch\/de\/nous-retrouver\/offre-oenotouristique\/\" target=\"_self\" class=\"link\">Entdecken Sie alle Aktivit\u00e4ten<\/a>\n            <\/div>\n            <\/div>\n<\/section>","protected":false},"excerpt":{"rendered":"","protected":false},"author":1,"featured_media":0,"parent":0,"menu_order":0,"comment_status":"closed","ping_status":"closed","template":"","meta":{"_acf_changed":false,"inline_featured_image":false,"footnotes":""},"acf":[],"yoast_head":"<!-- This site is optimized with the Yoast SEO plugin v24.5 - https:\/\/yoast.com\/wordpress\/plugins\/seo\/ -->\n<title>O\u00f9 d\u00e9gustez les vins Murailles ?<\/title>\n<meta name=\"description\" content=\"Envie de d\u00e9guster les vins Murailles ? Rendez-vous \u00e0 la BadouxTh\u00e8que, chez un restaurateur partenaire ou lors d&#039;une visite oenotouristique.\" \/>\n<meta name=\"robots\" content=\"noindex, follow, max-snippet:-1, max-image-preview:large, max-video-preview:-1\" \/>\n<meta property=\"og:locale\" content=\"de_DE\" \/>\n<meta property=\"og:type\" content=\"article\" \/>\n<meta property=\"og:title\" content=\"O\u00f9 d\u00e9gustez les vins Murailles ?\" \/>\n<meta property=\"og:description\" content=\"Envie de d\u00e9guster les vins Murailles ? Rendez-vous \u00e0 la BadouxTh\u00e8que, chez un restaurateur partenaire ou lors d&#039;une visite oenotouristique.\" \/>\n<meta property=\"og:url\" content=\"https:\/\/preprod.murailles.ch\/de\/nous-retrouver\/\" \/>\n<meta property=\"og:site_name\" content=\"Murailles\" \/>\n<meta property=\"article:modified_time\" content=\"2023-09-28T14:24:56+00:00\" \/>\n<meta name=\"twitter:card\" content=\"summary_large_image\" \/>\n<script type=\"application\/ld+json\" class=\"yoast-schema-graph\">{\"@context\":\"https:\/\/schema.org\",\"@graph\":[{\"@type\":\"WebPage\",\"@id\":\"https:\/\/preprod.murailles.ch\/de\/nous-retrouver\/\",\"url\":\"https:\/\/preprod.murailles.ch\/de\/nous-retrouver\/\",\"name\":\"O\u00f9 d\u00e9gustez les vins Murailles ?\",\"isPartOf\":{\"@id\":\"https:\/\/preprod.murailles.ch\/de\/#website\"},\"datePublished\":\"2023-06-26T09:43:37+00:00\",\"dateModified\":\"2023-09-28T14:24:56+00:00\",\"description\":\"Envie de d\u00e9guster les vins Murailles ? Rendez-vous \u00e0 la BadouxTh\u00e8que, chez un restaurateur partenaire ou lors d'une visite oenotouristique.\",\"breadcrumb\":{\"@id\":\"https:\/\/preprod.murailles.ch\/de\/nous-retrouver\/#breadcrumb\"},\"inLanguage\":\"de\",\"potentialAction\":[{\"@type\":\"ReadAction\",\"target\":[\"https:\/\/preprod.murailles.ch\/de\/nous-retrouver\/\"]}]},{\"@type\":\"BreadcrumbList\",\"@id\":\"https:\/\/preprod.murailles.ch\/de\/nous-retrouver\/#breadcrumb\",\"itemListElement\":[{\"@type\":\"ListItem\",\"position\":1,\"name\":\"Accueil\",\"item\":\"https:\/\/preprod.murailles.ch\/de\/\"},{\"@type\":\"ListItem\",\"position\":2,\"name\":\"Uns finden\"}]},{\"@type\":\"WebSite\",\"@id\":\"https:\/\/preprod.murailles.ch\/de\/#website\",\"url\":\"https:\/\/preprod.murailles.ch\/de\/\",\"name\":\"Murailles\",\"description\":\"\",\"publisher\":{\"@id\":\"https:\/\/preprod.murailles.ch\/de\/#organization\"},\"potentialAction\":[{\"@type\":\"SearchAction\",\"target\":{\"@type\":\"EntryPoint\",\"urlTemplate\":\"https:\/\/preprod.murailles.ch\/de\/?s={search_term_string}\"},\"query-input\":{\"@type\":\"PropertyValueSpecification\",\"valueRequired\":true,\"valueName\":\"search_term_string\"}}],\"inLanguage\":\"de\"},{\"@type\":\"Organization\",\"@id\":\"https:\/\/preprod.murailles.ch\/de\/#organization\",\"name\":\"Murailles\",\"url\":\"https:\/\/preprod.murailles.ch\/de\/\",\"logo\":{\"@type\":\"ImageObject\",\"inLanguage\":\"de\",\"@id\":\"https:\/\/preprod.murailles.ch\/de\/#\/schema\/logo\/image\/\",\"url\":\"https:\/\/preprod.murailles.ch\/wp-content\/uploads\/2023\/06\/logo-murailles.svg\",\"contentUrl\":\"https:\/\/preprod.murailles.ch\/wp-content\/uploads\/2023\/06\/logo-murailles.svg\",\"width\":119,\"height\":40,\"caption\":\"Murailles\"},\"image\":{\"@id\":\"https:\/\/preprod.murailles.ch\/de\/#\/schema\/logo\/image\/\"}}]}<\/script>\n<!-- \/ Yoast SEO plugin. -->","yoast_head_json":{"title":"O\u00f9 d\u00e9gustez les vins Murailles ?","description":"Envie de d\u00e9guster les vins Murailles ? Rendez-vous \u00e0 la BadouxTh\u00e8que, chez un restaurateur partenaire ou lors d'une visite oenotouristique.","robots":{"index":"noindex","follow":"follow","max-snippet":"max-snippet:-1","max-image-preview":"max-image-preview:large","max-video-preview":"max-video-preview:-1"},"og_locale":"de_DE","og_type":"article","og_title":"O\u00f9 d\u00e9gustez les vins Murailles ?","og_description":"Envie de d\u00e9guster les vins Murailles ? Rendez-vous \u00e0 la BadouxTh\u00e8que, chez un restaurateur partenaire ou lors d'une visite oenotouristique.","og_url":"https:\/\/preprod.murailles.ch\/de\/nous-retrouver\/","og_site_name":"Murailles","article_modified_time":"2023-09-28T14:24:56+00:00","twitter_card":"summary_large_image","schema":{"@context":"https:\/\/schema.org","@graph":[{"@type":"WebPage","@id":"https:\/\/preprod.murailles.ch\/de\/nous-retrouver\/","url":"https:\/\/preprod.murailles.ch\/de\/nous-retrouver\/","name":"O\u00f9 d\u00e9gustez les vins Murailles ?","isPartOf":{"@id":"https:\/\/preprod.murailles.ch\/de\/#website"},"datePublished":"2023-06-26T09:43:37+00:00","dateModified":"2023-09-28T14:24:56+00:00","description":"Envie de d\u00e9guster les vins Murailles ? Rendez-vous \u00e0 la BadouxTh\u00e8que, chez un restaurateur partenaire ou lors d'une visite oenotouristique.","breadcrumb":{"@id":"https:\/\/preprod.murailles.ch\/de\/nous-retrouver\/#breadcrumb"},"inLanguage":"de","potentialAction":[{"@type":"ReadAction","target":["https:\/\/preprod.murailles.ch\/de\/nous-retrouver\/"]}]},{"@type":"BreadcrumbList","@id":"https:\/\/preprod.murailles.ch\/de\/nous-retrouver\/#breadcrumb","itemListElement":[{"@type":"ListItem","position":1,"name":"Accueil","item":"https:\/\/preprod.murailles.ch\/de\/"},{"@type":"ListItem","position":2,"name":"Uns finden"}]},{"@type":"WebSite","@id":"https:\/\/preprod.murailles.ch\/de\/#website","url":"https:\/\/preprod.murailles.ch\/de\/","name":"Murailles","description":"","publisher":{"@id":"https:\/\/preprod.murailles.ch\/de\/#organization"},"potentialAction":[{"@type":"SearchAction","target":{"@type":"EntryPoint","urlTemplate":"https:\/\/preprod.murailles.ch\/de\/?s={search_term_string}"},"query-input":{"@type":"PropertyValueSpecification","valueRequired":true,"valueName":"search_term_string"}}],"inLanguage":"de"},{"@type":"Organization","@id":"https:\/\/preprod.murailles.ch\/de\/#organization","name":"Murailles","url":"https:\/\/preprod.murailles.ch\/de\/","logo":{"@type":"ImageObject","inLanguage":"de","@id":"https:\/\/preprod.murailles.ch\/de\/#\/schema\/logo\/image\/","url":"https:\/\/preprod.murailles.ch\/wp-content\/uploads\/2023\/06\/logo-murailles.svg","contentUrl":"https:\/\/preprod.murailles.ch\/wp-content\/uploads\/2023\/06\/logo-murailles.svg","width":119,"height":40,"caption":"Murailles"},"image":{"@id":"https:\/\/preprod.murailles.ch\/de\/#\/schema\/logo\/image\/"}}]}},"_links":{"self":[{"href":"https:\/\/preprod.murailles.ch\/de\/wp-json\/wp\/v2\/pages\/1629"}],"collection":[{"href":"https:\/\/preprod.murailles.ch\/de\/wp-json\/wp\/v2\/pages"}],"about":[{"href":"https:\/\/preprod.murailles.ch\/de\/wp-json\/wp\/v2\/types\/page"}],"author":[{"embeddable":true,"href":"https:\/\/preprod.murailles.ch\/de\/wp-json\/wp\/v2\/users\/1"}],"replies":[{"embeddable":true,"href":"https:\/\/preprod.murailles.ch\/de\/wp-json\/wp\/v2\/comments?post=1629"}],"version-history":[{"count":13,"href":"https:\/\/preprod.murailles.ch\/de\/wp-json\/wp\/v2\/pages\/1629\/revisions"}],"predecessor-version":[{"id":2602,"href":"https:\/\/preprod.murailles.ch\/de\/wp-json\/wp\/v2\/pages\/1629\/revisions\/2602"}],"wp:attachment":[{"href":"https:\/\/preprod.murailles.ch\/de\/wp-json\/wp\/v2\/media?parent=1629"}],"curies":[{"name":"wp","href":"https:\/\/api.w.org\/{rel}","templated":true}]}}