{"id":1627,"date":"2023-07-05T14:08:01","date_gmt":"2023-07-05T12:08:01","guid":{"rendered":"https:\/\/preprod.murailles.ch\/nous-contacter\/"},"modified":"2023-09-11T16:31:53","modified_gmt":"2023-09-11T14:31:53","slug":"nous-contacter","status":"publish","type":"page","link":"https:\/\/preprod.murailles.ch\/de\/nous-contacter\/","title":{"rendered":"Nous contacter"},"content":{"rendered":"\n\n<section class=\"gut-block gut-hero bg-color-gris \" >\n        \n    <div class=\"wrap\">\n        <ul class=\"breadcrumb\">\n    <li>\n        <a href=\"https:\/\/preprod.murailles.ch\/de\/\">Murailles Weine<\/a>\n    <\/li>\n\n    \n    \n    <li>\n        <span class=\"current\">Nous contacter<\/span>\n    <\/li>\n<\/ul>        \n        <div class=\"content\">\n            <h1 class=\"block-title title-h1\">\n                                    Nous contacter                            <\/h1>\n\n            \n                            <div class=\"block-intro wysiwyg-content\">\n                    <p>Nous sommes \u00e0 votre \u00e9coute. Contactez-nous pour des conseils sur nos vins, des offres d&#8217;accueil oenotouristiques ou toutes autres questions.<\/p>\n                <\/div>\n            \n                            <div class=\"cta-container\">\n                    <a href=\"mailto:info@henri-badoux.ch\" target=\"_blank\" class=\"btn\">Ecrivez-nous<\/a>\n                <\/div>\n                    <\/div>\n    <\/div>\n<\/section>\n\n\n\n<section class=\"gut-block gut-informations-cles bg-color-none\" >\n    <div class=\"wrap\">\n                    <h2 class=\"block-title title-h2\">\n                A votre service            <\/h2>\n                \n        <div class=\"container\">\n            \n                <div class=\"item\">\n                                            <div class=\"picto\">\n                            <img loading=\"lazy\" decoding=\"async\" width=\"90\" height=\"90\" src=\"https:\/\/preprod.murailles.ch\/wp-content\/uploads\/2023\/08\/telephone.png\" class=\"attachment-medium size-medium\" alt=\"\" \/>                        <\/div>\n                                    \n                    <h3 class=\"item-title title-h4\">\n                        Service client                    <\/h3>\n                    \n                                            <div class=\"item-description wysiwyg-content\">\n                            <p>Maison Henri Badoux<br \/>\nRte d&#8217;Ollon 8<br \/>\n1860 Aigle<\/p>\n<p>+41 (0)24 468 68 88<br \/>\n<a href=\"mailto:info@henri-badoux.ch\" target=\"_blank\" rel=\"noopener\">info@henri-badoux.ch<\/a><br \/>\n<a href=\"https:\/\/www.henri-badoux.ch\/fr\/\" target=\"_blank\" rel=\"noopener\">www.henri-badoux.ch\u00a0<\/a><\/p>\n<p>Du lundi au vendredi<br \/>\nDe 7h30-12h et 13h30-17h<\/p>\n                        <\/div>\n                            \n                                    <\/div>\n\n            \n                <div class=\"item\">\n                                            <div class=\"picto\">\n                            <img loading=\"lazy\" decoding=\"async\" width=\"39\" height=\"70\" src=\"https:\/\/preprod.murailles.ch\/wp-content\/uploads\/2023\/07\/picto-3.png\" class=\"attachment-medium size-medium\" alt=\"\" \/>                        <\/div>\n                                    \n                    <h3 class=\"item-title title-h4\">\n                        La BadouxTh\u00e8que                    <\/h3>\n                    \n                                            <div class=\"item-description wysiwyg-content\">\n                            <p>La BadouxTh\u00e8que<br \/>\nRte de Lausanne 28<br \/>\n1853 Yvorne<\/p>\n<p>+41 (0)24 468 00 40<br \/>\n<a href=\"mailto:info@badouxtheque.ch\" target=\"_blank\" rel=\"noopener\">info@badouxtheque.ch<\/a><br \/>\n<a href=\"https:\/\/www.group-events.ch\/la-badouxtheque\/\" target=\"_blank\" rel=\"noopener\">www.badouxtheque.ch<\/a><\/p>\n<p>Du lundi au samedi<br \/>\nDe 8h30 \u00e0 22h<\/p>\n                        <\/div>\n                            \n                                    <\/div>\n\n                    <\/div>\n    <\/div>\n<\/section>","protected":false},"excerpt":{"rendered":"","protected":false},"author":1,"featured_media":0,"parent":0,"menu_order":0,"comment_status":"closed","ping_status":"closed","template":"","meta":{"_acf_changed":false,"inline_featured_image":false,"footnotes":""},"acf":[],"yoast_head":"<!-- This site is optimized with the Yoast SEO plugin v24.5 - https:\/\/yoast.com\/wordpress\/plugins\/seo\/ -->\n<title>Service clients - Achat, conseils, suivi de commande<\/title>\n<meta name=\"description\" content=\"Le service client de la Maison Henri Badoux est \u00e0 votre enti\u00e8re disposition pour toutes vos questions. Achat de vin, suivi de commande et conseils de d\u00e9gustation.\" \/>\n<meta name=\"robots\" content=\"noindex, follow, max-snippet:-1, max-image-preview:large, max-video-preview:-1\" \/>\n<meta property=\"og:locale\" content=\"de_DE\" \/>\n<meta property=\"og:type\" content=\"article\" \/>\n<meta property=\"og:title\" content=\"Service clients - Achat, conseils, suivi de commande\" \/>\n<meta property=\"og:description\" content=\"Le service client de la Maison Henri Badoux est \u00e0 votre enti\u00e8re disposition pour toutes vos questions. Achat de vin, suivi de commande et conseils de d\u00e9gustation.\" \/>\n<meta property=\"og:url\" content=\"https:\/\/preprod.murailles.ch\/de\/nous-contacter\/\" \/>\n<meta property=\"og:site_name\" content=\"Murailles\" \/>\n<meta property=\"article:modified_time\" content=\"2023-09-11T14:31:53+00:00\" \/>\n<meta name=\"twitter:card\" content=\"summary_large_image\" \/>\n<script type=\"application\/ld+json\" class=\"yoast-schema-graph\">{\"@context\":\"https:\/\/schema.org\",\"@graph\":[{\"@type\":\"WebPage\",\"@id\":\"https:\/\/preprod.murailles.ch\/de\/nous-contacter\/\",\"url\":\"https:\/\/preprod.murailles.ch\/de\/nous-contacter\/\",\"name\":\"Service clients - Achat, conseils, suivi de commande\",\"isPartOf\":{\"@id\":\"https:\/\/preprod.murailles.ch\/de\/#website\"},\"datePublished\":\"2023-07-05T12:08:01+00:00\",\"dateModified\":\"2023-09-11T14:31:53+00:00\",\"description\":\"Le service client de la Maison Henri Badoux est \u00e0 votre enti\u00e8re disposition pour toutes vos questions. Achat de vin, suivi de commande et conseils de d\u00e9gustation.\",\"breadcrumb\":{\"@id\":\"https:\/\/preprod.murailles.ch\/de\/nous-contacter\/#breadcrumb\"},\"inLanguage\":\"de\",\"potentialAction\":[{\"@type\":\"ReadAction\",\"target\":[\"https:\/\/preprod.murailles.ch\/de\/nous-contacter\/\"]}]},{\"@type\":\"BreadcrumbList\",\"@id\":\"https:\/\/preprod.murailles.ch\/de\/nous-contacter\/#breadcrumb\",\"itemListElement\":[{\"@type\":\"ListItem\",\"position\":1,\"name\":\"Accueil\",\"item\":\"https:\/\/preprod.murailles.ch\/de\/\"},{\"@type\":\"ListItem\",\"position\":2,\"name\":\"Nous contacter\"}]},{\"@type\":\"WebSite\",\"@id\":\"https:\/\/preprod.murailles.ch\/de\/#website\",\"url\":\"https:\/\/preprod.murailles.ch\/de\/\",\"name\":\"Murailles\",\"description\":\"\",\"publisher\":{\"@id\":\"https:\/\/preprod.murailles.ch\/de\/#organization\"},\"potentialAction\":[{\"@type\":\"SearchAction\",\"target\":{\"@type\":\"EntryPoint\",\"urlTemplate\":\"https:\/\/preprod.murailles.ch\/de\/?s={search_term_string}\"},\"query-input\":{\"@type\":\"PropertyValueSpecification\",\"valueRequired\":true,\"valueName\":\"search_term_string\"}}],\"inLanguage\":\"de\"},{\"@type\":\"Organization\",\"@id\":\"https:\/\/preprod.murailles.ch\/de\/#organization\",\"name\":\"Murailles\",\"url\":\"https:\/\/preprod.murailles.ch\/de\/\",\"logo\":{\"@type\":\"ImageObject\",\"inLanguage\":\"de\",\"@id\":\"https:\/\/preprod.murailles.ch\/de\/#\/schema\/logo\/image\/\",\"url\":\"https:\/\/preprod.murailles.ch\/wp-content\/uploads\/2023\/06\/logo-murailles.svg\",\"contentUrl\":\"https:\/\/preprod.murailles.ch\/wp-content\/uploads\/2023\/06\/logo-murailles.svg\",\"width\":119,\"height\":40,\"caption\":\"Murailles\"},\"image\":{\"@id\":\"https:\/\/preprod.murailles.ch\/de\/#\/schema\/logo\/image\/\"}}]}<\/script>\n<!-- \/ Yoast SEO plugin. -->","yoast_head_json":{"title":"Service clients - Achat, conseils, suivi de commande","description":"Le service client de la Maison Henri Badoux est \u00e0 votre enti\u00e8re disposition pour toutes vos questions. Achat de vin, suivi de commande et conseils de d\u00e9gustation.","robots":{"index":"noindex","follow":"follow","max-snippet":"max-snippet:-1","max-image-preview":"max-image-preview:large","max-video-preview":"max-video-preview:-1"},"og_locale":"de_DE","og_type":"article","og_title":"Service clients - Achat, conseils, suivi de commande","og_description":"Le service client de la Maison Henri Badoux est \u00e0 votre enti\u00e8re disposition pour toutes vos questions. Achat de vin, suivi de commande et conseils de d\u00e9gustation.","og_url":"https:\/\/preprod.murailles.ch\/de\/nous-contacter\/","og_site_name":"Murailles","article_modified_time":"2023-09-11T14:31:53+00:00","twitter_card":"summary_large_image","schema":{"@context":"https:\/\/schema.org","@graph":[{"@type":"WebPage","@id":"https:\/\/preprod.murailles.ch\/de\/nous-contacter\/","url":"https:\/\/preprod.murailles.ch\/de\/nous-contacter\/","name":"Service clients - Achat, conseils, suivi de commande","isPartOf":{"@id":"https:\/\/preprod.murailles.ch\/de\/#website"},"datePublished":"2023-07-05T12:08:01+00:00","dateModified":"2023-09-11T14:31:53+00:00","description":"Le service client de la Maison Henri Badoux est \u00e0 votre enti\u00e8re disposition pour toutes vos questions. Achat de vin, suivi de commande et conseils de d\u00e9gustation.","breadcrumb":{"@id":"https:\/\/preprod.murailles.ch\/de\/nous-contacter\/#breadcrumb"},"inLanguage":"de","potentialAction":[{"@type":"ReadAction","target":["https:\/\/preprod.murailles.ch\/de\/nous-contacter\/"]}]},{"@type":"BreadcrumbList","@id":"https:\/\/preprod.murailles.ch\/de\/nous-contacter\/#breadcrumb","itemListElement":[{"@type":"ListItem","position":1,"name":"Accueil","item":"https:\/\/preprod.murailles.ch\/de\/"},{"@type":"ListItem","position":2,"name":"Nous contacter"}]},{"@type":"WebSite","@id":"https:\/\/preprod.murailles.ch\/de\/#website","url":"https:\/\/preprod.murailles.ch\/de\/","name":"Murailles","description":"","publisher":{"@id":"https:\/\/preprod.murailles.ch\/de\/#organization"},"potentialAction":[{"@type":"SearchAction","target":{"@type":"EntryPoint","urlTemplate":"https:\/\/preprod.murailles.ch\/de\/?s={search_term_string}"},"query-input":{"@type":"PropertyValueSpecification","valueRequired":true,"valueName":"search_term_string"}}],"inLanguage":"de"},{"@type":"Organization","@id":"https:\/\/preprod.murailles.ch\/de\/#organization","name":"Murailles","url":"https:\/\/preprod.murailles.ch\/de\/","logo":{"@type":"ImageObject","inLanguage":"de","@id":"https:\/\/preprod.murailles.ch\/de\/#\/schema\/logo\/image\/","url":"https:\/\/preprod.murailles.ch\/wp-content\/uploads\/2023\/06\/logo-murailles.svg","contentUrl":"https:\/\/preprod.murailles.ch\/wp-content\/uploads\/2023\/06\/logo-murailles.svg","width":119,"height":40,"caption":"Murailles"},"image":{"@id":"https:\/\/preprod.murailles.ch\/de\/#\/schema\/logo\/image\/"}}]}},"_links":{"self":[{"href":"https:\/\/preprod.murailles.ch\/de\/wp-json\/wp\/v2\/pages\/1627"}],"collection":[{"href":"https:\/\/preprod.murailles.ch\/de\/wp-json\/wp\/v2\/pages"}],"about":[{"href":"https:\/\/preprod.murailles.ch\/de\/wp-json\/wp\/v2\/types\/page"}],"author":[{"embeddable":true,"href":"https:\/\/preprod.murailles.ch\/de\/wp-json\/wp\/v2\/users\/1"}],"replies":[{"embeddable":true,"href":"https:\/\/preprod.murailles.ch\/de\/wp-json\/wp\/v2\/comments?post=1627"}],"version-history":[{"count":4,"href":"https:\/\/preprod.murailles.ch\/de\/wp-json\/wp\/v2\/pages\/1627\/revisions"}],"predecessor-version":[{"id":2200,"href":"https:\/\/preprod.murailles.ch\/de\/wp-json\/wp\/v2\/pages\/1627\/revisions\/2200"}],"wp:attachment":[{"href":"https:\/\/preprod.murailles.ch\/de\/wp-json\/wp\/v2\/media?parent=1627"}],"curies":[{"name":"wp","href":"https:\/\/api.w.org\/{rel}","templated":true}]}}