{"id":1623,"date":"2023-06-26T11:41:06","date_gmt":"2023-06-26T09:41:06","guid":{"rendered":"https:\/\/preprod.murailles.ch\/vins-murailles\/"},"modified":"2023-09-28T16:10:06","modified_gmt":"2023-09-28T14:10:06","slug":"vins-murailles","status":"publish","type":"page","link":"https:\/\/preprod.murailles.ch\/de\/vins-murailles\/","title":{"rendered":"Unsere Weine"},"content":{"rendered":"\n\n<section class=\"gut-block gut-hero bg-color-none \" >\n        \n    <div class=\"wrap\">\n        <ul class=\"breadcrumb\">\n    <li>\n        <a href=\"https:\/\/preprod.murailles.ch\/de\/\">Murailles Weine<\/a>\n    <\/li>\n\n    \n    \n    <li>\n        <span class=\"current\">Unsere Weine<\/span>\n    <\/li>\n<\/ul>        \n        <div class=\"content\">\n            <h1 class=\"block-title title-h1\">\n                                    Unsere Weine                            <\/h1>\n\n            \n                            <div class=\"block-intro wysiwyg-content\">\n                    <p>Den <strong>Aigle les Murailles<\/strong> gibt es in <strong>5 verschiede Crus<\/strong>: <span data-sheets-value=\"{&quot;1&quot;:2,&quot;2&quot;:&quot;Aujourd\u2019hui, la marque Murailles se d\u00e9cline en cinq crus: Aigle les Murailles, Murailles rouge, Murailles Ros\u00e9, Murailles Brut et Murailles Brut Ros\u00e9 &quot;}\" data-sheets-userformat=\"{&quot;2&quot;:2877,&quot;3&quot;:{&quot;1&quot;:0},&quot;5&quot;:{&quot;1&quot;:[{&quot;1&quot;:2,&quot;2&quot;:0,&quot;5&quot;:{&quot;1&quot;:2,&quot;2&quot;:0}},{&quot;1&quot;:0,&quot;2&quot;:0,&quot;3&quot;:3},{&quot;1&quot;:1,&quot;2&quot;:0,&quot;4&quot;:1}]},&quot;6&quot;:{&quot;1&quot;:[{&quot;1&quot;:2,&quot;2&quot;:0,&quot;5&quot;:{&quot;1&quot;:2,&quot;2&quot;:0}},{&quot;1&quot;:0,&quot;2&quot;:0,&quot;3&quot;:3},{&quot;1&quot;:1,&quot;2&quot;:0,&quot;4&quot;:1}]},&quot;7&quot;:{&quot;1&quot;:[{&quot;1&quot;:2,&quot;2&quot;:0,&quot;5&quot;:{&quot;1&quot;:2,&quot;2&quot;:0}},{&quot;1&quot;:0,&quot;2&quot;:0,&quot;3&quot;:3},{&quot;1&quot;:1,&quot;2&quot;:0,&quot;4&quot;:1}]},&quot;8&quot;:{&quot;1&quot;:[{&quot;1&quot;:2,&quot;2&quot;:0,&quot;5&quot;:{&quot;1&quot;:2,&quot;2&quot;:0}},{&quot;1&quot;:0,&quot;2&quot;:0,&quot;3&quot;:3},{&quot;1&quot;:1,&quot;2&quot;:0,&quot;4&quot;:1}]},&quot;11&quot;:4,&quot;12&quot;:0,&quot;14&quot;:{&quot;1&quot;:2,&quot;2&quot;:3450963}}\">Aigle les Murailles, Murailles Rot, Murailles Ros\u00e9, Murailles Brut und Murailles Brut Ros\u00e9.<\/span><\/p>\n                <\/div>\n            \n                    <\/div>\n    <\/div>\n<\/section>\n\n\n\n<section class=\"gut-block gut-produits bg-color-none\" >\n    <div class=\"wrap\">\n                \n        <div class=\"container\">\n                            \n\n<article class=\"preview-vin post-1623 page type-page status-publish hentry\">\n\t\t\t<a href=\"https:\/\/preprod.murailles.ch\/nos-vins\/vin-murailles-rouge-henri-badoux\/\" class=\"preview-img\">\n\t\t\t<img loading=\"lazy\" decoding=\"async\" width=\"283\" height=\"846\" src=\"https:\/\/preprod.murailles.ch\/wp-content\/uploads\/2023\/07\/Vin-Murailles-Rouge-Henri-Badoux-Aigle-Suisse.png\" class=\"attachment-large size-large\" alt=\"Bouteille de vin rouge Murailles Chablais AOC Henri Badoux Suisse\" srcset=\"https:\/\/preprod.murailles.ch\/wp-content\/uploads\/2023\/07\/Vin-Murailles-Rouge-Henri-Badoux-Aigle-Suisse.png 283w, https:\/\/preprod.murailles.ch\/wp-content\/uploads\/2023\/07\/Vin-Murailles-Rouge-Henri-Badoux-Aigle-Suisse-100x300.png 100w\" sizes=\"(max-width: 283px) 100vw, 283px\" \/>\t\t<\/a>\n\t\n\t<div class=\"preview-content\">\n\t\t<h3 class=\"preview-title title-h4\"><a href=\"https:\/\/preprod.murailles.ch\/nos-vins\/vin-murailles-rouge-henri-badoux\/\">Murailles Rouge<\/a><\/h3>\n\n\t\t\t\t\t<p class=\"preview-category\">Vin rouge<\/p>\n\t\t\n\t\t<div class=\"preview-cta\">\n\t\t\t<a href=\"https:\/\/preprod.murailles.ch\/nos-vins\/vin-murailles-rouge-henri-badoux\/\" class=\"link\">Entdecken<\/a>\n\t\t<\/div>\n\t<\/div>\n<\/article>\n                            \n\n<article class=\"preview-vin post-1623 page type-page status-publish hentry\">\n\t\t\t<a href=\"https:\/\/preprod.murailles.ch\/nos-vins\/vin-aigle-murailles-blanc\/\" class=\"preview-img\">\n\t\t\t<img loading=\"lazy\" decoding=\"async\" width=\"321\" height=\"764\" src=\"https:\/\/preprod.murailles.ch\/wp-content\/uploads\/2023\/06\/bouteille-1.png\" class=\"attachment-large size-large\" alt=\"Bouteille de vin blanc Aigle les Murailles de la Maison Henri Badoux \u00e0 Aigle\" srcset=\"https:\/\/preprod.murailles.ch\/wp-content\/uploads\/2023\/06\/bouteille-1.png 321w, https:\/\/preprod.murailles.ch\/wp-content\/uploads\/2023\/06\/bouteille-1-126x300.png 126w\" sizes=\"(max-width: 321px) 100vw, 321px\" \/>\t\t<\/a>\n\t\n\t<div class=\"preview-content\">\n\t\t<h3 class=\"preview-title title-h4\"><a href=\"https:\/\/preprod.murailles.ch\/nos-vins\/vin-aigle-murailles-blanc\/\">Aigle les Murailles<\/a><\/h3>\n\n\t\t\t\t\t<p class=\"preview-category\">Vin blanc<\/p>\n\t\t\n\t\t<div class=\"preview-cta\">\n\t\t\t<a href=\"https:\/\/preprod.murailles.ch\/nos-vins\/vin-aigle-murailles-blanc\/\" class=\"link\">Entdecken<\/a>\n\t\t<\/div>\n\t<\/div>\n<\/article>\n                            \n\n<article class=\"preview-vin post-1623 page type-page status-publish hentry\">\n\t\t\t<a href=\"https:\/\/preprod.murailles.ch\/nos-vins\/vin-murailles-rose\/\" class=\"preview-img\">\n\t\t\t<img loading=\"lazy\" decoding=\"async\" width=\"283\" height=\"846\" src=\"https:\/\/preprod.murailles.ch\/wp-content\/uploads\/2023\/07\/Vin-Murailles-Rose-Henri-Badoux-Aigle-Suisse.png\" class=\"attachment-large size-large\" alt=\"Vin Murailles Ros\u00e9 Henri Badoux Aigle Suisse\" srcset=\"https:\/\/preprod.murailles.ch\/wp-content\/uploads\/2023\/07\/Vin-Murailles-Rose-Henri-Badoux-Aigle-Suisse.png 283w, https:\/\/preprod.murailles.ch\/wp-content\/uploads\/2023\/07\/Vin-Murailles-Rose-Henri-Badoux-Aigle-Suisse-100x300.png 100w\" sizes=\"(max-width: 283px) 100vw, 283px\" \/>\t\t<\/a>\n\t\n\t<div class=\"preview-content\">\n\t\t<h3 class=\"preview-title title-h4\"><a href=\"https:\/\/preprod.murailles.ch\/nos-vins\/vin-murailles-rose\/\">Murailles Ros\u00e9<\/a><\/h3>\n\n\t\t\t\t\t<p class=\"preview-category\">Vin ros\u00e9<\/p>\n\t\t\n\t\t<div class=\"preview-cta\">\n\t\t\t<a href=\"https:\/\/preprod.murailles.ch\/nos-vins\/vin-murailles-rose\/\" class=\"link\">Entdecken<\/a>\n\t\t<\/div>\n\t<\/div>\n<\/article>\n                            \n\n<article class=\"preview-vin post-1623 page type-page status-publish hentry\">\n\t\t\t<a href=\"https:\/\/preprod.murailles.ch\/nos-vins\/vin-murailles-brut\/\" class=\"preview-img\">\n\t\t\t<img loading=\"lazy\" decoding=\"async\" width=\"283\" height=\"846\" src=\"https:\/\/preprod.murailles.ch\/wp-content\/uploads\/2023\/07\/Vin-Murailles-Brut-Henri-Badoux-Aigle-Suisse.png\" class=\"attachment-large size-large\" alt=\"Bouteille de vin mousseux suisse, Murailles Brut, de la Maison Henri Badoux \u00e0 Aigle.\" srcset=\"https:\/\/preprod.murailles.ch\/wp-content\/uploads\/2023\/07\/Vin-Murailles-Brut-Henri-Badoux-Aigle-Suisse.png 283w, https:\/\/preprod.murailles.ch\/wp-content\/uploads\/2023\/07\/Vin-Murailles-Brut-Henri-Badoux-Aigle-Suisse-100x300.png 100w\" sizes=\"(max-width: 283px) 100vw, 283px\" \/>\t\t<\/a>\n\t\n\t<div class=\"preview-content\">\n\t\t<h3 class=\"preview-title title-h4\"><a href=\"https:\/\/preprod.murailles.ch\/nos-vins\/vin-murailles-brut\/\">Murailles Brut<\/a><\/h3>\n\n\t\t\t\t\t<p class=\"preview-category\">Vin mousseux<\/p>\n\t\t\n\t\t<div class=\"preview-cta\">\n\t\t\t<a href=\"https:\/\/preprod.murailles.ch\/nos-vins\/vin-murailles-brut\/\" class=\"link\">Entdecken<\/a>\n\t\t<\/div>\n\t<\/div>\n<\/article>\n                            \n\n<article class=\"preview-vin post-1623 page type-page status-publish hentry\">\n\t\t\t<a href=\"https:\/\/preprod.murailles.ch\/nos-vins\/vin-murailles-brut-rose\/\" class=\"preview-img\">\n\t\t\t<img loading=\"lazy\" decoding=\"async\" width=\"283\" height=\"846\" src=\"https:\/\/preprod.murailles.ch\/wp-content\/uploads\/2023\/07\/Vin-Murailles-Rose-Brut-Henri-Badoux-Aigle-Suisse.png\" class=\"attachment-large size-large\" alt=\"Bouteille de vin mousseux suisse Murailles Ros\u00e9 Brut, de la Maison Henri Badoux \u00e0 Aigle.\" srcset=\"https:\/\/preprod.murailles.ch\/wp-content\/uploads\/2023\/07\/Vin-Murailles-Rose-Brut-Henri-Badoux-Aigle-Suisse.png 283w, https:\/\/preprod.murailles.ch\/wp-content\/uploads\/2023\/07\/Vin-Murailles-Rose-Brut-Henri-Badoux-Aigle-Suisse-100x300.png 100w\" sizes=\"(max-width: 283px) 100vw, 283px\" \/>\t\t<\/a>\n\t\n\t<div class=\"preview-content\">\n\t\t<h3 class=\"preview-title title-h4\"><a href=\"https:\/\/preprod.murailles.ch\/nos-vins\/vin-murailles-brut-rose\/\">Murailles Brut Ros\u00e9<\/a><\/h3>\n\n\t\t\t\t\t<p class=\"preview-category\">Vin mousseux<\/p>\n\t\t\n\t\t<div class=\"preview-cta\">\n\t\t\t<a href=\"https:\/\/preprod.murailles.ch\/nos-vins\/vin-murailles-brut-rose\/\" class=\"link\">Entdecken<\/a>\n\t\t<\/div>\n\t<\/div>\n<\/article>\n                    <\/div>\n    <\/div>\n<\/section>\n\n\n\n<section class=\"gut-block gut-actualites bg-color-none\" >\n    <div class=\"wrap\">\n                    <h2 class=\"block-title title-h2\">\n                News            <\/h2>\n        \n        <div class=\"posts-list\">\n                        \n                \n\n<article class=\"preview-post post-2732 post type-post status-publish format-standard has-post-thumbnail hentry category-speisen-weine\">\n\t<a href=\"https:\/\/preprod.murailles.ch\/de\/actualites-evenements\/accord-mets-vins-chasse-2\/\" class=\"preview-img\">\n\t\t<img loading=\"lazy\" decoding=\"async\" width=\"640\" height=\"355\" src=\"https:\/\/preprod.murailles.ch\/wp-content\/uploads\/2023\/08\/henri-badoux-vin-rouge-menu-chasse-gibier-1-1024x568.jpg\" class=\"attachment-large size-large\" alt=\"Plat de chasse, viande de gibier et vin Murailles Rouge de la Maison Henri Badoux.\" srcset=\"https:\/\/preprod.murailles.ch\/wp-content\/uploads\/2023\/08\/henri-badoux-vin-rouge-menu-chasse-gibier-1-1024x568.jpg 1024w, https:\/\/preprod.murailles.ch\/wp-content\/uploads\/2023\/08\/henri-badoux-vin-rouge-menu-chasse-gibier-1-300x166.jpg 300w, https:\/\/preprod.murailles.ch\/wp-content\/uploads\/2023\/08\/henri-badoux-vin-rouge-menu-chasse-gibier-1-768x426.jpg 768w, https:\/\/preprod.murailles.ch\/wp-content\/uploads\/2023\/08\/henri-badoux-vin-rouge-menu-chasse-gibier-1.jpg 1400w\" sizes=\"(max-width: 640px) 100vw, 640px\" \/>\t<\/a>\n\n\t\t\n\t<h3 class=\"preview-title\"><a href=\"https:\/\/preprod.murailles.ch\/de\/actualites-evenements\/accord-mets-vins-chasse-2\/\">Der ideale Wein f\u00fcr Ihr Wildgericht<\/a><\/h3>\n\n\t\n\t<div class=\"preview-cta\">\n\t\t<a href=\"https:\/\/preprod.murailles.ch\/de\/actualites-evenements\/accord-mets-vins-chasse-2\/\" class=\"btn btn-small btn-stroke\">Artikel lesen<\/a>\n\t<\/div>\n<\/article>\n\n\n<article class=\"preview-post post-2153 post type-post status-publish format-standard has-post-thumbnail hentry category-speisen-weine\">\n\t<a href=\"https:\/\/preprod.murailles.ch\/de\/actualites-evenements\/accord-mets-vins-chasse\/\" class=\"preview-img\">\n\t\t<img loading=\"lazy\" decoding=\"async\" width=\"640\" height=\"355\" src=\"https:\/\/preprod.murailles.ch\/wp-content\/uploads\/2023\/08\/henri-badoux-vin-rouge-menu-chasse-gibier-1-1024x568.jpg\" class=\"attachment-large size-large\" alt=\"Plat de chasse, viande de gibier et vin Murailles Rouge de la Maison Henri Badoux.\" srcset=\"https:\/\/preprod.murailles.ch\/wp-content\/uploads\/2023\/08\/henri-badoux-vin-rouge-menu-chasse-gibier-1-1024x568.jpg 1024w, https:\/\/preprod.murailles.ch\/wp-content\/uploads\/2023\/08\/henri-badoux-vin-rouge-menu-chasse-gibier-1-300x166.jpg 300w, https:\/\/preprod.murailles.ch\/wp-content\/uploads\/2023\/08\/henri-badoux-vin-rouge-menu-chasse-gibier-1-768x426.jpg 768w, https:\/\/preprod.murailles.ch\/wp-content\/uploads\/2023\/08\/henri-badoux-vin-rouge-menu-chasse-gibier-1.jpg 1400w\" sizes=\"(max-width: 640px) 100vw, 640px\" \/>\t<\/a>\n\n\t\t\n\t<h3 class=\"preview-title\"><a href=\"https:\/\/preprod.murailles.ch\/de\/actualites-evenements\/accord-mets-vins-chasse\/\">Der ideale Wein f\u00fcr Ihr Wildgericht<\/a><\/h3>\n\n\t\n\t<div class=\"preview-cta\">\n\t\t<a href=\"https:\/\/preprod.murailles.ch\/de\/actualites-evenements\/accord-mets-vins-chasse\/\" class=\"btn btn-small btn-stroke\">Artikel lesen<\/a>\n\t<\/div>\n<\/article>\n\n\n<article class=\"preview-post post-1635 post type-post status-publish format-standard has-post-thumbnail hentry category-leben-im-keller\">\n\t<a href=\"https:\/\/preprod.murailles.ch\/de\/actualites-evenements\/vendanges-murailles\/\" class=\"preview-img\">\n\t\t<img loading=\"lazy\" decoding=\"async\" width=\"640\" height=\"426\" src=\"https:\/\/preprod.murailles.ch\/wp-content\/uploads\/2023\/08\/vignoble-murailles-henri-badoux-aigle-climat.jpg\" class=\"attachment-large size-large\" alt=\"Vendangeurs dans le vignoble du Clos des Murailles \u00e0 Aigle, propri\u00e9t\u00e9 de la Maison Henri Badoux.\" srcset=\"https:\/\/preprod.murailles.ch\/wp-content\/uploads\/2023\/08\/vignoble-murailles-henri-badoux-aigle-climat.jpg 800w, https:\/\/preprod.murailles.ch\/wp-content\/uploads\/2023\/08\/vignoble-murailles-henri-badoux-aigle-climat-300x200.jpg 300w, https:\/\/preprod.murailles.ch\/wp-content\/uploads\/2023\/08\/vignoble-murailles-henri-badoux-aigle-climat-768x512.jpg 768w\" sizes=\"(max-width: 640px) 100vw, 640px\" \/>\t<\/a>\n\n\t\t\n\t<h3 class=\"preview-title\"><a href=\"https:\/\/preprod.murailles.ch\/de\/actualites-evenements\/vendanges-murailles\/\">Auf geht&#8217;s zur Weinlese<\/a><\/h3>\n\n\t\n\t<div class=\"preview-cta\">\n\t\t<a href=\"https:\/\/preprod.murailles.ch\/de\/actualites-evenements\/vendanges-murailles\/\" class=\"btn btn-small btn-stroke\">Artikel lesen<\/a>\n\t<\/div>\n<\/article>\n\n                    <\/div>\n\n            <\/div>\n<\/section>","protected":false},"excerpt":{"rendered":"","protected":false},"author":1,"featured_media":0,"parent":0,"menu_order":0,"comment_status":"closed","ping_status":"closed","template":"","meta":{"_acf_changed":false,"inline_featured_image":false,"footnotes":""},"acf":[],"yoast_head":"<!-- This site is optimized with the Yoast SEO plugin v24.5 - https:\/\/yoast.com\/wordpress\/plugins\/seo\/ -->\n<title>5 vins Murailles<\/title>\n<meta name=\"description\" content=\"D\u00e9couvrez les 5 vins suisses de la marque iconique Murailles de la Maison Henri Badoux \u00e0 Aigle,\" \/>\n<meta name=\"robots\" content=\"noindex, follow, max-snippet:-1, max-image-preview:large, max-video-preview:-1\" \/>\n<meta property=\"og:locale\" content=\"de_DE\" \/>\n<meta property=\"og:type\" content=\"article\" \/>\n<meta property=\"og:title\" content=\"5 vins Murailles\" \/>\n<meta property=\"og:description\" content=\"D\u00e9couvrez les 5 vins suisses de la marque iconique Murailles de la Maison Henri Badoux \u00e0 Aigle,\" \/>\n<meta property=\"og:url\" content=\"https:\/\/preprod.murailles.ch\/de\/vins-murailles\/\" \/>\n<meta property=\"og:site_name\" content=\"Murailles\" \/>\n<meta property=\"article:modified_time\" content=\"2023-09-28T14:10:06+00:00\" \/>\n<meta name=\"twitter:card\" content=\"summary_large_image\" \/>\n<script type=\"application\/ld+json\" class=\"yoast-schema-graph\">{\"@context\":\"https:\/\/schema.org\",\"@graph\":[{\"@type\":\"WebPage\",\"@id\":\"https:\/\/preprod.murailles.ch\/de\/vins-murailles\/\",\"url\":\"https:\/\/preprod.murailles.ch\/de\/vins-murailles\/\",\"name\":\"5 vins Murailles\",\"isPartOf\":{\"@id\":\"https:\/\/preprod.murailles.ch\/de\/#website\"},\"datePublished\":\"2023-06-26T09:41:06+00:00\",\"dateModified\":\"2023-09-28T14:10:06+00:00\",\"description\":\"D\u00e9couvrez les 5 vins suisses de la marque iconique Murailles de la Maison Henri Badoux \u00e0 Aigle,\",\"breadcrumb\":{\"@id\":\"https:\/\/preprod.murailles.ch\/de\/vins-murailles\/#breadcrumb\"},\"inLanguage\":\"de\",\"potentialAction\":[{\"@type\":\"ReadAction\",\"target\":[\"https:\/\/preprod.murailles.ch\/de\/vins-murailles\/\"]}]},{\"@type\":\"BreadcrumbList\",\"@id\":\"https:\/\/preprod.murailles.ch\/de\/vins-murailles\/#breadcrumb\",\"itemListElement\":[{\"@type\":\"ListItem\",\"position\":1,\"name\":\"Accueil\",\"item\":\"https:\/\/preprod.murailles.ch\/de\/\"},{\"@type\":\"ListItem\",\"position\":2,\"name\":\"Unsere Weine\"}]},{\"@type\":\"WebSite\",\"@id\":\"https:\/\/preprod.murailles.ch\/de\/#website\",\"url\":\"https:\/\/preprod.murailles.ch\/de\/\",\"name\":\"Murailles\",\"description\":\"\",\"publisher\":{\"@id\":\"https:\/\/preprod.murailles.ch\/de\/#organization\"},\"potentialAction\":[{\"@type\":\"SearchAction\",\"target\":{\"@type\":\"EntryPoint\",\"urlTemplate\":\"https:\/\/preprod.murailles.ch\/de\/?s={search_term_string}\"},\"query-input\":{\"@type\":\"PropertyValueSpecification\",\"valueRequired\":true,\"valueName\":\"search_term_string\"}}],\"inLanguage\":\"de\"},{\"@type\":\"Organization\",\"@id\":\"https:\/\/preprod.murailles.ch\/de\/#organization\",\"name\":\"Murailles\",\"url\":\"https:\/\/preprod.murailles.ch\/de\/\",\"logo\":{\"@type\":\"ImageObject\",\"inLanguage\":\"de\",\"@id\":\"https:\/\/preprod.murailles.ch\/de\/#\/schema\/logo\/image\/\",\"url\":\"https:\/\/preprod.murailles.ch\/wp-content\/uploads\/2023\/06\/logo-murailles.svg\",\"contentUrl\":\"https:\/\/preprod.murailles.ch\/wp-content\/uploads\/2023\/06\/logo-murailles.svg\",\"width\":119,\"height\":40,\"caption\":\"Murailles\"},\"image\":{\"@id\":\"https:\/\/preprod.murailles.ch\/de\/#\/schema\/logo\/image\/\"}}]}<\/script>\n<!-- \/ Yoast SEO plugin. -->","yoast_head_json":{"title":"5 vins Murailles","description":"D\u00e9couvrez les 5 vins suisses de la marque iconique Murailles de la Maison Henri Badoux \u00e0 Aigle,","robots":{"index":"noindex","follow":"follow","max-snippet":"max-snippet:-1","max-image-preview":"max-image-preview:large","max-video-preview":"max-video-preview:-1"},"og_locale":"de_DE","og_type":"article","og_title":"5 vins Murailles","og_description":"D\u00e9couvrez les 5 vins suisses de la marque iconique Murailles de la Maison Henri Badoux \u00e0 Aigle,","og_url":"https:\/\/preprod.murailles.ch\/de\/vins-murailles\/","og_site_name":"Murailles","article_modified_time":"2023-09-28T14:10:06+00:00","twitter_card":"summary_large_image","schema":{"@context":"https:\/\/schema.org","@graph":[{"@type":"WebPage","@id":"https:\/\/preprod.murailles.ch\/de\/vins-murailles\/","url":"https:\/\/preprod.murailles.ch\/de\/vins-murailles\/","name":"5 vins Murailles","isPartOf":{"@id":"https:\/\/preprod.murailles.ch\/de\/#website"},"datePublished":"2023-06-26T09:41:06+00:00","dateModified":"2023-09-28T14:10:06+00:00","description":"D\u00e9couvrez les 5 vins suisses de la marque iconique Murailles de la Maison Henri Badoux \u00e0 Aigle,","breadcrumb":{"@id":"https:\/\/preprod.murailles.ch\/de\/vins-murailles\/#breadcrumb"},"inLanguage":"de","potentialAction":[{"@type":"ReadAction","target":["https:\/\/preprod.murailles.ch\/de\/vins-murailles\/"]}]},{"@type":"BreadcrumbList","@id":"https:\/\/preprod.murailles.ch\/de\/vins-murailles\/#breadcrumb","itemListElement":[{"@type":"ListItem","position":1,"name":"Accueil","item":"https:\/\/preprod.murailles.ch\/de\/"},{"@type":"ListItem","position":2,"name":"Unsere Weine"}]},{"@type":"WebSite","@id":"https:\/\/preprod.murailles.ch\/de\/#website","url":"https:\/\/preprod.murailles.ch\/de\/","name":"Murailles","description":"","publisher":{"@id":"https:\/\/preprod.murailles.ch\/de\/#organization"},"potentialAction":[{"@type":"SearchAction","target":{"@type":"EntryPoint","urlTemplate":"https:\/\/preprod.murailles.ch\/de\/?s={search_term_string}"},"query-input":{"@type":"PropertyValueSpecification","valueRequired":true,"valueName":"search_term_string"}}],"inLanguage":"de"},{"@type":"Organization","@id":"https:\/\/preprod.murailles.ch\/de\/#organization","name":"Murailles","url":"https:\/\/preprod.murailles.ch\/de\/","logo":{"@type":"ImageObject","inLanguage":"de","@id":"https:\/\/preprod.murailles.ch\/de\/#\/schema\/logo\/image\/","url":"https:\/\/preprod.murailles.ch\/wp-content\/uploads\/2023\/06\/logo-murailles.svg","contentUrl":"https:\/\/preprod.murailles.ch\/wp-content\/uploads\/2023\/06\/logo-murailles.svg","width":119,"height":40,"caption":"Murailles"},"image":{"@id":"https:\/\/preprod.murailles.ch\/de\/#\/schema\/logo\/image\/"}}]}},"_links":{"self":[{"href":"https:\/\/preprod.murailles.ch\/de\/wp-json\/wp\/v2\/pages\/1623"}],"collection":[{"href":"https:\/\/preprod.murailles.ch\/de\/wp-json\/wp\/v2\/pages"}],"about":[{"href":"https:\/\/preprod.murailles.ch\/de\/wp-json\/wp\/v2\/types\/page"}],"author":[{"embeddable":true,"href":"https:\/\/preprod.murailles.ch\/de\/wp-json\/wp\/v2\/users\/1"}],"replies":[{"embeddable":true,"href":"https:\/\/preprod.murailles.ch\/de\/wp-json\/wp\/v2\/comments?post=1623"}],"version-history":[{"count":9,"href":"https:\/\/preprod.murailles.ch\/de\/wp-json\/wp\/v2\/pages\/1623\/revisions"}],"predecessor-version":[{"id":2580,"href":"https:\/\/preprod.murailles.ch\/de\/wp-json\/wp\/v2\/pages\/1623\/revisions\/2580"}],"wp:attachment":[{"href":"https:\/\/preprod.murailles.ch\/de\/wp-json\/wp\/v2\/media?parent=1623"}],"curies":[{"name":"wp","href":"https:\/\/api.w.org\/{rel}","templated":true}]}}