{"id":1621,"date":"2023-06-28T14:06:55","date_gmt":"2023-06-28T12:06:55","guid":{"rendered":"https:\/\/preprod.murailles.ch\/notre-marque\/vignoble-des-murailles\/"},"modified":"2023-09-28T16:01:57","modified_gmt":"2023-09-28T14:01:57","slug":"vignoble-des-murailles","status":"publish","type":"page","link":"https:\/\/preprod.murailles.ch\/de\/notre-marque\/vignoble-des-murailles\/","title":{"rendered":"Die Reblage Murailles"},"content":{"rendered":"\n\n<section class=\"gut-block gut-hero bg-color-none \" >\n        \n    <div class=\"wrap\">\n        <ul class=\"breadcrumb\">\n    <li>\n        <a href=\"https:\/\/preprod.murailles.ch\/de\/\">Murailles Weine<\/a>\n    <\/li>\n\n            <li>\n            <a href=\"https:\/\/preprod.murailles.ch\/de\/notre-marque\/\">Die Marke Murailles<\/a>\n        <\/li>\n    \n    \n    <li>\n        <span class=\"current\">Die Reblage Murailles<\/span>\n    <\/li>\n<\/ul>        \n        <div class=\"content\">\n            <h1 class=\"block-title title-h1\">\n                                    Die Reblage Murailles                            <\/h1>\n\n            \n                            <div class=\"block-intro wysiwyg-content\">\n                    <p>Die <strong>Rebterrassen<\/strong> von Les Murailles pr\u00e4gen mit ihrer eindrucksvollen Pr\u00e4senz das Zentrum des <strong>Waadtl\u00e4nder Chablais<\/strong>. In dieser wunderbaren Gegend befindet sich die Wiege des legend\u00e4ren Chasselas Aigle les Murailles.<\/p>\n<p>Der terrassenf\u00f6rmig angelegte <strong>Weinberg<\/strong> ist mit Trockensteinmauern durchbrochen. Die <strong>Trauben<\/strong> profitieren von der sonnenverw\u00f6hnten S\u00fcdlage und dem milden Klima, das vom im Rhonetal typischen, warmen F\u00f6hnwind herr\u00fchrt.<\/p>\n                <\/div>\n            \n                    <\/div>\n    <\/div>\n<\/section>\n\n\n\n<section class=\"gut-block gut-contenu-50-50 disposition-right bg-color-none\" >\n            <div class=\"img\">\n            <img loading=\"lazy\" decoding=\"async\" width=\"950\" height=\"650\" src=\"https:\/\/preprod.murailles.ch\/wp-content\/uploads\/2023\/08\/vignoble-henri-badoux-aigle-murailles-closjpg.jpg\" class=\"attachment-banner size-banner\" alt=\"Vignoble du vin des Murailles \u00e0 Aigle, d&#039;Henri Badoux, vigne en terrasses, entrecoup\u00e9es de mur en pierre s\u00e8che\" srcset=\"https:\/\/preprod.murailles.ch\/wp-content\/uploads\/2023\/08\/vignoble-henri-badoux-aigle-murailles-closjpg.jpg 950w, https:\/\/preprod.murailles.ch\/wp-content\/uploads\/2023\/08\/vignoble-henri-badoux-aigle-murailles-closjpg-300x205.jpg 300w, https:\/\/preprod.murailles.ch\/wp-content\/uploads\/2023\/08\/vignoble-henri-badoux-aigle-murailles-closjpg-768x525.jpg 768w\" sizes=\"(max-width: 950px) 100vw, 950px\" \/>        <\/div>\n    \n    <div class=\"content\">\n                    <h2 class=\"block-title title-h2\">\n                Eine einmalige Hanglage            <\/h2>\n        \n                    <div class=\"block-texte wysiwyg-content light\">\n                <p>Die 1908 von Henri Badoux erworbene Reblage ist seit 1834 im Grundbuch der Stadt <strong>Aigle<\/strong> eingetragen. Die uneingeschr\u00e4nkte Ausrichtung nach S\u00fcden, der Einfluss des <strong>F\u00f6hns<\/strong> (warmer Fallwind aus dem Rhonetal) und die Trockensteinmauern bilden in Kombination ein opulentes Terroir f\u00fcr den Anbau des Chasselas.<\/p>\n<p>Zu jeder Jahreszeit sind die <strong>Winzer<\/strong> unterwegs auf den Pfaden von Les Murailles und k\u00fcmmern sich um den <strong>Weinberg<\/strong>. W\u00e4hrend der gesamten vegetativen Entwicklung der Reben arbeiten sie mit gr\u00f6sster Sorgfalt. Zu ihren Aufgaben z\u00e4hlen unter anderem das Entknospen, das Auslauben und die Weinlese.<\/p>\n<p>&nbsp;<\/p>\n            <\/div>\n        \n            <\/div>\n<\/section>\n\n\n\n<section class=\"gut-block gut-contenu-50-50 disposition-left bg-color-vert\" >\n            <div class=\"img\">\n            <img loading=\"lazy\" decoding=\"async\" width=\"800\" height=\"533\" src=\"https:\/\/preprod.murailles.ch\/wp-content\/uploads\/2023\/08\/vignoble-murailles-henri-badoux-aigle-climat.jpg\" class=\"attachment-banner size-banner\" alt=\"Vendangeurs dans le vignoble du Clos des Murailles \u00e0 Aigle, propri\u00e9t\u00e9 de la Maison Henri Badoux.\" srcset=\"https:\/\/preprod.murailles.ch\/wp-content\/uploads\/2023\/08\/vignoble-murailles-henri-badoux-aigle-climat.jpg 800w, https:\/\/preprod.murailles.ch\/wp-content\/uploads\/2023\/08\/vignoble-murailles-henri-badoux-aigle-climat-300x200.jpg 300w, https:\/\/preprod.murailles.ch\/wp-content\/uploads\/2023\/08\/vignoble-murailles-henri-badoux-aigle-climat-768x512.jpg 768w\" sizes=\"(max-width: 800px) 100vw, 800px\" \/>        <\/div>\n    \n    <div class=\"content\">\n                    <h2 class=\"block-title title-h2\">\n                Klima            <\/h2>\n        \n                    <div class=\"block-texte wysiwyg-content light\">\n                <p>Aufgrund des <strong>F\u00f6hngebiets<\/strong> herrscht in der Reblage Les Murailles ein sehr mildes Klima. Dank seiner Orientierung nach S\u00fcden ist der Hang vor Nordwinden gesch\u00fctzt und besonders sonnenverw\u00f6hnt.<\/p>\n            <\/div>\n        \n            <\/div>\n<\/section>\n\n\n\n<section class=\"gut-block gut-contenu-50-50 disposition-right bg-color-vert\" >\n            <div class=\"img\">\n            <img loading=\"lazy\" decoding=\"async\" width=\"800\" height=\"449\" src=\"https:\/\/preprod.murailles.ch\/wp-content\/uploads\/2023\/08\/vignoble-murailles-henri-badoux-aigle-topographie.jpg\" class=\"attachment-banner size-banner\" alt=\"Vignoble des vins des Murailles \u00e0 Aigle, avec ses murs en pierres s\u00e8ches.\" srcset=\"https:\/\/preprod.murailles.ch\/wp-content\/uploads\/2023\/08\/vignoble-murailles-henri-badoux-aigle-topographie.jpg 800w, https:\/\/preprod.murailles.ch\/wp-content\/uploads\/2023\/08\/vignoble-murailles-henri-badoux-aigle-topographie-300x168.jpg 300w, https:\/\/preprod.murailles.ch\/wp-content\/uploads\/2023\/08\/vignoble-murailles-henri-badoux-aigle-topographie-768x431.jpg 768w\" sizes=\"(max-width: 800px) 100vw, 800px\" \/>        <\/div>\n    \n    <div class=\"content\">\n                    <h2 class=\"block-title title-h2\">\n                Topografie            <\/h2>\n        \n                    <div class=\"block-texte wysiwyg-content light\">\n                <p>Die Reblage Les Murailles ist durch aussergew\u00f6hnlich steile <strong>Terrassen<\/strong> gekennzeichnet. Diese Topografie erm\u00f6glicht eine sehr intensive Sonneneinstrahlung und profitiert von einer langen Sonnenscheindauer.<\/p>\n<p>&nbsp;<\/p>\n            <\/div>\n        \n            <\/div>\n<\/section>\n\n\n\n<section class=\"gut-block gut-contenu-50-50 disposition-left bg-color-vert\" >\n            <div class=\"img\">\n            <img loading=\"lazy\" decoding=\"async\" width=\"800\" height=\"451\" src=\"https:\/\/preprod.murailles.ch\/wp-content\/uploads\/2023\/08\/vignoble-murailles-henri-badoux-aigle-sol.jpg\" class=\"attachment-banner size-banner\" alt=\"Sol des vignes des Murailles au printemps.\" srcset=\"https:\/\/preprod.murailles.ch\/wp-content\/uploads\/2023\/08\/vignoble-murailles-henri-badoux-aigle-sol.jpg 800w, https:\/\/preprod.murailles.ch\/wp-content\/uploads\/2023\/08\/vignoble-murailles-henri-badoux-aigle-sol-300x169.jpg 300w, https:\/\/preprod.murailles.ch\/wp-content\/uploads\/2023\/08\/vignoble-murailles-henri-badoux-aigle-sol-768x433.jpg 768w\" sizes=\"(max-width: 800px) 100vw, 800px\" \/>        <\/div>\n    \n    <div class=\"content\">\n                    <h2 class=\"block-title title-h2\">\n                Boden            <\/h2>\n        \n                    <div class=\"block-texte wysiwyg-content light\">\n                <p>Der Boden von <strong>Clos de Murailles<\/strong> besteht aus einstigen Gletschermor\u00e4nen. Der Chasselas bringt das vorhandene Terroir wie keine andere Rebsorte zum Ausdruck und ist die Basis f\u00fcr einen k\u00f6rperreichen und fruchtigen Weisswein.<\/p>\n            <\/div>\n        \n            <\/div>\n<\/section>\n\n\n\n<section class=\"gut-block gut-temoignage bg-color-none\" >\n    <div class=\"wrap\">\n                    <h2 class=\"block-title title-h2\">\n                Der Schutz der gr\u00fcnen Eidechse            <\/h2>\n                \n        <div class=\"container\">\n                            <div class=\"img\">\n                    <img loading=\"lazy\" decoding=\"async\" width=\"500\" height=\"300\" src=\"https:\/\/preprod.murailles.ch\/wp-content\/uploads\/2023\/08\/vignoble-henri-badoux-aigle-murailles-sauvegarde-lezard-vert-e1691422310983.jpg\" class=\"attachment-banner size-banner\" alt=\"Le l\u00e9zard vert dans le vignoble du Clos des Murailles \u00e0 Aigle.\" srcset=\"https:\/\/preprod.murailles.ch\/wp-content\/uploads\/2023\/08\/vignoble-henri-badoux-aigle-murailles-sauvegarde-lezard-vert-e1691422310983.jpg 500w, https:\/\/preprod.murailles.ch\/wp-content\/uploads\/2023\/08\/vignoble-henri-badoux-aigle-murailles-sauvegarde-lezard-vert-e1691422310983-300x180.jpg 300w\" sizes=\"(max-width: 500px) 100vw, 500px\" \/>                <\/div>\n            \n                            <div class=\"content\">\n                                            <div class=\"block-intro wysiwyg-content\">\n                            <p>Die gr\u00fcne <strong>Eidechse<\/strong> ist das Markenzeichen des Maison Henri Badoux. In seiner heutigen Form bedroht der Weinanbau den nat\u00fcrlichen Lebensraum dieser Tiere. Seit einigen Jahren setzt sich das Maison <strong>Henri Badoux<\/strong> f\u00fcr den Erhalt und die Wiederherstellung ihres Lebensumfelds ein.<\/p>\n<p>In diesem Zusammenhang kooperiert man bei Henri Badoux mit Herpetologen sowie mit Vertretern der Forstverwaltungen der <strong>Stadt Aigle und des Kantons Waadt<\/strong>. Anhand j\u00e4hrlicher Z\u00e4hlungen kann der Reptilienbestand erfasst und die Bestandsentwicklung kontrolliert werden.<\/p>\n<p>Derzeit leben mehrere Kolonien im Randbereich einer Parzelle. Mittelfristig wird sich die unverwechselbare Eidechse erneut im gr\u00fcnen Herzen des <strong>Weinbergs<\/strong> ansiedeln und damit zu einer Bereicherung der biologischen Vielfalt im Weinanbau beitragen.<\/p>\n                        <\/div>\n                    \n                                    <\/div>\n                    <\/div>\n    <\/div>\n<\/section>","protected":false},"excerpt":{"rendered":"","protected":false},"author":1,"featured_media":0,"parent":779,"menu_order":0,"comment_status":"closed","ping_status":"closed","template":"","meta":{"_acf_changed":false,"inline_featured_image":false,"footnotes":""},"acf":[],"yoast_head":"<!-- This site is optimized with the Yoast SEO plugin v24.5 - https:\/\/yoast.com\/wordpress\/plugins\/seo\/ -->\n<title>Le vignoble des Murailles \u00e0 Aigle<\/title>\n<meta name=\"description\" content=\"Retrouvez toutes les informations sur les vignes des Murailles, \u00e0 Aigle. Le vignoble de Chasselas est plant\u00e9 en terrasse, entrecoup\u00e9 de murs en pierres s\u00e8ches.\" \/>\n<meta name=\"robots\" content=\"noindex, follow, max-snippet:-1, max-image-preview:large, max-video-preview:-1\" \/>\n<meta property=\"og:locale\" content=\"de_DE\" \/>\n<meta property=\"og:type\" content=\"article\" \/>\n<meta property=\"og:title\" content=\"Le vignoble des Murailles \u00e0 Aigle\" \/>\n<meta property=\"og:description\" content=\"Retrouvez toutes les informations sur les vignes des Murailles, \u00e0 Aigle. Le vignoble de Chasselas est plant\u00e9 en terrasse, entrecoup\u00e9 de murs en pierres s\u00e8ches.\" \/>\n<meta property=\"og:url\" content=\"https:\/\/preprod.murailles.ch\/de\/notre-marque\/vignoble-des-murailles\/\" \/>\n<meta property=\"og:site_name\" content=\"Murailles\" \/>\n<meta property=\"article:modified_time\" content=\"2023-09-28T14:01:57+00:00\" \/>\n<meta name=\"twitter:card\" content=\"summary_large_image\" \/>\n<script type=\"application\/ld+json\" class=\"yoast-schema-graph\">{\"@context\":\"https:\/\/schema.org\",\"@graph\":[{\"@type\":\"WebPage\",\"@id\":\"https:\/\/preprod.murailles.ch\/de\/notre-marque\/vignoble-des-murailles\/\",\"url\":\"https:\/\/preprod.murailles.ch\/de\/notre-marque\/vignoble-des-murailles\/\",\"name\":\"Le vignoble des Murailles \u00e0 Aigle\",\"isPartOf\":{\"@id\":\"https:\/\/preprod.murailles.ch\/de\/#website\"},\"datePublished\":\"2023-06-28T12:06:55+00:00\",\"dateModified\":\"2023-09-28T14:01:57+00:00\",\"description\":\"Retrouvez toutes les informations sur les vignes des Murailles, \u00e0 Aigle. Le vignoble de Chasselas est plant\u00e9 en terrasse, entrecoup\u00e9 de murs en pierres s\u00e8ches.\",\"breadcrumb\":{\"@id\":\"https:\/\/preprod.murailles.ch\/de\/notre-marque\/vignoble-des-murailles\/#breadcrumb\"},\"inLanguage\":\"de\",\"potentialAction\":[{\"@type\":\"ReadAction\",\"target\":[\"https:\/\/preprod.murailles.ch\/de\/notre-marque\/vignoble-des-murailles\/\"]}]},{\"@type\":\"BreadcrumbList\",\"@id\":\"https:\/\/preprod.murailles.ch\/de\/notre-marque\/vignoble-des-murailles\/#breadcrumb\",\"itemListElement\":[{\"@type\":\"ListItem\",\"position\":1,\"name\":\"Accueil\",\"item\":\"https:\/\/preprod.murailles.ch\/de\/\"},{\"@type\":\"ListItem\",\"position\":2,\"name\":\"Die Marke Murailles\",\"item\":\"https:\/\/preprod.murailles.ch\/de\/notre-marque\/\"},{\"@type\":\"ListItem\",\"position\":3,\"name\":\"Die Reblage Murailles\"}]},{\"@type\":\"WebSite\",\"@id\":\"https:\/\/preprod.murailles.ch\/de\/#website\",\"url\":\"https:\/\/preprod.murailles.ch\/de\/\",\"name\":\"Murailles\",\"description\":\"\",\"publisher\":{\"@id\":\"https:\/\/preprod.murailles.ch\/de\/#organization\"},\"potentialAction\":[{\"@type\":\"SearchAction\",\"target\":{\"@type\":\"EntryPoint\",\"urlTemplate\":\"https:\/\/preprod.murailles.ch\/de\/?s={search_term_string}\"},\"query-input\":{\"@type\":\"PropertyValueSpecification\",\"valueRequired\":true,\"valueName\":\"search_term_string\"}}],\"inLanguage\":\"de\"},{\"@type\":\"Organization\",\"@id\":\"https:\/\/preprod.murailles.ch\/de\/#organization\",\"name\":\"Murailles\",\"url\":\"https:\/\/preprod.murailles.ch\/de\/\",\"logo\":{\"@type\":\"ImageObject\",\"inLanguage\":\"de\",\"@id\":\"https:\/\/preprod.murailles.ch\/de\/#\/schema\/logo\/image\/\",\"url\":\"https:\/\/preprod.murailles.ch\/wp-content\/uploads\/2023\/06\/logo-murailles.svg\",\"contentUrl\":\"https:\/\/preprod.murailles.ch\/wp-content\/uploads\/2023\/06\/logo-murailles.svg\",\"width\":119,\"height\":40,\"caption\":\"Murailles\"},\"image\":{\"@id\":\"https:\/\/preprod.murailles.ch\/de\/#\/schema\/logo\/image\/\"}}]}<\/script>\n<!-- \/ Yoast SEO plugin. -->","yoast_head_json":{"title":"Le vignoble des Murailles \u00e0 Aigle","description":"Retrouvez toutes les informations sur les vignes des Murailles, \u00e0 Aigle. Le vignoble de Chasselas est plant\u00e9 en terrasse, entrecoup\u00e9 de murs en pierres s\u00e8ches.","robots":{"index":"noindex","follow":"follow","max-snippet":"max-snippet:-1","max-image-preview":"max-image-preview:large","max-video-preview":"max-video-preview:-1"},"og_locale":"de_DE","og_type":"article","og_title":"Le vignoble des Murailles \u00e0 Aigle","og_description":"Retrouvez toutes les informations sur les vignes des Murailles, \u00e0 Aigle. Le vignoble de Chasselas est plant\u00e9 en terrasse, entrecoup\u00e9 de murs en pierres s\u00e8ches.","og_url":"https:\/\/preprod.murailles.ch\/de\/notre-marque\/vignoble-des-murailles\/","og_site_name":"Murailles","article_modified_time":"2023-09-28T14:01:57+00:00","twitter_card":"summary_large_image","schema":{"@context":"https:\/\/schema.org","@graph":[{"@type":"WebPage","@id":"https:\/\/preprod.murailles.ch\/de\/notre-marque\/vignoble-des-murailles\/","url":"https:\/\/preprod.murailles.ch\/de\/notre-marque\/vignoble-des-murailles\/","name":"Le vignoble des Murailles \u00e0 Aigle","isPartOf":{"@id":"https:\/\/preprod.murailles.ch\/de\/#website"},"datePublished":"2023-06-28T12:06:55+00:00","dateModified":"2023-09-28T14:01:57+00:00","description":"Retrouvez toutes les informations sur les vignes des Murailles, \u00e0 Aigle. Le vignoble de Chasselas est plant\u00e9 en terrasse, entrecoup\u00e9 de murs en pierres s\u00e8ches.","breadcrumb":{"@id":"https:\/\/preprod.murailles.ch\/de\/notre-marque\/vignoble-des-murailles\/#breadcrumb"},"inLanguage":"de","potentialAction":[{"@type":"ReadAction","target":["https:\/\/preprod.murailles.ch\/de\/notre-marque\/vignoble-des-murailles\/"]}]},{"@type":"BreadcrumbList","@id":"https:\/\/preprod.murailles.ch\/de\/notre-marque\/vignoble-des-murailles\/#breadcrumb","itemListElement":[{"@type":"ListItem","position":1,"name":"Accueil","item":"https:\/\/preprod.murailles.ch\/de\/"},{"@type":"ListItem","position":2,"name":"Die Marke Murailles","item":"https:\/\/preprod.murailles.ch\/de\/notre-marque\/"},{"@type":"ListItem","position":3,"name":"Die Reblage Murailles"}]},{"@type":"WebSite","@id":"https:\/\/preprod.murailles.ch\/de\/#website","url":"https:\/\/preprod.murailles.ch\/de\/","name":"Murailles","description":"","publisher":{"@id":"https:\/\/preprod.murailles.ch\/de\/#organization"},"potentialAction":[{"@type":"SearchAction","target":{"@type":"EntryPoint","urlTemplate":"https:\/\/preprod.murailles.ch\/de\/?s={search_term_string}"},"query-input":{"@type":"PropertyValueSpecification","valueRequired":true,"valueName":"search_term_string"}}],"inLanguage":"de"},{"@type":"Organization","@id":"https:\/\/preprod.murailles.ch\/de\/#organization","name":"Murailles","url":"https:\/\/preprod.murailles.ch\/de\/","logo":{"@type":"ImageObject","inLanguage":"de","@id":"https:\/\/preprod.murailles.ch\/de\/#\/schema\/logo\/image\/","url":"https:\/\/preprod.murailles.ch\/wp-content\/uploads\/2023\/06\/logo-murailles.svg","contentUrl":"https:\/\/preprod.murailles.ch\/wp-content\/uploads\/2023\/06\/logo-murailles.svg","width":119,"height":40,"caption":"Murailles"},"image":{"@id":"https:\/\/preprod.murailles.ch\/de\/#\/schema\/logo\/image\/"}}]}},"_links":{"self":[{"href":"https:\/\/preprod.murailles.ch\/de\/wp-json\/wp\/v2\/pages\/1621"}],"collection":[{"href":"https:\/\/preprod.murailles.ch\/de\/wp-json\/wp\/v2\/pages"}],"about":[{"href":"https:\/\/preprod.murailles.ch\/de\/wp-json\/wp\/v2\/types\/page"}],"author":[{"embeddable":true,"href":"https:\/\/preprod.murailles.ch\/de\/wp-json\/wp\/v2\/users\/1"}],"replies":[{"embeddable":true,"href":"https:\/\/preprod.murailles.ch\/de\/wp-json\/wp\/v2\/comments?post=1621"}],"version-history":[{"count":11,"href":"https:\/\/preprod.murailles.ch\/de\/wp-json\/wp\/v2\/pages\/1621\/revisions"}],"predecessor-version":[{"id":2577,"href":"https:\/\/preprod.murailles.ch\/de\/wp-json\/wp\/v2\/pages\/1621\/revisions\/2577"}],"up":[{"embeddable":true,"href":"https:\/\/preprod.murailles.ch\/de\/wp-json\/wp\/v2\/pages\/779"}],"wp:attachment":[{"href":"https:\/\/preprod.murailles.ch\/de\/wp-json\/wp\/v2\/media?parent=1621"}],"curies":[{"name":"wp","href":"https:\/\/api.w.org\/{rel}","templated":true}]}}